{"id":2358,"date":"2011-05-31T10:48:27","date_gmt":"2011-05-31T10:48:27","guid":{"rendered":"http:\/\/www.energy-healing-ghata.com\/?page_id=2358"},"modified":"2014-05-09T12:37:58","modified_gmt":"2014-05-09T12:37:58","slug":"about-ghata","status":"publish","type":"page","link":"https:\/\/www.energy-healing-ghata.com\/de\/about-ghata\/","title":{"rendered":"\u00dcber Ghata"},"content":{"rendered":"<p>[et_pb_section fullwidth=&#8220;off&#8220;][et_pb_row][et_pb_column type=&#8220;3_4&#8243;][et_pb_text admin_label=&#8220;Text&#8220; background_layout=&#8220;light&#8220; text_orientation=&#8220;left&#8220;]<\/p>\n<h1>\u00dcber Ghata<\/h1>\n<p>Ghata Iris Engels ist eine der seltenen Menschen, die ihre Arbeit lebt und verk\u00f6rpert, wo auch immer man ihr begegnet. Sie hat eine lichtvolle und positive Ausstrahlung und kommuniziert offen und ehrlich, ohne sich zu verstellen. Sie redet ebenso klar \u00fcber ihre positiven Qualit\u00e4ten als auch \u00fcber ihre Schatten und inspiriert durch das Vorleben ihrer \u00dcberzeugungen.<\/p>\n<p>In ihren Session, Workshops und Trainings gibt Ghata sich ganz der Aufgabe hin, andere zu unterst\u00fctzen in ihre Kraft zu kommen und ihr Potential zu leben. Sie glaubt, dass jeder Mensch ein Recht auf ein gl\u00fcckliches und erf\u00fclltes Leben hat.<\/p>\n<h2>Ghata gibt sich ganz den Energien mit denen sie arbeitet hin<\/h2>\n<p>Wenn man mit Ghata arbeitet merkt man schnell, dass sie sich ganz den Energien hingibt, die durch sie arbeiten. Dies kann manchmal durch ein direktes Channeln von Engeln und geistigen F\u00fchrern erfahren werden, die die momentane Situation mit Klarheit, Bewusstheit und Heilung unterst\u00fctzen wollen. Oft ist es jedoch einfach nur die unglaubliche Liebe, das Mitgef\u00fchl und die Klarheit von Ghata selber, die einen Raum f\u00fcr Heilung und \u00d6ffnung erschafft.<\/p>\n<p>[\/et_pb_text][et_pb_text admin_label=&#8220;Text&#8220; background_layout=&#8220;light&#8220; text_orientation=&#8220;left&#8220;]<\/p>\n<h2>Von Jura zu Energiearbeit<\/h2>\n<p>Ghatas Weg begann vor vielen Jahren in ihrem Heimatland Deutschland. W\u00e4hrend sie ihr Jurastudium erfolgreich absolvierte erkannte sie, dass ihr Herz sie in eine mehr spirituelle Richtung f\u00fchrte. Schon w\u00e4hrend ihres Studiums begann sie sich f\u00fcr Reiki, R\u00fcckf\u00fchrungen und Clearings zu interessieren. Jede freie Minute investierte sie in Trainings und Workshops.<\/p>\n<p>Nach einer sehr tiefen und bewegenden Erfahrung auf der Insel Gozo (Malta) wusste Ghata, dass ihr Leben sich radikal ver\u00e4ndern w\u00fcrde. W\u00e4hrend einer Meditation in einem der heiligen Tempel der Insel erhielt sie eine klare Vision in der sie umgeben war von Priesterinnen. Ghata erhielt eine transpersonale Einweihung und wurde ausgesandt, ihre eigene spirituelle Arbeit zu beginnen. Sie wusste nicht, wie sich dies in ihrem Leben manifestieren w\u00fcrde. Aber sie vertraute auf ihre h\u00f6here F\u00fchrung.<\/p>\n<p>[\/et_pb_text][et_pb_text admin_label=&#8220;Text&#8220; background_layout=&#8220;light&#8220; text_orientation=&#8220;left&#8220;]<\/p>\n<h2>Ghata unterst\u00fctzt Mensche auf der ganzen Welt<\/h2>\n<p>Kurz darauf lernte Ghata ihren jetzigen Mann Kamal kennen, gab ihren Job als Anw\u00e4ltin in Deutschland auf und wanderte nach Australien aus. Kurz bevor sie Deutschland verlassen wollte rief sie ein Arzt an, der dringend Hilfe f\u00fcr eine seiner Patientinnen ben\u00f6tigte und von ihr geh\u00f6rt hatte. Er wusste keinen medizinischen Rat mehr als eine seiner Patientinnen fast in seiner Praxis gestorben war. Ghata arbeitete mit dieser Patientin aus der Ferne und konnte ihr helfen. Der Arzt und die Patientin waren erstaunt und begeistert. Auch f\u00fcr Ghata war das Resultat dieser Fernsitzung ein solches Geschenk, dass sie entschied, ihr Leben dieser Arbeit zu widmen.<\/p>\n<p>Seit diesem Tag hat Ghata viele Menschen auf der ganzen Welt unterst\u00fctzt und ihnen mit ihren einzigartigen Fernsessions geholfen.<\/p>\n<p>[\/et_pb_text][et_pb_text admin_label=&#8220;Text&#8220; background_layout=&#8220;light&#8220; text_orientation=&#8220;left&#8220;]<\/p>\n<h3>Sie arbeitet unter anderem mit:<\/h3>\n<p>\u2022 Energiearbeit<br \/> \u2022 Clearing<br \/> \u2022 R\u00fcckf\u00fchrungsintegration<br \/> \u2022 Reiki<br \/> \u2022 Channelling<br \/> \u2022 Avatar<br \/> \u2022 Kristallen<br \/> \u2022 Farben<br \/> \u2022 Essenzen<br \/> \u2022 Ton<\/p>\n<p>\u2022 Schamanischen Ritualen<br \/> \u2022 Einweihungsritualen<\/p>\n<p>[\/et_pb_text][et_pb_text admin_label=&#8220;Text&#8220; background_layout=&#8220;light&#8220; text_orientation=&#8220;left&#8220;]<\/p>\n<h3>Kanal zwischen Himmel und Erde<\/h3>\n<p>Ghata ist sich sehr bewusst, dass diese Arbeit durch sie geschieht und dass ihre Aufgabe lediglich ist, ein offener Kanal f\u00fcr die Energien und Informationen zu sein die ben\u00f6tigt werden. Sie versteht und respektiert, dass diese Art der Arbeit sehr vertraulich ist und versichert, dass alle Informationen mit Integrit\u00e4t und Vertraulichkeit behandelt werden.<\/p>\n<p>Ghatas eigenes Leben hat sich durch ihre Arbeit dramatisch ver\u00e4ndert. Sie f\u00fchlt sich offener, ist gesunder, erfolgreich und strahlt ein gebendes Licht aus. Anstatt von Urteilen und Bewertungen f\u00fchlt sie Mitgef\u00fchl und Verst\u00e4ndnis f\u00fcr die Menschen. Die Beziehung zu ihrem Mann ist ehrlich und klar, verst\u00e4ndnis- und liebevoll. Ghata f\u00fchlt, dass sie ihr Leben in einem Paradox lebt: sie kreiert alles und gleichzeitig gibt sie sich der Existenz und dem g\u00f6ttlichen Sein hin.<br \/> Wer mit Ghata arbeitet erlebt eine Frau die voller Liebe, Dankbarkeit, Mitgef\u00fchl, Demut andere dabei unterst\u00fctzt ihr eigenes Licht zu finden und zu leben.<\/p>\n<p>[\/et_pb_text][\/et_pb_column][et_pb_column type=&#8220;1_4&#8243;][et_pb_image admin_label=&#8220;Image&#8220; src=&#8220;http:\/\/www.energy-healing-ghata.com\/wp-content\/uploads\/2011\/05\/Ghata-1-Small.jpg&#8220; url_new_window=&#8220;off&#8220; animation=&#8220;left&#8220; \/][et_pb_image admin_label=&#8220;Image&#8220; src=&#8220;http:\/\/www.energy-healing-ghata.com\/wp-content\/uploads\/2014\/03\/IMG_9338-Small-e1394581090780.jpg&#8220; url_new_window=&#8220;off&#8220; animation=&#8220;left&#8220; \/][et_pb_image admin_label=&#8220;Image&#8220; src=&#8220;http:\/\/www.energy-healing-ghata.com\/wp-content\/uploads\/2011\/05\/MG_8287-Custom.jpg&#8220; url_new_window=&#8220;off&#8220; animation=&#8220;left&#8220; \/][et_pb_image admin_label=&#8220;Image&#8220; src=&#8220;http:\/\/www.energy-healing-ghata.com\/wp-content\/uploads\/2014\/03\/IMG_9331-Small.jpg&#8220; url_new_window=&#8220;off&#8220; animation=&#8220;left&#8220; \/][et_pb_image admin_label=&#8220;Image&#8220; src=&#8220;http:\/\/www.energy-healing-ghata.com\/wp-content\/uploads\/2013\/10\/100_6172-2.jpg&#8220; url_new_window=&#8220;off&#8220; animation=&#8220;left&#8220; \/][\/et_pb_column][\/et_pb_row][\/et_pb_section]<\/p>\n","protected":false},"excerpt":{"rendered":"<p><div class=\"et_pb_row et_pb_row_0 et_pb_row_empty\">\n\t\t\t\t\n\t\t\t\t\n\t\t\t\t\n\t\t\t\t\n\t\t\t\t\n\t\t\t<\/div>\u00dcber GhataGhata Iris Engels ist eine der seltenen Menschen, die ihre Arbeit lebt und verk\u00f6rpert, wo auch immer man ihr begegnet. Sie hat eine lichtvolle und positive Ausstrahlung und kommuniziert offen und ehrlich, ohne sich zu verstellen. Sie redet ebenso klar \u00fcber ihre positiven Qualit\u00e4ten als auch \u00fcber ihre Schatten und inspiriert durch das Vorleben [&hellip;]<\/p>\n","protected":false},"author":4,"featured_media":0,"parent":0,"menu_order":0,"comment_status":"closed","ping_status":"closed","template":"","meta":{"_et_pb_use_builder":"on","_et_pb_old_content":"<p>Auf dieser Seite ver\u00f6ffentliche ich Bilder von meinen Workshops und Trainings.<br \/> Ich w\u00fcnsche Euch viel Spa\u00df beim Anschauen. Ghata<\/p>","_et_gb_content_width":"","footnotes":""},"class_list":["post-2358","page","type-page","status-publish","hentry"],"yoast_head":"<!-- This site is optimized with the Yoast SEO plugin v27.4 - https:\/\/yoast.com\/product\/yoast-seo-wordpress\/ -->\n<title>\u00dcber Ghata - Energy Healing with Ghata<\/title>\n<meta name=\"robots\" content=\"index, follow, max-snippet:-1, max-image-preview:large, max-video-preview:-1\" \/>\n<link rel=\"canonical\" href=\"https:\/\/www.energy-healing-ghata.com\/de\/about-ghata\/\" \/>\n<meta property=\"og:locale\" content=\"de_DE\" \/>\n<meta property=\"og:type\" content=\"article\" \/>\n<meta property=\"og:title\" content=\"\u00dcber Ghata - Energy Healing with Ghata\" \/>\n<meta property=\"og:description\" content=\"\u00dcber GhataGhata Iris Engels ist eine der seltenen Menschen, die ihre Arbeit lebt und verk\u00f6rpert, wo auch immer man ihr begegnet. Sie hat eine lichtvolle und positive Ausstrahlung und kommuniziert offen und ehrlich, ohne sich zu verstellen. Sie redet ebenso klar \u00fcber ihre positiven Qualit\u00e4ten als auch \u00fcber ihre Schatten und inspiriert durch das Vorleben [&hellip;]\" \/>\n<meta property=\"og:url\" content=\"https:\/\/www.energy-healing-ghata.com\/de\/about-ghata\/\" \/>\n<meta property=\"og:site_name\" content=\"Energy Healing with Ghata\" \/>\n<meta property=\"article:modified_time\" content=\"2014-05-09T12:37:58+00:00\" \/>\n<meta name=\"twitter:label1\" content=\"Gesch\u00e4tzte Lesezeit\" \/>\n\t<meta name=\"twitter:data1\" content=\"4\u00a0Minuten\" \/>\n<script type=\"application\/ld+json\" class=\"yoast-schema-graph\">{\"@context\":\"https:\\\/\\\/schema.org\",\"@graph\":[{\"@type\":\"WebPage\",\"@id\":\"https:\\\/\\\/www.energy-healing-ghata.com\\\/de\\\/about-ghata\\\/\",\"url\":\"https:\\\/\\\/www.energy-healing-ghata.com\\\/de\\\/about-ghata\\\/\",\"name\":\"\u00dcber Ghata - Energy Healing with Ghata\",\"isPartOf\":{\"@id\":\"https:\\\/\\\/www.energy-healing-ghata.com\\\/#website\"},\"datePublished\":\"2011-05-31T10:48:27+00:00\",\"dateModified\":\"2014-05-09T12:37:58+00:00\",\"breadcrumb\":{\"@id\":\"https:\\\/\\\/www.energy-healing-ghata.com\\\/de\\\/about-ghata\\\/#breadcrumb\"},\"inLanguage\":\"de\",\"potentialAction\":[{\"@type\":\"ReadAction\",\"target\":[\"https:\\\/\\\/www.energy-healing-ghata.com\\\/de\\\/about-ghata\\\/\"]}]},{\"@type\":\"BreadcrumbList\",\"@id\":\"https:\\\/\\\/www.energy-healing-ghata.com\\\/de\\\/about-ghata\\\/#breadcrumb\",\"itemListElement\":[{\"@type\":\"ListItem\",\"position\":1,\"name\":\"Home\",\"item\":\"https:\\\/\\\/www.energy-healing-ghata.com\\\/de\\\/\"},{\"@type\":\"ListItem\",\"position\":2,\"name\":\"\u00dcber Ghata\"}]},{\"@type\":\"WebSite\",\"@id\":\"https:\\\/\\\/www.energy-healing-ghata.com\\\/#website\",\"url\":\"https:\\\/\\\/www.energy-healing-ghata.com\\\/\",\"name\":\"Energy Healing with Ghata\",\"description\":\"Spirit of Light\",\"potentialAction\":[{\"@type\":\"SearchAction\",\"target\":{\"@type\":\"EntryPoint\",\"urlTemplate\":\"https:\\\/\\\/www.energy-healing-ghata.com\\\/?s={search_term_string}\"},\"query-input\":{\"@type\":\"PropertyValueSpecification\",\"valueRequired\":true,\"valueName\":\"search_term_string\"}}],\"inLanguage\":\"de\"}]}<\/script>\n<!-- \/ Yoast SEO plugin. -->","yoast_head_json":{"title":"\u00dcber Ghata - Energy Healing with Ghata","robots":{"index":"index","follow":"follow","max-snippet":"max-snippet:-1","max-image-preview":"max-image-preview:large","max-video-preview":"max-video-preview:-1"},"canonical":"https:\/\/www.energy-healing-ghata.com\/de\/about-ghata\/","og_locale":"de_DE","og_type":"article","og_title":"\u00dcber Ghata - Energy Healing with Ghata","og_description":"\u00dcber GhataGhata Iris Engels ist eine der seltenen Menschen, die ihre Arbeit lebt und verk\u00f6rpert, wo auch immer man ihr begegnet. Sie hat eine lichtvolle und positive Ausstrahlung und kommuniziert offen und ehrlich, ohne sich zu verstellen. Sie redet ebenso klar \u00fcber ihre positiven Qualit\u00e4ten als auch \u00fcber ihre Schatten und inspiriert durch das Vorleben [&hellip;]","og_url":"https:\/\/www.energy-healing-ghata.com\/de\/about-ghata\/","og_site_name":"Energy Healing with Ghata","article_modified_time":"2014-05-09T12:37:58+00:00","twitter_misc":{"Gesch\u00e4tzte Lesezeit":"4\u00a0Minuten"},"schema":{"@context":"https:\/\/schema.org","@graph":[{"@type":"WebPage","@id":"https:\/\/www.energy-healing-ghata.com\/de\/about-ghata\/","url":"https:\/\/www.energy-healing-ghata.com\/de\/about-ghata\/","name":"\u00dcber Ghata - Energy Healing with Ghata","isPartOf":{"@id":"https:\/\/www.energy-healing-ghata.com\/#website"},"datePublished":"2011-05-31T10:48:27+00:00","dateModified":"2014-05-09T12:37:58+00:00","breadcrumb":{"@id":"https:\/\/www.energy-healing-ghata.com\/de\/about-ghata\/#breadcrumb"},"inLanguage":"de","potentialAction":[{"@type":"ReadAction","target":["https:\/\/www.energy-healing-ghata.com\/de\/about-ghata\/"]}]},{"@type":"BreadcrumbList","@id":"https:\/\/www.energy-healing-ghata.com\/de\/about-ghata\/#breadcrumb","itemListElement":[{"@type":"ListItem","position":1,"name":"Home","item":"https:\/\/www.energy-healing-ghata.com\/de\/"},{"@type":"ListItem","position":2,"name":"\u00dcber Ghata"}]},{"@type":"WebSite","@id":"https:\/\/www.energy-healing-ghata.com\/#website","url":"https:\/\/www.energy-healing-ghata.com\/","name":"Energy Healing with Ghata","description":"Spirit of Light","potentialAction":[{"@type":"SearchAction","target":{"@type":"EntryPoint","urlTemplate":"https:\/\/www.energy-healing-ghata.com\/?s={search_term_string}"},"query-input":{"@type":"PropertyValueSpecification","valueRequired":true,"valueName":"search_term_string"}}],"inLanguage":"de"}]}},"jetpack_sharing_enabled":true,"_links":{"self":[{"href":"https:\/\/www.energy-healing-ghata.com\/de\/wp-json\/wp\/v2\/pages\/2358","targetHints":{"allow":["GET"]}}],"collection":[{"href":"https:\/\/www.energy-healing-ghata.com\/de\/wp-json\/wp\/v2\/pages"}],"about":[{"href":"https:\/\/www.energy-healing-ghata.com\/de\/wp-json\/wp\/v2\/types\/page"}],"author":[{"embeddable":true,"href":"https:\/\/www.energy-healing-ghata.com\/de\/wp-json\/wp\/v2\/users\/4"}],"replies":[{"embeddable":true,"href":"https:\/\/www.energy-healing-ghata.com\/de\/wp-json\/wp\/v2\/comments?post=2358"}],"version-history":[{"count":23,"href":"https:\/\/www.energy-healing-ghata.com\/de\/wp-json\/wp\/v2\/pages\/2358\/revisions"}],"predecessor-version":[{"id":3230,"href":"https:\/\/www.energy-healing-ghata.com\/de\/wp-json\/wp\/v2\/pages\/2358\/revisions\/3230"}],"wp:attachment":[{"href":"https:\/\/www.energy-healing-ghata.com\/de\/wp-json\/wp\/v2\/media?parent=2358"}],"curies":[{"name":"wp","href":"https:\/\/api.w.org\/{rel}","templated":true}]}}