{"id":2364,"date":"2014-04-09T00:36:50","date_gmt":"2014-04-09T00:36:50","guid":{"rendered":"http:\/\/www.energy-healing-ghata.com\/?page_id=2364"},"modified":"2014-05-07T12:26:33","modified_gmt":"2014-05-07T12:26:33","slug":"realms-of-light-workshop","status":"publish","type":"page","link":"https:\/\/www.energy-healing-ghata.com\/de\/realms-of-light-workshop\/","title":{"rendered":"Mysterium des Lichtes &#8211; Workshop"},"content":{"rendered":"<p>[et_pb_section fullwidth=&#8220;off&#8220;][et_pb_row][et_pb_column type=&#8220;3_4&#8243;][et_pb_text admin_label=&#8220;Text&#8220; background_layout=&#8220;light&#8220; text_orientation=&#8220;left&#8220;]<\/p>\n<h1>Mysterium des Lichtes &#8211; Workshop<\/h1>\n<h2>\u00a0<\/h2>\n<h2>Finde Klarheit und\u00a0 Zugang zu deiner Spiritualit\u00e4t<\/h2>\n<p>Dies ist ein wundersch\u00f6nes Seminar, das die M\u00f6glichkeit bietet zu erfahren, auf welche Art und Weise man Zugang zur eigenen Spiritualit\u00e4t und Klarheit findet. Einsteiger kommen mit ihrer Intuition in Kontakt und lernen durch Feedback ihrer Inspiration und Wahrheit zu vertrauen. Fortgeschrittene Lichtarbeiter k\u00f6nnen ihre Arbeit vertiefen und verfeinern.<\/p>\n<h2>Kontakt zu Engeln und Lichtwesen<\/h2>\n<p>Dieses Wochenende bietet die M\u00f6glichkeit die Reiche von Engeln und anderen Lichtwesen kennenzulernen und direkten Kontakt aufzunehmen. Verschiedene \u00dcbungen, Rituale und Meditationen erm\u00f6glichen direkten Zugang zu der geistigen Welt und dem eigenen Licht.<\/p>\n<p>An diesen Wochenenden wird ein Raum der Tiefe und Offenheit kreiert in dem durch Liebe und Mitgef\u00fchl, Heilung und Ver\u00e4nderung ganz nat\u00fcrlich geschehen k\u00f6nnen.<\/p>\n<p>Ghata nimmt sich Zeit und Raum f\u00fcr jeden einzelnen Teilnehmer und gibt Anregungen f\u00fcr individuelle M\u00f6glichkeiten der Integration und Transformation.<\/p>\n<p>\u00a0<\/p>\n<p>[\/et_pb_text][et_pb_testimonial admin_label=&#8220;Testimonial&#8220; author=&#8220;Heike, Kosmetikerin, Energiearbeiterin, Wildberg&#8220; url_new_window=&#8220;off&#8220;]<\/p>\n<p>Vor vielen Jahren lernte ich Ghata kennen und beschloss mich bei einem ihrer Kurse an zu melden, es war &#8222;Mysterium des Lichts&#8220;. Bis dahin wusste ich noch nicht viel \u00fcber Energiearbeit und Engel. Ghata brachte mich liebevoll und mit unendlicher Geduld dazu, meiner Intuition zu vertrauen. Die Arbeit mit Engeln und anderen Lichtwesen l\u00f6ste in mir\u00a0eine solche Begeisterung aus, dass es heute ein Teil meiner Arbeit ist. Zu sehen welche F\u00e4higkeiten in mir stecken und was ich alles erreichen kann, wenn ich meiner Wahrheit vertraue, hat mein Selbstbewusstsein so gest\u00e4rkt, dass mein Leben leichter, gl\u00fccklich und friedvoller geworden ist. Bis heute nehme ich jedes Jahr an diesem wunderbaren einzigartigen Kurs teil und\u00a0darf immer wieder Neues erfahren und lernen. Ghata ich bin dir von ganzem Herzen dankbar, dass du mich auf diesen Weg gebracht hast. Dein Licht und deine Energie haben mich dazu gebracht, dass ich mein Licht und meine ganz eigene Energie finden durfte. DANKE&#8230;&#8230;<\/p>\n<p>[\/et_pb_testimonial][et_pb_testimonial admin_label=&#8220;Testimonial&#8220; author=&#8220;Charly, Lehrerin, Stuttgart&#8220; url_new_window=&#8220;off&#8220;]<\/p>\n<p>Als erstes m\u00f6chte ich dir sagen, dass es\u00a0so unglaublich ist, was DU bei anderen Menschen bewirkst. Ich habe am Ende des\u00a0Seminars bei allen eine enorme positive Ver\u00e4nderung bzw. Bereicherung festgestellt. Nach dem Wochenende mit dir, haben mich mehrere Menschen angesprochen. Sie haben bemerkt, dass ich mich ver\u00e4ndert habe, dass meine Augen stark geleuchtet haben, dass meine Ausstrahlung sich ver\u00e4ndert hat, ja meine ganze Art anders geworden ist. Auch ich habe dieses bemerkt und als wunderbar und sehr angenehm empfunden. Ich habe lange gebraucht um alles zu verarbeiten und bin unendlich gl\u00fccklich, so etwas erleben zu d\u00fcrfen. Es ist ein ganz wichtiger Teil meines Lebens geworden und ich m\u00f6chte einfach nur noch mehr erfahren, erleben, lernen und wissen. Ich kann es schon gar nicht mehr erwarten, bis du wieder hier bist (dabei bist du ja noch nicht einmal weg!) und ich wieder teilhaben darf an all diesen faszinierenden Dingen, das Licht um mich herum und in mir sp\u00fcren darf&#8230;<br \/> Ich empfinde Heimweh und unendliche Liebe, wenn ich an dich und die Lichtreiche denke.<\/p>\n<p>[\/et_pb_testimonial][et_pb_testimonial admin_label=&#8220;Testimonial&#8220; author=&#8220;Shanelle, Heilpraktikerin, Brisbane&#8220; url_new_window=&#8220;off&#8220;]<\/p>\n<p>Liebe Ghata, danke Dir so sehr f\u00fcr ein unglaublich tolles Wochenende. Ich habe so viel gelernt&#8230;aber was mich am meisten ber\u00fchrt hat war, wie Du die Energie der Gruppe so liebevoll gehalten hast. Du hast mit jedem Teilnehmer von Deinem ganzen Herzen gearbeitet, mit Bescheidenheit, Demut und Anmut und das hat auf jeden Fall zur Gruppenenergie beigetragen. Ich habe vor allem gelernt alles zuzulassen was passiert.<br \/> Danke Dir und ich umarme Dich,<\/p>\n<p>[\/et_pb_testimonial][\/et_pb_column][et_pb_column type=&#8220;1_4&#8243;][et_pb_image admin_label=&#8220;Image&#8220; src=&#8220;http:\/\/www.energy-healing-ghata.com\/wp-content\/uploads\/2014\/04\/IMG_4292-Small.jpg&#8220; url_new_window=&#8220;off&#8220; animation=&#8220;left&#8220; \/][et_pb_image admin_label=&#8220;Image&#8220; src=&#8220;http:\/\/www.energy-healing-ghata.com\/wp-content\/uploads\/2014\/04\/IMG_4422-Small.jpg&#8220; url_new_window=&#8220;off&#8220; animation=&#8220;left&#8220; \/][et_pb_image admin_label=&#8220;Image&#8220; src=&#8220;http:\/\/www.energy-healing-ghata.com\/wp-content\/uploads\/2014\/04\/IMG_4636-Small.jpg&#8220; url_new_window=&#8220;off&#8220; animation=&#8220;left&#8220; \/][et_pb_image admin_label=&#8220;Image&#8220; src=&#8220;http:\/\/www.energy-healing-ghata.com\/wp-content\/uploads\/2014\/04\/IMG_3733-Small.jpg&#8220; url_new_window=&#8220;off&#8220; animation=&#8220;left&#8220; \/][et_pb_image admin_label=&#8220;Image&#8220; src=&#8220;http:\/\/www.energy-healing-ghata.com\/wp-content\/uploads\/2014\/04\/IMG_0897-Custom.jpg&#8220; url_new_window=&#8220;off&#8220; animation=&#8220;left&#8220; \/][et_pb_image admin_label=&#8220;Image&#8220; src=&#8220;http:\/\/www.energy-healing-ghata.com\/wp-content\/uploads\/2014\/04\/IMG_0947-Custom-e1397090794505.jpg&#8220; url_new_window=&#8220;off&#8220; animation=&#8220;left&#8220; \/][\/et_pb_column][\/et_pb_row][\/et_pb_section]<\/p>\n","protected":false},"excerpt":{"rendered":"<p><div class=\"et_pb_row et_pb_row_0 et_pb_row_empty\">\n\t\t\t\t\n\t\t\t\t\n\t\t\t\t\n\t\t\t\t\n\t\t\t\t\n\t\t\t<\/div>Mysterium des Lichtes &#8211; Workshop\u00a0Finde Klarheit und\u00a0 Zugang zu deiner Spiritualit\u00e4tDies ist ein wundersch\u00f6nes Seminar, das die M\u00f6glichkeit bietet zu erfahren, auf welche Art und Weise man Zugang zur eigenen Spiritualit\u00e4t und Klarheit findet. Einsteiger kommen mit ihrer Intuition in Kontakt und lernen durch Feedback ihrer Inspiration und Wahrheit zu vertrauen. Fortgeschrittene Lichtarbeiter k\u00f6nnen ihre [&hellip;]<\/p>\n","protected":false},"author":4,"featured_media":0,"parent":0,"menu_order":0,"comment_status":"closed","ping_status":"closed","template":"","meta":{"_et_pb_use_builder":"on","_et_pb_old_content":"","_et_gb_content_width":"","footnotes":""},"class_list":["post-2364","page","type-page","status-publish","hentry"],"yoast_head":"<!-- This site is optimized with the Yoast SEO plugin v27.4 - https:\/\/yoast.com\/product\/yoast-seo-wordpress\/ -->\n<title>Mysterium des Lichtes - Workshop - Energy Healing with Ghata<\/title>\n<meta name=\"robots\" content=\"index, follow, max-snippet:-1, max-image-preview:large, max-video-preview:-1\" \/>\n<link rel=\"canonical\" href=\"https:\/\/www.energy-healing-ghata.com\/de\/realms-of-light-workshop\/\" \/>\n<meta property=\"og:locale\" content=\"de_DE\" \/>\n<meta property=\"og:type\" content=\"article\" \/>\n<meta property=\"og:title\" content=\"Mysterium des Lichtes - Workshop - Energy Healing with Ghata\" \/>\n<meta property=\"og:description\" content=\"Mysterium des Lichtes - Workshop\u00a0Finde Klarheit und\u00a0 Zugang zu deiner Spiritualit\u00e4tDies ist ein wundersch\u00f6nes Seminar, das die M\u00f6glichkeit bietet zu erfahren, auf welche Art und Weise man Zugang zur eigenen Spiritualit\u00e4t und Klarheit findet. Einsteiger kommen mit ihrer Intuition in Kontakt und lernen durch Feedback ihrer Inspiration und Wahrheit zu vertrauen. Fortgeschrittene Lichtarbeiter k\u00f6nnen ihre [&hellip;]\" \/>\n<meta property=\"og:url\" content=\"https:\/\/www.energy-healing-ghata.com\/de\/realms-of-light-workshop\/\" \/>\n<meta property=\"og:site_name\" content=\"Energy Healing with Ghata\" \/>\n<meta property=\"article:modified_time\" content=\"2014-05-07T12:26:33+00:00\" \/>\n<meta name=\"twitter:label1\" content=\"Gesch\u00e4tzte Lesezeit\" \/>\n\t<meta name=\"twitter:data1\" content=\"4\u00a0Minuten\" \/>\n<script type=\"application\/ld+json\" class=\"yoast-schema-graph\">{\"@context\":\"https:\\\/\\\/schema.org\",\"@graph\":[{\"@type\":\"WebPage\",\"@id\":\"https:\\\/\\\/www.energy-healing-ghata.com\\\/de\\\/realms-of-light-workshop\\\/\",\"url\":\"https:\\\/\\\/www.energy-healing-ghata.com\\\/de\\\/realms-of-light-workshop\\\/\",\"name\":\"Mysterium des Lichtes - Workshop - Energy Healing with Ghata\",\"isPartOf\":{\"@id\":\"https:\\\/\\\/www.energy-healing-ghata.com\\\/#website\"},\"datePublished\":\"2014-04-09T00:36:50+00:00\",\"dateModified\":\"2014-05-07T12:26:33+00:00\",\"breadcrumb\":{\"@id\":\"https:\\\/\\\/www.energy-healing-ghata.com\\\/de\\\/realms-of-light-workshop\\\/#breadcrumb\"},\"inLanguage\":\"de\",\"potentialAction\":[{\"@type\":\"ReadAction\",\"target\":[\"https:\\\/\\\/www.energy-healing-ghata.com\\\/de\\\/realms-of-light-workshop\\\/\"]}]},{\"@type\":\"BreadcrumbList\",\"@id\":\"https:\\\/\\\/www.energy-healing-ghata.com\\\/de\\\/realms-of-light-workshop\\\/#breadcrumb\",\"itemListElement\":[{\"@type\":\"ListItem\",\"position\":1,\"name\":\"Home\",\"item\":\"https:\\\/\\\/www.energy-healing-ghata.com\\\/de\\\/\"},{\"@type\":\"ListItem\",\"position\":2,\"name\":\"Mysterium des Lichtes &#8211; Workshop\"}]},{\"@type\":\"WebSite\",\"@id\":\"https:\\\/\\\/www.energy-healing-ghata.com\\\/#website\",\"url\":\"https:\\\/\\\/www.energy-healing-ghata.com\\\/\",\"name\":\"Energy Healing with Ghata\",\"description\":\"Spirit of Light\",\"potentialAction\":[{\"@type\":\"SearchAction\",\"target\":{\"@type\":\"EntryPoint\",\"urlTemplate\":\"https:\\\/\\\/www.energy-healing-ghata.com\\\/?s={search_term_string}\"},\"query-input\":{\"@type\":\"PropertyValueSpecification\",\"valueRequired\":true,\"valueName\":\"search_term_string\"}}],\"inLanguage\":\"de\"}]}<\/script>\n<!-- \/ Yoast SEO plugin. -->","yoast_head_json":{"title":"Mysterium des Lichtes - Workshop - Energy Healing with Ghata","robots":{"index":"index","follow":"follow","max-snippet":"max-snippet:-1","max-image-preview":"max-image-preview:large","max-video-preview":"max-video-preview:-1"},"canonical":"https:\/\/www.energy-healing-ghata.com\/de\/realms-of-light-workshop\/","og_locale":"de_DE","og_type":"article","og_title":"Mysterium des Lichtes - Workshop - Energy Healing with Ghata","og_description":"Mysterium des Lichtes - Workshop\u00a0Finde Klarheit und\u00a0 Zugang zu deiner Spiritualit\u00e4tDies ist ein wundersch\u00f6nes Seminar, das die M\u00f6glichkeit bietet zu erfahren, auf welche Art und Weise man Zugang zur eigenen Spiritualit\u00e4t und Klarheit findet. Einsteiger kommen mit ihrer Intuition in Kontakt und lernen durch Feedback ihrer Inspiration und Wahrheit zu vertrauen. Fortgeschrittene Lichtarbeiter k\u00f6nnen ihre [&hellip;]","og_url":"https:\/\/www.energy-healing-ghata.com\/de\/realms-of-light-workshop\/","og_site_name":"Energy Healing with Ghata","article_modified_time":"2014-05-07T12:26:33+00:00","twitter_misc":{"Gesch\u00e4tzte Lesezeit":"4\u00a0Minuten"},"schema":{"@context":"https:\/\/schema.org","@graph":[{"@type":"WebPage","@id":"https:\/\/www.energy-healing-ghata.com\/de\/realms-of-light-workshop\/","url":"https:\/\/www.energy-healing-ghata.com\/de\/realms-of-light-workshop\/","name":"Mysterium des Lichtes - Workshop - Energy Healing with Ghata","isPartOf":{"@id":"https:\/\/www.energy-healing-ghata.com\/#website"},"datePublished":"2014-04-09T00:36:50+00:00","dateModified":"2014-05-07T12:26:33+00:00","breadcrumb":{"@id":"https:\/\/www.energy-healing-ghata.com\/de\/realms-of-light-workshop\/#breadcrumb"},"inLanguage":"de","potentialAction":[{"@type":"ReadAction","target":["https:\/\/www.energy-healing-ghata.com\/de\/realms-of-light-workshop\/"]}]},{"@type":"BreadcrumbList","@id":"https:\/\/www.energy-healing-ghata.com\/de\/realms-of-light-workshop\/#breadcrumb","itemListElement":[{"@type":"ListItem","position":1,"name":"Home","item":"https:\/\/www.energy-healing-ghata.com\/de\/"},{"@type":"ListItem","position":2,"name":"Mysterium des Lichtes &#8211; Workshop"}]},{"@type":"WebSite","@id":"https:\/\/www.energy-healing-ghata.com\/#website","url":"https:\/\/www.energy-healing-ghata.com\/","name":"Energy Healing with Ghata","description":"Spirit of Light","potentialAction":[{"@type":"SearchAction","target":{"@type":"EntryPoint","urlTemplate":"https:\/\/www.energy-healing-ghata.com\/?s={search_term_string}"},"query-input":{"@type":"PropertyValueSpecification","valueRequired":true,"valueName":"search_term_string"}}],"inLanguage":"de"}]}},"jetpack_sharing_enabled":true,"_links":{"self":[{"href":"https:\/\/www.energy-healing-ghata.com\/de\/wp-json\/wp\/v2\/pages\/2364","targetHints":{"allow":["GET"]}}],"collection":[{"href":"https:\/\/www.energy-healing-ghata.com\/de\/wp-json\/wp\/v2\/pages"}],"about":[{"href":"https:\/\/www.energy-healing-ghata.com\/de\/wp-json\/wp\/v2\/types\/page"}],"author":[{"embeddable":true,"href":"https:\/\/www.energy-healing-ghata.com\/de\/wp-json\/wp\/v2\/users\/4"}],"replies":[{"embeddable":true,"href":"https:\/\/www.energy-healing-ghata.com\/de\/wp-json\/wp\/v2\/comments?post=2364"}],"version-history":[{"count":15,"href":"https:\/\/www.energy-healing-ghata.com\/de\/wp-json\/wp\/v2\/pages\/2364\/revisions"}],"predecessor-version":[{"id":3178,"href":"https:\/\/www.energy-healing-ghata.com\/de\/wp-json\/wp\/v2\/pages\/2364\/revisions\/3178"}],"wp:attachment":[{"href":"https:\/\/www.energy-healing-ghata.com\/de\/wp-json\/wp\/v2\/media?parent=2364"}],"curies":[{"name":"wp","href":"https:\/\/api.w.org\/{rel}","templated":true}]}}