{"id":2369,"date":"2014-04-09T01:21:33","date_gmt":"2014-04-09T01:21:33","guid":{"rendered":"http:\/\/www.energy-healing-ghata.com\/?page_id=2369"},"modified":"2025-03-28T03:28:27","modified_gmt":"2025-03-28T03:28:27","slug":"frequenz-der-hoffnung","status":"publish","type":"page","link":"https:\/\/www.energy-healing-ghata.com\/de\/frequenz-der-hoffnung\/","title":{"rendered":"Frequenz der Hoffnung &#8211; Workshop"},"content":{"rendered":"<p>[et_pb_section fb_built=&#8220;1&#8243; _builder_version=&#8220;4.16&#8243; global_colors_info=&#8220;{}&#8220;][et_pb_row column_structure=&#8220;3_4,1_4&#8243; _builder_version=&#8220;4.16&#8243; background_size=&#8220;initial&#8220; background_position=&#8220;top_left&#8220; background_repeat=&#8220;repeat&#8220; global_colors_info=&#8220;{}&#8220;][et_pb_column type=&#8220;3_4&#8243; _builder_version=&#8220;4.16&#8243; custom_padding=&#8220;|||&#8220; global_colors_info=&#8220;{}&#8220; custom_padding__hover=&#8220;|||&#8220;][et_pb_text admin_label=&#8220;Text&#8220; _builder_version=&#8220;4.16&#8243; background_size=&#8220;initial&#8220; background_position=&#8220;top_left&#8220; background_repeat=&#8220;repeat&#8220; global_colors_info=&#8220;{}&#8220;]<\/p>\n<h1>Frequenz der Hoffnung<\/h1>\n<p>&nbsp;<\/p>\n<h2>KRAFT UNSERES LICHTES<\/h2>\n<p>An diesem Wochenende lernen wir, mit unserer h\u00f6chsten Frequenz in Verbindung zu treten und unsere Intuition und die Kraft unseres Lichtes zu nutzen, um uns selber, Andere und den Planeten zu unterst\u00fctzen.<\/p>\n<p><u>Was du erwarten kannst<\/u>:<br \/>-Individuelles Coaching in einer kleinen Gruppe<br \/>-Schatten und\u00a0\u00c4ngsten zu begegnen, und so\u00a0dein Potential zu erleben und auszudehnen.<br \/>-Lernen, wie du Zugang zu deinem Licht findest und wie du Energie gibst und erh\u00e4ltst<br \/>-Aktive Hoffnung, indem du erkennst, wo du deine Schatten unterst\u00fctzt, anstatt sie zu beseitigen\u00a0und wie du das \u00e4ndern kannst.\u00a0<\/p>\n<h2>ERWEITERUNG UNSERER KAPAZIT\u00c4T<\/h2>\n<p>Wir werden Wege erforschen, um schwierige Gef\u00fchle und Emotionen, die bei pers\u00f6nlichen Herausforderungen und Problemen in unserer Welt hochkommen, zu f\u00fchlen, anstatt zu unterdr\u00fccken. Dadurch erweitern wir unsere Kapazit\u00e4t, um unsere pers\u00f6nlichen Gaben zu finden und Wege, um diese zu geben.<br \/>F\u00fcr viele von uns ist es so \u00fcberw\u00e4ltigend, in diesen aussergew\u00f6hnlichen\u00a0Zeiten zu leben und wir f\u00fchlen uns oft hilflos. Dieses Wochenende bietet\u00a0Werkzeuge an, um von Hilflosigkeit in aktive Hoffnung zu kommen. Wir werden eine kleine Gruppe sein und so kann ich mit jedem einzeln arbeiten und helfen, Blockaden zu bewegen.<\/p>\n<p>&nbsp;<\/p>\n<p>[\/et_pb_text][et_pb_testimonial author=&#8220;Marikka, Ayurvedic doctor, Darmstadt&#8220; admin_label=&#8220;Testimonial&#8220; _builder_version=&#8220;4.16&#8243; background_size=&#8220;initial&#8220; background_position=&#8220;top_left&#8220; background_repeat=&#8220;repeat&#8220; background_layout=&#8220;dark&#8220; global_colors_info=&#8220;{}&#8220;]<\/p>\n<p>Nochmals ein ganz, ganz herzliches Dankesch\u00f6n f\u00fcr den wunderbaren Workshop. Momentan bin ich noch ganz dizzy von den vielen Eindr\u00fccken und Erfahrungen. Besonders eine Sequenz hat mich total ber\u00fchrt, weil mir einmal mehr deutlich wurde, wie sehr ich &#8222;neben mir her lebe&#8220; und wie viel Potenzial da ist, wie viel ich schon geschafft habe und wie stark mein Vertrauen in meinen Lebensweg und mein h\u00f6heres Selbst faktisch ist. Also dann, auf zu neuen Ufern! Danke Dir so sehr.<\/p>\n<p>[\/et_pb_testimonial][et_pb_testimonial author=&#8220;Annette, Massage Therapist, Germany&#8220; admin_label=&#8220;Testimonial&#8220; _builder_version=&#8220;4.16&#8243; background_size=&#8220;initial&#8220; background_position=&#8220;top_left&#8220; background_repeat=&#8220;repeat&#8220; background_layout=&#8220;dark&#8220; global_colors_info=&#8220;{}&#8220;]<\/p>\n<p>Vielen Dank f\u00fcr das tolle Wochenende. Insgesamt f\u00fchle ich mich viel stimmiger, weil ich mittlerweile veraltete Werte verabschieden konnte. Und das f\u00fchlt sich umwerfend gut f\u00fcr mich an \ud83d\ude42<\/p>\n<p>[\/et_pb_testimonial][et_pb_testimonial author=&#8220;Christina, Germany&#8220; admin_label=&#8220;Testimonial&#8220; _builder_version=&#8220;4.16&#8243; background_size=&#8220;initial&#8220; background_position=&#8220;top_left&#8220; background_repeat=&#8220;repeat&#8220; background_layout=&#8220;dark&#8220; global_colors_info=&#8220;{}&#8220;]<\/p>\n<p>Es war unbeschreiblich sch\u00f6n, mit Dir Arbeiten zu k\u00f6nnen. Du gibst so viel Freiraum und es kann alles geschehen, wow\u2026.ich bin mit einem sooooo guten Gef\u00fchl gegangen und nat\u00fcrlich auch voller \u201eHoffnung\u201c.<\/p>\n<p>[\/et_pb_testimonial][et_pb_testimonial author=&#8220;Anette, Germany&#8220; admin_label=&#8220;Testimonial&#8220; _builder_version=&#8220;4.16&#8243; background_size=&#8220;initial&#8220; background_position=&#8220;top_left&#8220; background_repeat=&#8220;repeat&#8220; background_layout=&#8220;dark&#8220; global_colors_info=&#8220;{}&#8220;]<\/p>\n<p>Danke f\u00fcr das \u201ebewegende\u201c Seminar; Es hat eine so tiefe Erfahrung und Bereicherung f\u00fcr mein Leben gebracht, dass ich es nicht in Worte fassen kann. Ich empfinde eine so tiefe Liebe und Dankbarkeit f\u00fcr alles. Ich finde mich so tief verbunden mit jedem einzelnen aus dem Seminar. Du hast es so deutlich gemacht, auch den Dingen Raum zu geben, die man nicht so an sich mag. Danke! Ich f\u00fchle mich heute so best\u00e4tigt voller Selbstvertrauen. Es ist toll. Ein dickes Dankesch\u00f6n auch daf\u00fcr; wie du deine tiefe Liebe und Erkenntnis teilst. Ich habe mich so \u201esicher\u201c gef\u00fchlt und habe alle so lieb gewonnen, dass mir der Abschied schwer gefallen ist. Von Herzen<\/p>\n<p>[\/et_pb_testimonial][et_pb_testimonial author=&#8220;Anne, Deutschland&#8220; admin_label=&#8220;Testimonial&#8220; _builder_version=&#8220;4.16&#8243; background_size=&#8220;initial&#8220; background_position=&#8220;top_left&#8220; background_repeat=&#8220;repeat&#8220; background_layout=&#8220;dark&#8220; global_colors_info=&#8220;{}&#8220;]<\/p>\n<p>Nach dem Workshop &#8222;Schicksalslabyrinth&#8220; im Juni hat sich viel getan.\u00a0Ich rauche immer noch nicht! Ich ern\u00e4hre mich vegetarisch und habe ein Angebot von meiner Yoga-Lehrerin bekommen:Sie m\u00f6chte mich als Yoga-Lehrerin ausbilden.\u00a0Nach dem Workshop, zu Hause, als ich alles noch ein mal durchdacht habe, &#8222;Was will ich, was bin ich, u.s.w.&#8220;, ist mir vieles was ich tue als Irrweg vorgekommen. Jetzt \u00e4ndere ich so nach und nach mein Leben. Danke, Liebe Ghata!<\/p>\n<p>[\/et_pb_testimonial][\/et_pb_column][et_pb_column type=&#8220;1_4&#8243; _builder_version=&#8220;4.16&#8243; custom_padding=&#8220;|||&#8220; global_colors_info=&#8220;{}&#8220; custom_padding__hover=&#8220;|||&#8220;][et_pb_image src=&#8220;http:\/\/www.energy-healing-ghata.com\/wp-content\/uploads\/2014\/04\/IMG_0888-Custom-e1397006712537.jpg&#8220; align_tablet=&#8220;center&#8220; align_phone=&#8220;center&#8220; align_last_edited=&#8220;on|desktop&#8220; admin_label=&#8220;Image&#8220; _builder_version=&#8220;4.16&#8243; animation_style=&#8220;slide&#8220; animation_direction=&#8220;left&#8220; animation_duration=&#8220;500ms&#8220; animation_intensity_slide=&#8220;10%&#8220; animation=&#8220;left&#8220; global_colors_info=&#8220;{}&#8220;][\/et_pb_image][et_pb_image src=&#8220;http:\/\/www.energy-healing-ghata.com\/wp-content\/uploads\/2014\/04\/IMG_4682-Small.jpg&#8220; align_tablet=&#8220;center&#8220; align_phone=&#8220;center&#8220; align_last_edited=&#8220;on|desktop&#8220; admin_label=&#8220;Image&#8220; _builder_version=&#8220;4.16&#8243; animation_style=&#8220;slide&#8220; animation_direction=&#8220;left&#8220; animation_duration=&#8220;500ms&#8220; animation_intensity_slide=&#8220;10%&#8220; animation=&#8220;left&#8220; global_colors_info=&#8220;{}&#8220;][\/et_pb_image][et_pb_image src=&#8220;http:\/\/www.energy-healing-ghata.com\/wp-content\/uploads\/2014\/04\/DSCN0584-Custom.jpg&#8220; align_tablet=&#8220;center&#8220; align_phone=&#8220;center&#8220; align_last_edited=&#8220;on|desktop&#8220; admin_label=&#8220;Image&#8220; _builder_version=&#8220;4.16&#8243; animation_style=&#8220;slide&#8220; animation_direction=&#8220;left&#8220; animation_duration=&#8220;500ms&#8220; animation_intensity_slide=&#8220;10%&#8220; animation=&#8220;left&#8220; global_colors_info=&#8220;{}&#8220;][\/et_pb_image][et_pb_image src=&#8220;http:\/\/www.energy-healing-ghata.com\/wp-content\/uploads\/2014\/04\/IMG_4370-Small.jpg&#8220; align_tablet=&#8220;center&#8220; align_phone=&#8220;center&#8220; align_last_edited=&#8220;on|desktop&#8220; admin_label=&#8220;Image&#8220; _builder_version=&#8220;4.16&#8243; animation_style=&#8220;slide&#8220; animation_direction=&#8220;left&#8220; animation_duration=&#8220;500ms&#8220; animation_intensity_slide=&#8220;10%&#8220; animation=&#8220;left&#8220; global_colors_info=&#8220;{}&#8220;][\/et_pb_image][\/et_pb_column][\/et_pb_row][\/et_pb_section]<\/p>\n","protected":false},"excerpt":{"rendered":"<p>Frequenz der Hoffnung &nbsp; KRAFT UNSERES LICHTES An diesem Wochenende lernen wir, mit unserer h\u00f6chsten Frequenz in Verbindung zu treten und unsere Intuition und die Kraft unseres Lichtes zu nutzen, um uns selber, Andere und den Planeten zu unterst\u00fctzen. Was du erwarten kannst:-Individuelles Coaching in einer kleinen Gruppe-Schatten und\u00a0\u00c4ngsten zu begegnen, und so\u00a0dein Potential zu [&hellip;]<\/p>\n","protected":false},"author":4,"featured_media":0,"parent":0,"menu_order":0,"comment_status":"closed","ping_status":"closed","template":"","meta":{"_et_pb_use_builder":"on","_et_pb_old_content":"","_et_gb_content_width":"","footnotes":""},"class_list":["post-2369","page","type-page","status-publish","hentry"],"yoast_head":"<!-- This site is optimized with the Yoast SEO plugin v27.3 - https:\/\/yoast.com\/product\/yoast-seo-wordpress\/ -->\n<title>Frequenz der Hoffnung - Workshop - Energy Healing with Ghata<\/title>\n<meta name=\"robots\" content=\"index, follow, max-snippet:-1, max-image-preview:large, max-video-preview:-1\" \/>\n<link rel=\"canonical\" href=\"https:\/\/www.energy-healing-ghata.com\/de\/frequenz-der-hoffnung\/\" \/>\n<meta property=\"og:locale\" content=\"de_DE\" \/>\n<meta property=\"og:type\" content=\"article\" \/>\n<meta property=\"og:title\" content=\"Frequenz der Hoffnung - Workshop - Energy Healing with Ghata\" \/>\n<meta property=\"og:description\" content=\"Frequenz der Hoffnung &nbsp; KRAFT UNSERES LICHTES An diesem Wochenende lernen wir, mit unserer h\u00f6chsten Frequenz in Verbindung zu treten und unsere Intuition und die Kraft unseres Lichtes zu nutzen, um uns selber, Andere und den Planeten zu unterst\u00fctzen. Was du erwarten kannst:-Individuelles Coaching in einer kleinen Gruppe-Schatten und\u00a0\u00c4ngsten zu begegnen, und so\u00a0dein Potential zu [&hellip;]\" \/>\n<meta property=\"og:url\" content=\"https:\/\/www.energy-healing-ghata.com\/de\/frequenz-der-hoffnung\/\" \/>\n<meta property=\"og:site_name\" content=\"Energy Healing with Ghata\" \/>\n<meta property=\"article:modified_time\" content=\"2025-03-28T03:28:27+00:00\" \/>\n<meta name=\"twitter:label1\" content=\"Gesch\u00e4tzte Lesezeit\" \/>\n\t<meta name=\"twitter:data1\" content=\"4\u00a0Minuten\" \/>\n<script type=\"application\/ld+json\" class=\"yoast-schema-graph\">{\"@context\":\"https:\\\/\\\/schema.org\",\"@graph\":[{\"@type\":\"WebPage\",\"@id\":\"https:\\\/\\\/www.energy-healing-ghata.com\\\/de\\\/frequenz-der-hoffnung\\\/\",\"url\":\"https:\\\/\\\/www.energy-healing-ghata.com\\\/de\\\/frequenz-der-hoffnung\\\/\",\"name\":\"Frequenz der Hoffnung - Workshop - Energy Healing with Ghata\",\"isPartOf\":{\"@id\":\"https:\\\/\\\/www.energy-healing-ghata.com\\\/#website\"},\"datePublished\":\"2014-04-09T01:21:33+00:00\",\"dateModified\":\"2025-03-28T03:28:27+00:00\",\"breadcrumb\":{\"@id\":\"https:\\\/\\\/www.energy-healing-ghata.com\\\/de\\\/frequenz-der-hoffnung\\\/#breadcrumb\"},\"inLanguage\":\"de\",\"potentialAction\":[{\"@type\":\"ReadAction\",\"target\":[\"https:\\\/\\\/www.energy-healing-ghata.com\\\/de\\\/frequenz-der-hoffnung\\\/\"]}]},{\"@type\":\"BreadcrumbList\",\"@id\":\"https:\\\/\\\/www.energy-healing-ghata.com\\\/de\\\/frequenz-der-hoffnung\\\/#breadcrumb\",\"itemListElement\":[{\"@type\":\"ListItem\",\"position\":1,\"name\":\"Home\",\"item\":\"https:\\\/\\\/www.energy-healing-ghata.com\\\/de\\\/\"},{\"@type\":\"ListItem\",\"position\":2,\"name\":\"Frequenz der Hoffnung &#8211; Workshop\"}]},{\"@type\":\"WebSite\",\"@id\":\"https:\\\/\\\/www.energy-healing-ghata.com\\\/#website\",\"url\":\"https:\\\/\\\/www.energy-healing-ghata.com\\\/\",\"name\":\"Energy Healing with Ghata\",\"description\":\"Spirit of Light\",\"potentialAction\":[{\"@type\":\"SearchAction\",\"target\":{\"@type\":\"EntryPoint\",\"urlTemplate\":\"https:\\\/\\\/www.energy-healing-ghata.com\\\/?s={search_term_string}\"},\"query-input\":{\"@type\":\"PropertyValueSpecification\",\"valueRequired\":true,\"valueName\":\"search_term_string\"}}],\"inLanguage\":\"de\"}]}<\/script>\n<!-- \/ Yoast SEO plugin. -->","yoast_head_json":{"title":"Frequenz der Hoffnung - Workshop - Energy Healing with Ghata","robots":{"index":"index","follow":"follow","max-snippet":"max-snippet:-1","max-image-preview":"max-image-preview:large","max-video-preview":"max-video-preview:-1"},"canonical":"https:\/\/www.energy-healing-ghata.com\/de\/frequenz-der-hoffnung\/","og_locale":"de_DE","og_type":"article","og_title":"Frequenz der Hoffnung - Workshop - Energy Healing with Ghata","og_description":"Frequenz der Hoffnung &nbsp; KRAFT UNSERES LICHTES An diesem Wochenende lernen wir, mit unserer h\u00f6chsten Frequenz in Verbindung zu treten und unsere Intuition und die Kraft unseres Lichtes zu nutzen, um uns selber, Andere und den Planeten zu unterst\u00fctzen. Was du erwarten kannst:-Individuelles Coaching in einer kleinen Gruppe-Schatten und\u00a0\u00c4ngsten zu begegnen, und so\u00a0dein Potential zu [&hellip;]","og_url":"https:\/\/www.energy-healing-ghata.com\/de\/frequenz-der-hoffnung\/","og_site_name":"Energy Healing with Ghata","article_modified_time":"2025-03-28T03:28:27+00:00","twitter_misc":{"Gesch\u00e4tzte Lesezeit":"4\u00a0Minuten"},"schema":{"@context":"https:\/\/schema.org","@graph":[{"@type":"WebPage","@id":"https:\/\/www.energy-healing-ghata.com\/de\/frequenz-der-hoffnung\/","url":"https:\/\/www.energy-healing-ghata.com\/de\/frequenz-der-hoffnung\/","name":"Frequenz der Hoffnung - Workshop - Energy Healing with Ghata","isPartOf":{"@id":"https:\/\/www.energy-healing-ghata.com\/#website"},"datePublished":"2014-04-09T01:21:33+00:00","dateModified":"2025-03-28T03:28:27+00:00","breadcrumb":{"@id":"https:\/\/www.energy-healing-ghata.com\/de\/frequenz-der-hoffnung\/#breadcrumb"},"inLanguage":"de","potentialAction":[{"@type":"ReadAction","target":["https:\/\/www.energy-healing-ghata.com\/de\/frequenz-der-hoffnung\/"]}]},{"@type":"BreadcrumbList","@id":"https:\/\/www.energy-healing-ghata.com\/de\/frequenz-der-hoffnung\/#breadcrumb","itemListElement":[{"@type":"ListItem","position":1,"name":"Home","item":"https:\/\/www.energy-healing-ghata.com\/de\/"},{"@type":"ListItem","position":2,"name":"Frequenz der Hoffnung &#8211; Workshop"}]},{"@type":"WebSite","@id":"https:\/\/www.energy-healing-ghata.com\/#website","url":"https:\/\/www.energy-healing-ghata.com\/","name":"Energy Healing with Ghata","description":"Spirit of Light","potentialAction":[{"@type":"SearchAction","target":{"@type":"EntryPoint","urlTemplate":"https:\/\/www.energy-healing-ghata.com\/?s={search_term_string}"},"query-input":{"@type":"PropertyValueSpecification","valueRequired":true,"valueName":"search_term_string"}}],"inLanguage":"de"}]}},"jetpack_sharing_enabled":true,"_links":{"self":[{"href":"https:\/\/www.energy-healing-ghata.com\/de\/wp-json\/wp\/v2\/pages\/2369","targetHints":{"allow":["GET"]}}],"collection":[{"href":"https:\/\/www.energy-healing-ghata.com\/de\/wp-json\/wp\/v2\/pages"}],"about":[{"href":"https:\/\/www.energy-healing-ghata.com\/de\/wp-json\/wp\/v2\/types\/page"}],"author":[{"embeddable":true,"href":"https:\/\/www.energy-healing-ghata.com\/de\/wp-json\/wp\/v2\/users\/4"}],"replies":[{"embeddable":true,"href":"https:\/\/www.energy-healing-ghata.com\/de\/wp-json\/wp\/v2\/comments?post=2369"}],"version-history":[{"count":20,"href":"https:\/\/www.energy-healing-ghata.com\/de\/wp-json\/wp\/v2\/pages\/2369\/revisions"}],"predecessor-version":[{"id":9658,"href":"https:\/\/www.energy-healing-ghata.com\/de\/wp-json\/wp\/v2\/pages\/2369\/revisions\/9658"}],"wp:attachment":[{"href":"https:\/\/www.energy-healing-ghata.com\/de\/wp-json\/wp\/v2\/media?parent=2369"}],"curies":[{"name":"wp","href":"https:\/\/api.w.org\/{rel}","templated":true}]}}