{"id":2393,"date":"2010-07-18T06:50:36","date_gmt":"2010-07-18T06:50:36","guid":{"rendered":"http:\/\/www.energy-healing-ghata.com\/?page_id=2393"},"modified":"2014-05-07T11:04:56","modified_gmt":"2014-05-07T11:04:56","slug":"energy-healing-sessions","status":"publish","type":"page","link":"https:\/\/www.energy-healing-ghata.com\/de\/energy-healing-sessions\/","title":{"rendered":"Energie-Clearing und Channeling Sessions"},"content":{"rendered":"<p>[et_pb_section][et_pb_row][et_pb_column type=&#8220;3_4&#8243;][et_pb_text admin_label=&#8220;Text&#8220; background_layout=&#8220;light&#8220; text_orientation=&#8220;left&#8220;]<\/p>\n<h1><strong>Was ist eine Energie-Clearing Sitzung?<\/strong><\/h1>\n<p>In einer Energie-Clearing Sitzung stimmt sich Ghata in jemanden ein und erh\u00e4lt Informationen dar\u00fcber, was diese Person unterst\u00fctzen kann, ihr h\u00f6chstes Potential zu entfalten.<br \/>\nEine Session kann Einblick in begrenzende \u00dcberzeugungen und Muster geben und dabei helfen, diese Blockaden zu kl\u00e4ren und sich wieder mit der wahren Essenz zu verbinden. Erfahrungen aus der Vergangenheit oder aus anderen Leben k\u00f6nnen Blockierungen verursachen, die daran hindern, das volle Potenzial zu leben. In einer Sitzung k\u00f6nnen solche Dinge losgelassen werden.<br \/>\nGhata kann Fremdenergien oder Einfl\u00fcsse anderer erkennen und sie befreien und in f\u00fcr sie heilsame Ebenen geleiten. Hierdurch k\u00f6nnen sich nicht nur \u00c4ngste oder Schmerzen l\u00f6sen, sondern es kann ganz neue M\u00f6glichkeiten im Leben er\u00f6ffnen. Eine Sitzung kann die Verbindung zum h\u00f6heren Selbst, unterst\u00fctzenden Energien und Kraftquellen bewusst machen und verst\u00e4rken.<\/p>\n<p>[\/et_pb_text][et_pb_text admin_label=&#8220;Text&#8220; background_layout=&#8220;light&#8220; text_orientation=&#8220;left&#8220;]<\/p>\n<h2><strong>In einer Sitzung kann man<\/strong><\/h2>\n<p>\u2022 Einsichten in begrenzende \u00dcberzeugungen und Muster gewinnen<br \/>\n\u2022 Ein Loslassen und Heilen dieser Muster unterst\u00fctzen<br \/>\n\u2022 Ein Zur\u00fcckkehren zur urspr\u00fcnglichen Lebenskraft bewirken und<br \/>\n\u2022 Ein R\u00fcckverbinden mit der eigenen Essenz manifestieren<\/p>\n<p>Durch eine Energie-Clearing Sitzung kann man seine eigenen lichtvollen Qualit\u00e4ten erkennen und neue Klarheit und Freiheit erfahren.<\/p>\n<h2><strong>Eine Sitzung kann zum Beispiel helfen bei<\/strong><\/h2>\n<p>\u2022 Gesundheitsproblemen<br \/>\n\u2022 Abh\u00e4ngigkeiten<br \/>\n\u2022 Geldproblemen<br \/>\n\u2022 \u00c4ngsten<br \/>\n\u2022 Wiederkehrenden Blockaden<br \/>\n\u2022 Schlafproblemen<br \/>\n\u2022 Schwierigkeiten in Beziehungen und<br \/>\n\u2022 Negativen Energien in H\u00e4usern und Wohnungen<\/p>\n<p>[\/et_pb_text][et_pb_text admin_label=&#8220;Text&#8220; background_layout=&#8220;light&#8220; text_orientation=&#8220;left&#8220;]<\/p>\n<h2>Fernsitzungen<\/h2>\n<p>Ghata f\u00fchrt diese <strong>Sitzungen aus der Ferne<\/strong> durch. Durch ihre tiefe Liebe, ihr Mitgef\u00fchl, ihre Lichtpr\u00e4senz und ihre lange Erfahrung in den Reichen der Energien erschafft Ghata eine \u00d6ffnung f\u00fcr Vergebung, Klarheit, Loslassen und Kreativit\u00e4t. Ghata gibt dir mit ihrer Stimme ein Gef\u00fchl der Sicherheit und Geborgenheit, einen total gesch\u00fctzten Raum, in welchem man sofort bereit sein kann sich f\u00fcr das Kommende zu \u00f6ffnen.<br \/>\nDinge, die vorher im Dunkeln versteckt waren und einen gequ\u00e4lt haben werden pl\u00f6tzlich klar und verst\u00e4ndlich. Unterdr\u00fcckte und versteckte Muster, Emotionen und karmische Blockaden kommen zum Vorschein und werden durch Ghatas lichtvolle Arbeit und ihre sanfte, liebevolle Art aufgel\u00f6st und transformiert. Man ist bei einer Session nicht hilfloser Zuh\u00f6rer, sondern in jedem Moment voll bewusst dabei und kann somit alles m\u00fchelos nachvollziehen, mitgestalten, verstehen und integrieren.<br \/>\nDie innere St\u00e4rke und die Klarheit die w\u00e4hrend einer solchen Session mit Ghata entsteht, ist dauerhaft und zeigt die positiven Auswirkungen im Umgang mit der bearbeiteten Thematik speziell auch im Alltag.<\/p>\n<p>Nach einer Sitzung mit Ghata f\u00fchlt man sich erleichtert. Probleme k\u00f6nnen sich entweder buchst\u00e4blich aufgel\u00f6st haben oder man sieht M\u00f6glichkeiten sie zu l\u00f6sen.<\/p>\n<p>[\/et_pb_text][\/et_pb_column][et_pb_column type=&#8220;1_4&#8243;][et_pb_image admin_label=&#8220;Image&#8220; src=&#8220;http:\/\/www.energy-healing-ghata.com\/wp-content\/uploads\/2010\/07\/Ghata94-Small.jpg&#8220; url_new_window=&#8220;off&#8220; animation=&#8220;left&#8220; \/][et_pb_image admin_label=&#8220;Image&#8220; src=&#8220;http:\/\/www.energy-healing-ghata.com\/wp-content\/uploads\/2011\/05\/IMG_8610-Small-e1396936749281.jpg&#8220; url_new_window=&#8220;off&#8220; animation=&#8220;left&#8220; \/][et_pb_image admin_label=&#8220;Image&#8220; src=&#8220;http:\/\/www.energy-healing-ghata.com\/wp-content\/uploads\/2010\/07\/IMG_5931-Small.jpg&#8220; url_new_window=&#8220;off&#8220; animation=&#8220;left&#8220; \/][et_pb_image admin_label=&#8220;Image&#8220; src=&#8220;http:\/\/www.energy-healing-ghata.com\/wp-content\/uploads\/2010\/07\/Ghata-meditates-in-flowers-Small.jpg&#8220; url_new_window=&#8220;off&#8220; animation=&#8220;left&#8220; \/][et_pb_image admin_label=&#8220;Image&#8220; src=&#8220;http:\/\/www.energy-healing-ghata.com\/wp-content\/uploads\/2010\/07\/Ghata-with-goddess-Small.jpg&#8220; url_new_window=&#8220;off&#8220; animation=&#8220;left&#8220; \/][\/et_pb_column][\/et_pb_row][\/et_pb_section]<\/p>\n","protected":false},"excerpt":{"rendered":"<p><div class=\"et_pb_section et_pb_section_0 et_section_regular\" >\n\t\t\t\t\n\t\t\t\t\n\t\t\t\t\n\t\t\t\t\n\t\t\t\t\n\t\t\t\t\n\t\t\t\t\n\t\t\t\t\n\t\t\t\t\n\t\t\t<\/div><div class=\"et_pb_row et_pb_row_0 et_pb_row_empty\">\n\t\t\t\t\n\t\t\t\t\n\t\t\t\t\n\t\t\t\t\n\t\t\t\t\n\t\t\t<\/div> Was ist eine Energie-Clearing Sitzung? In einer Energie-Clearing Sitzung stimmt sich Ghata in jemanden ein und erh\u00e4lt Informationen dar\u00fcber, was diese Person unterst\u00fctzen kann, ihr h\u00f6chstes Potential zu entfalten. Eine Session kann Einblick in begrenzende \u00dcberzeugungen und Muster geben und dabei helfen, diese Blockaden zu kl\u00e4ren und sich wieder mit der wahren Essenz zu [&hellip;]<\/p>\n","protected":false},"author":4,"featured_media":0,"parent":0,"menu_order":0,"comment_status":"closed","ping_status":"closed","template":"","meta":{"_et_pb_use_builder":"on","_et_pb_old_content":"<p>This site is to publish pictures from my workshops and trainings.<br \/> Enjoy! Ghata<\/p>","_et_gb_content_width":"","footnotes":""},"class_list":["post-2393","page","type-page","status-publish","hentry"],"yoast_head":"<!-- This site is optimized with the Yoast SEO plugin v27.4 - https:\/\/yoast.com\/product\/yoast-seo-wordpress\/ -->\n<title>Energie-Clearing und Channeling Sessions  - Energy Healing with Ghata<\/title>\n<meta name=\"robots\" content=\"index, follow, max-snippet:-1, max-image-preview:large, max-video-preview:-1\" \/>\n<link rel=\"canonical\" href=\"https:\/\/www.energy-healing-ghata.com\/de\/energy-healing-sessions\/\" \/>\n<meta property=\"og:locale\" content=\"de_DE\" \/>\n<meta property=\"og:type\" content=\"article\" \/>\n<meta property=\"og:title\" content=\"Energie-Clearing und Channeling Sessions  - Energy Healing with Ghata\" \/>\n<meta property=\"og:description\" content=\"Was ist eine Energie-Clearing Sitzung? In einer Energie-Clearing Sitzung stimmt sich Ghata in jemanden ein und erh\u00e4lt Informationen dar\u00fcber, was diese Person unterst\u00fctzen kann, ihr h\u00f6chstes Potential zu entfalten. Eine Session kann Einblick in begrenzende \u00dcberzeugungen und Muster geben und dabei helfen, diese Blockaden zu kl\u00e4ren und sich wieder mit der wahren Essenz zu [&hellip;]\" \/>\n<meta property=\"og:url\" content=\"https:\/\/www.energy-healing-ghata.com\/de\/energy-healing-sessions\/\" \/>\n<meta property=\"og:site_name\" content=\"Energy Healing with Ghata\" \/>\n<meta property=\"article:modified_time\" content=\"2014-05-07T11:04:56+00:00\" \/>\n<meta name=\"twitter:label1\" content=\"Gesch\u00e4tzte Lesezeit\" \/>\n\t<meta name=\"twitter:data1\" content=\"3\u00a0Minuten\" \/>\n<script type=\"application\/ld+json\" class=\"yoast-schema-graph\">{\"@context\":\"https:\\\/\\\/schema.org\",\"@graph\":[{\"@type\":\"WebPage\",\"@id\":\"https:\\\/\\\/www.energy-healing-ghata.com\\\/de\\\/energy-healing-sessions\\\/\",\"url\":\"https:\\\/\\\/www.energy-healing-ghata.com\\\/de\\\/energy-healing-sessions\\\/\",\"name\":\"Energie-Clearing und Channeling Sessions - Energy Healing with Ghata\",\"isPartOf\":{\"@id\":\"https:\\\/\\\/www.energy-healing-ghata.com\\\/#website\"},\"datePublished\":\"2010-07-18T06:50:36+00:00\",\"dateModified\":\"2014-05-07T11:04:56+00:00\",\"breadcrumb\":{\"@id\":\"https:\\\/\\\/www.energy-healing-ghata.com\\\/de\\\/energy-healing-sessions\\\/#breadcrumb\"},\"inLanguage\":\"de\",\"potentialAction\":[{\"@type\":\"ReadAction\",\"target\":[\"https:\\\/\\\/www.energy-healing-ghata.com\\\/de\\\/energy-healing-sessions\\\/\"]}]},{\"@type\":\"BreadcrumbList\",\"@id\":\"https:\\\/\\\/www.energy-healing-ghata.com\\\/de\\\/energy-healing-sessions\\\/#breadcrumb\",\"itemListElement\":[{\"@type\":\"ListItem\",\"position\":1,\"name\":\"Home\",\"item\":\"https:\\\/\\\/www.energy-healing-ghata.com\\\/de\\\/\"},{\"@type\":\"ListItem\",\"position\":2,\"name\":\"Energie-Clearing und Channeling Sessions\"}]},{\"@type\":\"WebSite\",\"@id\":\"https:\\\/\\\/www.energy-healing-ghata.com\\\/#website\",\"url\":\"https:\\\/\\\/www.energy-healing-ghata.com\\\/\",\"name\":\"Energy Healing with Ghata\",\"description\":\"Spirit of Light\",\"potentialAction\":[{\"@type\":\"SearchAction\",\"target\":{\"@type\":\"EntryPoint\",\"urlTemplate\":\"https:\\\/\\\/www.energy-healing-ghata.com\\\/?s={search_term_string}\"},\"query-input\":{\"@type\":\"PropertyValueSpecification\",\"valueRequired\":true,\"valueName\":\"search_term_string\"}}],\"inLanguage\":\"de\"}]}<\/script>\n<!-- \/ Yoast SEO plugin. -->","yoast_head_json":{"title":"Energie-Clearing und Channeling Sessions  - Energy Healing with Ghata","robots":{"index":"index","follow":"follow","max-snippet":"max-snippet:-1","max-image-preview":"max-image-preview:large","max-video-preview":"max-video-preview:-1"},"canonical":"https:\/\/www.energy-healing-ghata.com\/de\/energy-healing-sessions\/","og_locale":"de_DE","og_type":"article","og_title":"Energie-Clearing und Channeling Sessions  - Energy Healing with Ghata","og_description":"Was ist eine Energie-Clearing Sitzung? In einer Energie-Clearing Sitzung stimmt sich Ghata in jemanden ein und erh\u00e4lt Informationen dar\u00fcber, was diese Person unterst\u00fctzen kann, ihr h\u00f6chstes Potential zu entfalten. Eine Session kann Einblick in begrenzende \u00dcberzeugungen und Muster geben und dabei helfen, diese Blockaden zu kl\u00e4ren und sich wieder mit der wahren Essenz zu [&hellip;]","og_url":"https:\/\/www.energy-healing-ghata.com\/de\/energy-healing-sessions\/","og_site_name":"Energy Healing with Ghata","article_modified_time":"2014-05-07T11:04:56+00:00","twitter_misc":{"Gesch\u00e4tzte Lesezeit":"3\u00a0Minuten"},"schema":{"@context":"https:\/\/schema.org","@graph":[{"@type":"WebPage","@id":"https:\/\/www.energy-healing-ghata.com\/de\/energy-healing-sessions\/","url":"https:\/\/www.energy-healing-ghata.com\/de\/energy-healing-sessions\/","name":"Energie-Clearing und Channeling Sessions - Energy Healing with Ghata","isPartOf":{"@id":"https:\/\/www.energy-healing-ghata.com\/#website"},"datePublished":"2010-07-18T06:50:36+00:00","dateModified":"2014-05-07T11:04:56+00:00","breadcrumb":{"@id":"https:\/\/www.energy-healing-ghata.com\/de\/energy-healing-sessions\/#breadcrumb"},"inLanguage":"de","potentialAction":[{"@type":"ReadAction","target":["https:\/\/www.energy-healing-ghata.com\/de\/energy-healing-sessions\/"]}]},{"@type":"BreadcrumbList","@id":"https:\/\/www.energy-healing-ghata.com\/de\/energy-healing-sessions\/#breadcrumb","itemListElement":[{"@type":"ListItem","position":1,"name":"Home","item":"https:\/\/www.energy-healing-ghata.com\/de\/"},{"@type":"ListItem","position":2,"name":"Energie-Clearing und Channeling Sessions"}]},{"@type":"WebSite","@id":"https:\/\/www.energy-healing-ghata.com\/#website","url":"https:\/\/www.energy-healing-ghata.com\/","name":"Energy Healing with Ghata","description":"Spirit of Light","potentialAction":[{"@type":"SearchAction","target":{"@type":"EntryPoint","urlTemplate":"https:\/\/www.energy-healing-ghata.com\/?s={search_term_string}"},"query-input":{"@type":"PropertyValueSpecification","valueRequired":true,"valueName":"search_term_string"}}],"inLanguage":"de"}]}},"jetpack_sharing_enabled":true,"_links":{"self":[{"href":"https:\/\/www.energy-healing-ghata.com\/de\/wp-json\/wp\/v2\/pages\/2393","targetHints":{"allow":["GET"]}}],"collection":[{"href":"https:\/\/www.energy-healing-ghata.com\/de\/wp-json\/wp\/v2\/pages"}],"about":[{"href":"https:\/\/www.energy-healing-ghata.com\/de\/wp-json\/wp\/v2\/types\/page"}],"author":[{"embeddable":true,"href":"https:\/\/www.energy-healing-ghata.com\/de\/wp-json\/wp\/v2\/users\/4"}],"replies":[{"embeddable":true,"href":"https:\/\/www.energy-healing-ghata.com\/de\/wp-json\/wp\/v2\/comments?post=2393"}],"version-history":[{"count":12,"href":"https:\/\/www.energy-healing-ghata.com\/de\/wp-json\/wp\/v2\/pages\/2393\/revisions"}],"predecessor-version":[{"id":3162,"href":"https:\/\/www.energy-healing-ghata.com\/de\/wp-json\/wp\/v2\/pages\/2393\/revisions\/3162"}],"wp:attachment":[{"href":"https:\/\/www.energy-healing-ghata.com\/de\/wp-json\/wp\/v2\/media?parent=2393"}],"curies":[{"name":"wp","href":"https:\/\/api.w.org\/{rel}","templated":true}]}}