{"id":2402,"date":"2014-04-09T00:55:04","date_gmt":"2014-04-09T00:55:04","guid":{"rendered":"http:\/\/www.energy-healing-ghata.com\/?page_id=2402"},"modified":"2014-05-07T12:31:48","modified_gmt":"2014-05-07T12:31:48","slug":"building-bridges-workshop","status":"publish","type":"page","link":"https:\/\/www.energy-healing-ghata.com\/de\/building-bridges-workshop\/","title":{"rendered":"Br\u00fccken Bauen &#8211; Workshop"},"content":{"rendered":"<p>[et_pb_section][et_pb_row][et_pb_column type=&#8220;3_4&#8243;][et_pb_text admin_label=&#8220;Text&#8220; background_layout=&#8220;light&#8220; text_orientation=&#8220;left&#8220;]<\/p>\n<h1>Br\u00fccken Bauen<\/h1>\n<p>\u00a0<\/p>\n<h2>M\u00e4nner feiern und Frauen besser verstehen &#8211; <\/h2>\n<h2>Die spannende Dynamik zwischen Mann und Frau<\/h2>\n<p>Dieses Seminar besch\u00e4ftigt sich mit dem Unterschied zwischen Mann und Frau. Es geht darum, ein besseres Verh\u00e4ltnis zwischen Mann und Frau zu unterst\u00fctzen. Dabei ist es egal ob man in einer Beziehung ist, gerne in einer Beziehung sein m\u00f6chte oder mit dem anderen Geschlecht arbeitet oder lebt.<\/p>\n<h3>Mehr Verst\u00e4ndnis f\u00fcreinander<\/h3>\n<p>Das Wochenende hilft mehr Verst\u00e4ndnis f\u00fcreinander aufzubringen und damit mehr Freude mit und aneinander zu haben und ein erf\u00fcllteres Leben zu leben. In diesem Seminar lernt man auch, sich selber besser zu verstehen.<\/p>\n<p>Ghata hat viele Jahre lang das Verh\u00e4ltnis zwischen Mann und Frau studiert. Sie bringt ihre eigene Erfahrung von einigen gescheiterten Beziehungen und nach vielen schwierigen Erfahrungen jetzt einer 2. und gl\u00fccklichen Ehe mit in den Workshop. Sie m\u00f6chte Menschen helfen, ein besseres Verst\u00e4ndnis f\u00fcr das \u201eandere Geschlecht\u201c zu entwickeln, den Krieg zwischen Mann und Frau zu beenden und damit gl\u00fccklicher zu leben.<\/p>\n<p>\u00a0<\/p>\n<p>[\/et_pb_text][et_pb_testimonial admin_label=&#8220;Testimonial&#8220; author=&#8220;Susanne, Therapeutin und Hartmut, Deutschland&#8220; url_new_window=&#8220;off&#8220;]<\/p>\n<p>Es danken Dir zwei liebende Herzen, Hartmut und Susanne. Schon als wir letztes Jahr geh\u00f6rt haben, dass Du einen Workshop f\u00fcr Frau und Mann, Paarbeziehungen geben wirst, flatterten unsere Herzen. Das was in diesem Workshop geschehen ist, all das was wir erleben durften und das was alles m\u00f6glich wurde, hat unsere Erwartungen bei Weitem \u00fcbertroffen. Unsere Beziehung und Verbindung zueinander ist nach Deinem Workshop intensiver und noch tiefer geworden. Es ist als h\u00e4tten sich zwei Herzen noch tiefer miteinander verbinden k\u00f6nnen. Ein wahres Geschenk f\u00fcr unsere noch relativ junge Partnerschaft. Sehr angenehm war die Offenheit und das Vertrauen in der Gruppe. Die Basis, um mit einfachen und unkomplizierten \u00dcbungen tiefgreifenden Erfahrungen\u00a0zu machen. Wir haben so viel auch aus den Erfahrungen der anderen Paare und Personen gelernt und ganz viel f\u00fcr uns mitgenommen.\u00a0Einige \u00dcbungen sind auch f\u00fcr zu Hause super. Jedem der eine M\u00f6glichkeit sucht, seine Partnerschaft zu verbessern und intensiver zu leben, k\u00f6nnen wir Deinen Workshop nur empfehlen. Wir sind auf jeden Fall im n\u00e4chsten Jahr wieder dabei. Es danken Dir zwei erf\u00fcllte Herzen f\u00fcr Deine tolle Arbeit und umarmen Dich.<\/p>\n<p>[\/et_pb_testimonial][et_pb_testimonial admin_label=&#8220;Testimonial&#8220; author=&#8220;Heike, Kosmetikerin, Energiearbeiterin, Wildberg&#8220; url_new_window=&#8220;off&#8220;]<\/p>\n<p>Br\u00fccken bauen ein Kurs f\u00fcr Paare, dachte ich &#8230;.. Zuerst war ich etwas traurig, da ich mich alleine, ohne meinen Partner zu diesem Kurs angemeldet habe und ich wusste nicht ob es \u00fcberhaupt einen Sinn hat teilzunehmen, ohne ihn. Doch nach der ersten Stunde war mir klar, dass es egal ist mit oder Partner dabei zu sein, wichtig ist nur was ich f\u00fcr mich selbst mitnehmen kann und dass war unbeschreiblich viel. Warum meine Partnerschaft nicht so funktioniert wie ich es gerne m\u00f6chte, wie ich alleine etwas \u00e4ndern kann, ohne es immer von meinem Partner zu verlangen, dass die Dinge die ich f\u00fchle, er gar nicht so f\u00fchlen oder so empfinden muss wie ich es tue. Dank diesem Kurs verstehe ich meinen Partner um so vieles besser und es ist wieder Harmonie in unserer Partnerschaft eingekehrt. Lieben kann so einfach sein, wenn man wei\u00df wie und das WIE hat mir Ghata in diesem wundervollen Kurs gezeigt. Ich kann es kaum erwarten bis es im n\u00e4chsten Jahr weiter geht.<br \/> DANKE f\u00fcr alles.<\/p>\n<p>[\/et_pb_testimonial][et_pb_testimonial admin_label=&#8220;Testimonial&#8220; author=&#8220;Alexander,Deutschland&#8220; url_new_window=&#8220;off&#8220;]<\/p>\n<p>Liebe Ghata, herzlichen Dank f\u00fcr Dein neues Seminar \u201eBr\u00fccken bauen\u201c. Es tr\u00e4gt bis heute in mein Leben hinein. Dadurch, dass ich in Deinem Seminar Heilung erfahren habe, Heilung von alten Wunden, die bis in meine Kindheit zur\u00fcckreichen, kann ich heute anders, befreiter, auf eine m\u00f6gliche Partnerin zugehen. Mein altes Muster hat sich ver\u00e4ndert. Es tut gut zu sehen, dass nicht mehr das Muster die Beziehung aussucht. Ich bin auf meine neuen Erfahrungen gespannt.<br \/> Es war f\u00fcr mich auch bereichernd, dass Du immer wieder die Unterschiede zwischen Mann und Frau, die aus fr\u00fchzeitlichen Notwendigkeiten entstanden und bis heute sich erhalten haben, aufgezeigt hast. Das hat bei mir zu gr\u00f6\u00dferem Verst\u00e4ndnis f\u00fcr Mann und f\u00fcr Frau gef\u00fchrt.<br \/> Daneben hast Du uns ausreichend Zeit und Raum gegeben f\u00fcr unsere pers\u00f6nlichen Themen, die sich an diesem Wochenende nach oben gesp\u00fclt haben. Wie immer bist Du liebevoll und direkt auf jeden eingegangen und jeder ist daraus bereichert nach Hause gefahren.<br \/> Von Herzen Danke f\u00fcr Deine Begleitung und Deine Arbeit. M\u00f6gen weitere Seminare \u201eBr\u00fccken bauen\u201c folgen.<\/p>\n<p>[\/et_pb_testimonial][\/et_pb_column][et_pb_column type=&#8220;1_4&#8243;][et_pb_image admin_label=&#8220;Image&#8220; src=&#8220;http:\/\/www.energy-healing-ghata.com\/wp-content\/uploads\/2014\/04\/IMG_7027-Small.jpg&#8220; url_new_window=&#8220;off&#8220; animation=&#8220;left&#8220; \/][et_pb_image admin_label=&#8220;Image&#8220; src=&#8220;http:\/\/www.energy-healing-ghata.com\/wp-content\/uploads\/2014\/04\/IMG_0853-Custom.jpg&#8220; url_new_window=&#8220;off&#8220; animation=&#8220;left&#8220; \/][et_pb_image admin_label=&#8220;Image&#8220; src=&#8220;http:\/\/www.energy-healing-ghata.com\/wp-content\/uploads\/2014\/04\/IMG_0971-Custom-e1397006054583.jpg&#8220; url_new_window=&#8220;off&#8220; animation=&#8220;left&#8220; \/][et_pb_image admin_label=&#8220;Image&#8220; src=&#8220;http:\/\/www.energy-healing-ghata.com\/wp-content\/uploads\/2014\/04\/IMG_0861-Custom-e1397006129410.jpg&#8220; url_new_window=&#8220;off&#8220; animation=&#8220;left&#8220; \/][\/et_pb_column][\/et_pb_row][\/et_pb_section]<\/p>\n","protected":false},"excerpt":{"rendered":"<p><div class=\"et_pb_section et_pb_section_0 et_section_regular\" >\n\t\t\t\t\n\t\t\t\t\n\t\t\t\t\n\t\t\t\t\n\t\t\t\t\n\t\t\t\t\n\t\t\t\t\n\t\t\t\t\n\t\t\t\t\n\t\t\t<\/div><div class=\"et_pb_row et_pb_row_0 et_pb_row_empty\">\n\t\t\t\t\n\t\t\t\t\n\t\t\t\t\n\t\t\t\t\n\t\t\t\t\n\t\t\t<\/div>Br\u00fccken Bauen\u00a0M\u00e4nner feiern und Frauen besser verstehen &#8211; Die spannende Dynamik zwischen Mann und FrauDieses Seminar besch\u00e4ftigt sich mit dem Unterschied zwischen Mann und Frau. Es geht darum, ein besseres Verh\u00e4ltnis zwischen Mann und Frau zu unterst\u00fctzen. Dabei ist es egal ob man in einer Beziehung ist, gerne in einer Beziehung sein m\u00f6chte oder mit [&hellip;]<\/p>\n","protected":false},"author":4,"featured_media":0,"parent":0,"menu_order":0,"comment_status":"closed","ping_status":"closed","template":"","meta":{"_et_pb_use_builder":"on","_et_pb_old_content":"","_et_gb_content_width":"","footnotes":""},"class_list":["post-2402","page","type-page","status-publish","hentry"],"yoast_head":"<!-- This site is optimized with the Yoast SEO plugin v27.3 - https:\/\/yoast.com\/product\/yoast-seo-wordpress\/ -->\n<title>Br\u00fccken Bauen - Workshop - Energy Healing with Ghata<\/title>\n<meta name=\"robots\" content=\"index, follow, max-snippet:-1, max-image-preview:large, max-video-preview:-1\" \/>\n<link rel=\"canonical\" href=\"https:\/\/www.energy-healing-ghata.com\/de\/building-bridges-workshop\/\" \/>\n<meta property=\"og:locale\" content=\"de_DE\" \/>\n<meta property=\"og:type\" content=\"article\" \/>\n<meta property=\"og:title\" content=\"Br\u00fccken Bauen - Workshop - Energy Healing with Ghata\" \/>\n<meta property=\"og:description\" content=\"Br\u00fccken Bauen\u00a0M\u00e4nner feiern und Frauen besser verstehen - Die spannende Dynamik zwischen Mann und FrauDieses Seminar besch\u00e4ftigt sich mit dem Unterschied zwischen Mann und Frau. Es geht darum, ein besseres Verh\u00e4ltnis zwischen Mann und Frau zu unterst\u00fctzen. Dabei ist es egal ob man in einer Beziehung ist, gerne in einer Beziehung sein m\u00f6chte oder mit [&hellip;]\" \/>\n<meta property=\"og:url\" content=\"https:\/\/www.energy-healing-ghata.com\/de\/building-bridges-workshop\/\" \/>\n<meta property=\"og:site_name\" content=\"Energy Healing with Ghata\" \/>\n<meta property=\"article:modified_time\" content=\"2014-05-07T12:31:48+00:00\" \/>\n<meta name=\"twitter:label1\" content=\"Gesch\u00e4tzte Lesezeit\" \/>\n\t<meta name=\"twitter:data1\" content=\"5\u00a0Minuten\" \/>\n<script type=\"application\/ld+json\" class=\"yoast-schema-graph\">{\"@context\":\"https:\\\/\\\/schema.org\",\"@graph\":[{\"@type\":\"WebPage\",\"@id\":\"https:\\\/\\\/www.energy-healing-ghata.com\\\/de\\\/building-bridges-workshop\\\/\",\"url\":\"https:\\\/\\\/www.energy-healing-ghata.com\\\/de\\\/building-bridges-workshop\\\/\",\"name\":\"Br\u00fccken Bauen - Workshop - Energy Healing with Ghata\",\"isPartOf\":{\"@id\":\"https:\\\/\\\/www.energy-healing-ghata.com\\\/#website\"},\"datePublished\":\"2014-04-09T00:55:04+00:00\",\"dateModified\":\"2014-05-07T12:31:48+00:00\",\"breadcrumb\":{\"@id\":\"https:\\\/\\\/www.energy-healing-ghata.com\\\/de\\\/building-bridges-workshop\\\/#breadcrumb\"},\"inLanguage\":\"de\",\"potentialAction\":[{\"@type\":\"ReadAction\",\"target\":[\"https:\\\/\\\/www.energy-healing-ghata.com\\\/de\\\/building-bridges-workshop\\\/\"]}]},{\"@type\":\"BreadcrumbList\",\"@id\":\"https:\\\/\\\/www.energy-healing-ghata.com\\\/de\\\/building-bridges-workshop\\\/#breadcrumb\",\"itemListElement\":[{\"@type\":\"ListItem\",\"position\":1,\"name\":\"Home\",\"item\":\"https:\\\/\\\/www.energy-healing-ghata.com\\\/de\\\/\"},{\"@type\":\"ListItem\",\"position\":2,\"name\":\"Br\u00fccken Bauen &#8211; Workshop\"}]},{\"@type\":\"WebSite\",\"@id\":\"https:\\\/\\\/www.energy-healing-ghata.com\\\/#website\",\"url\":\"https:\\\/\\\/www.energy-healing-ghata.com\\\/\",\"name\":\"Energy Healing with Ghata\",\"description\":\"Spirit of Light\",\"potentialAction\":[{\"@type\":\"SearchAction\",\"target\":{\"@type\":\"EntryPoint\",\"urlTemplate\":\"https:\\\/\\\/www.energy-healing-ghata.com\\\/?s={search_term_string}\"},\"query-input\":{\"@type\":\"PropertyValueSpecification\",\"valueRequired\":true,\"valueName\":\"search_term_string\"}}],\"inLanguage\":\"de\"}]}<\/script>\n<!-- \/ Yoast SEO plugin. -->","yoast_head_json":{"title":"Br\u00fccken Bauen - Workshop - Energy Healing with Ghata","robots":{"index":"index","follow":"follow","max-snippet":"max-snippet:-1","max-image-preview":"max-image-preview:large","max-video-preview":"max-video-preview:-1"},"canonical":"https:\/\/www.energy-healing-ghata.com\/de\/building-bridges-workshop\/","og_locale":"de_DE","og_type":"article","og_title":"Br\u00fccken Bauen - Workshop - Energy Healing with Ghata","og_description":"Br\u00fccken Bauen\u00a0M\u00e4nner feiern und Frauen besser verstehen - Die spannende Dynamik zwischen Mann und FrauDieses Seminar besch\u00e4ftigt sich mit dem Unterschied zwischen Mann und Frau. Es geht darum, ein besseres Verh\u00e4ltnis zwischen Mann und Frau zu unterst\u00fctzen. Dabei ist es egal ob man in einer Beziehung ist, gerne in einer Beziehung sein m\u00f6chte oder mit [&hellip;]","og_url":"https:\/\/www.energy-healing-ghata.com\/de\/building-bridges-workshop\/","og_site_name":"Energy Healing with Ghata","article_modified_time":"2014-05-07T12:31:48+00:00","twitter_misc":{"Gesch\u00e4tzte Lesezeit":"5\u00a0Minuten"},"schema":{"@context":"https:\/\/schema.org","@graph":[{"@type":"WebPage","@id":"https:\/\/www.energy-healing-ghata.com\/de\/building-bridges-workshop\/","url":"https:\/\/www.energy-healing-ghata.com\/de\/building-bridges-workshop\/","name":"Br\u00fccken Bauen - Workshop - Energy Healing with Ghata","isPartOf":{"@id":"https:\/\/www.energy-healing-ghata.com\/#website"},"datePublished":"2014-04-09T00:55:04+00:00","dateModified":"2014-05-07T12:31:48+00:00","breadcrumb":{"@id":"https:\/\/www.energy-healing-ghata.com\/de\/building-bridges-workshop\/#breadcrumb"},"inLanguage":"de","potentialAction":[{"@type":"ReadAction","target":["https:\/\/www.energy-healing-ghata.com\/de\/building-bridges-workshop\/"]}]},{"@type":"BreadcrumbList","@id":"https:\/\/www.energy-healing-ghata.com\/de\/building-bridges-workshop\/#breadcrumb","itemListElement":[{"@type":"ListItem","position":1,"name":"Home","item":"https:\/\/www.energy-healing-ghata.com\/de\/"},{"@type":"ListItem","position":2,"name":"Br\u00fccken Bauen &#8211; Workshop"}]},{"@type":"WebSite","@id":"https:\/\/www.energy-healing-ghata.com\/#website","url":"https:\/\/www.energy-healing-ghata.com\/","name":"Energy Healing with Ghata","description":"Spirit of Light","potentialAction":[{"@type":"SearchAction","target":{"@type":"EntryPoint","urlTemplate":"https:\/\/www.energy-healing-ghata.com\/?s={search_term_string}"},"query-input":{"@type":"PropertyValueSpecification","valueRequired":true,"valueName":"search_term_string"}}],"inLanguage":"de"}]}},"jetpack_sharing_enabled":true,"_links":{"self":[{"href":"https:\/\/www.energy-healing-ghata.com\/de\/wp-json\/wp\/v2\/pages\/2402","targetHints":{"allow":["GET"]}}],"collection":[{"href":"https:\/\/www.energy-healing-ghata.com\/de\/wp-json\/wp\/v2\/pages"}],"about":[{"href":"https:\/\/www.energy-healing-ghata.com\/de\/wp-json\/wp\/v2\/types\/page"}],"author":[{"embeddable":true,"href":"https:\/\/www.energy-healing-ghata.com\/de\/wp-json\/wp\/v2\/users\/4"}],"replies":[{"embeddable":true,"href":"https:\/\/www.energy-healing-ghata.com\/de\/wp-json\/wp\/v2\/comments?post=2402"}],"version-history":[{"count":12,"href":"https:\/\/www.energy-healing-ghata.com\/de\/wp-json\/wp\/v2\/pages\/2402\/revisions"}],"predecessor-version":[{"id":3182,"href":"https:\/\/www.energy-healing-ghata.com\/de\/wp-json\/wp\/v2\/pages\/2402\/revisions\/3182"}],"wp:attachment":[{"href":"https:\/\/www.energy-healing-ghata.com\/de\/wp-json\/wp\/v2\/media?parent=2402"}],"curies":[{"name":"wp","href":"https:\/\/api.w.org\/{rel}","templated":true}]}}