{"id":2406,"date":"2014-04-09T01:36:34","date_gmt":"2014-04-09T01:36:34","guid":{"rendered":"http:\/\/www.energy-healing-ghata.com\/?page_id=2406"},"modified":"2025-03-28T03:20:54","modified_gmt":"2025-03-28T03:20:54","slug":"moonphases-workshop","status":"publish","type":"page","link":"https:\/\/www.energy-healing-ghata.com\/de\/moonphases-workshop\/","title":{"rendered":"Mondphasen &#8211; Workshop"},"content":{"rendered":"<p>[et_pb_section fb_built=&#8220;1&#8243; _builder_version=&#8220;4.16&#8243; global_colors_info=&#8220;{}&#8220;][et_pb_row column_structure=&#8220;3_4,1_4&#8243; _builder_version=&#8220;4.16&#8243; background_size=&#8220;initial&#8220; background_position=&#8220;top_left&#8220; background_repeat=&#8220;repeat&#8220; global_colors_info=&#8220;{}&#8220;][et_pb_column type=&#8220;3_4&#8243; _builder_version=&#8220;4.16&#8243; custom_padding=&#8220;|||&#8220; global_colors_info=&#8220;{}&#8220; custom_padding__hover=&#8220;|||&#8220;][et_pb_text admin_label=&#8220;Text&#8220; _builder_version=&#8220;4.16&#8243; background_size=&#8220;initial&#8220; background_position=&#8220;top_left&#8220; background_repeat=&#8220;repeat&#8220; global_colors_info=&#8220;{}&#8220;]<\/p>\n<h1><strong>Mondphasen &#8211; Ein Workshop f\u00fcr Frauen<\/strong><\/h1>\n<p>An diesem Wochenende wird das \u201eFrau-Sein\u201c mit Euch erforscht und gefeiert. Es ist ein Wochenende an dem die verschieden Phasen\/ Zyklen im Leben einer Frau erkundet werden und \u00fcber Rituale und Energiearbeit, Bewegung und Erforschung, Heilung f\u00fcr die unterschiedlichen Aspekte in den Frauen bewirkt wird.<\/p>\n<h2>Als Frauen zusammenkommen und in die Tiefe tauchen<\/h2>\n<p>Wenn Frauen zusammenkommen und gemeinsam in die Tiefe tauchen, k\u00f6nnen Wunder geschehen. Sie kreieren gemeinsam einen spirituellen Raum der Offenheit, in dem durch Liebe und Mitgef\u00fchl, Heilung und Verst\u00e4ndnis ganz nat\u00fcrlich geschehen.<\/p>\n<h2>Alte Wunden heilen<\/h2>\n<p><em> \u201eIch m\u00f6chte Frauen die M\u00f6glichkeit geben gemeinsam alte Wunden zu heilen und ihre Weiblichkeit zu feiern.\u201c<\/em><\/p>\n<p>[\/et_pb_text][et_pb_testimonial author=&#8220;Nicole, Deutschland&#8220; admin_label=&#8220;Testimonial&#8220; _builder_version=&#8220;4.16&#8243; background_size=&#8220;initial&#8220; background_position=&#8220;top_left&#8220; background_repeat=&#8220;repeat&#8220; background_layout=&#8220;dark&#8220; global_colors_info=&#8220;{}&#8220;]<\/p>\n<p>Zum ersten Mal hat Ghata ein Workshop nur f\u00fcr uns Frauen kreiert! Was k\u00f6nnte da zu erforschen und zu feiern sein? Na, eben alles was mit Weiblichkeit zu tun hat! Und in so vielen Bereich unbemerkt und unverstanden. Das erste Mal f\u00fcr mich, dass in einer Gruppe von so unterschiedlichen Frauen doch so viel Gemeinsamkeiten zu entdecken waren.<br \/> Ich war \u00fcberrascht, wie offen wir uns alle mit bestimmten Themen austauschen konnten und wie toll die Basis dazu war. Was k\u00f6nnte da alles hochkommen und ist die Gruppenenergie wirklich anders wie in mit M\u00e4nnern gemischten Gruppen? Ja, definitiv ja &#8211; sie ist anders und war f\u00fcr mich sehr heilsam und auch sehr \u00f6ffnend.<br \/> Die verschiedenen Zyklen im Leben einer Frau zu erkunden und wahrzunehmen an den 5 verschiedenen Alt\u00e4ren war etwas ganz besonderes. Ich konnte wirklich alte Wunden in diesem gesch\u00fctzten Rahmen hochkommen lassen, anschauen und heilen k\u00f6nnen. Daf\u00fcr bin ich unendlich dankbar und kann nun so vieles nachvollziehen, was sich mein Leben lang unbewusst durchzog! Vieles was jedoch nicht mit dem rationalen Verstand zu verstehen ist sondern alleine durch die Gef\u00fchle geheilt werden kann.<\/p>\n<p>Herzliches Dankesch\u00f6n an Ghata, die tiefe Verbundenheit mit allen in der Gruppe und der Achtung des eben &#8222;anderssein-d\u00fcrfen&#8220; und jeder darf f\u00fcr sich etwas ganz Besonderes sein!<br \/> Sandra<\/p>\n<p>Es war soooo sch\u00f6n und erf\u00fcllend!<\/p>\n<p>[\/et_pb_testimonial][et_pb_testimonial author=&#8220;Heike, Kosmetikerin, Energiearbeitern, Wildberg&#8220; admin_label=&#8220;Testimonial&#8220; _builder_version=&#8220;4.16&#8243; background_size=&#8220;initial&#8220; background_position=&#8220;top_left&#8220; background_repeat=&#8220;repeat&#8220; background_layout=&#8220;dark&#8220; global_colors_info=&#8220;{}&#8220;]<\/p>\n<p>Liebe Ghata, ich danke dir von ganzem Herzen, dass du Mondphasen nach Deutschland gebracht hast. Die Arbeit nur mit Frauen war eine\u00a0wundersch\u00f6ne Erfahrung\u00a0f\u00fcr mich. Es konnten unglaublichen Dinge geschehen bei denen ich dachte ich h\u00e4tte sie schon bearbeitet und sie w\u00fcrden mein Leben nicht mehr behindern.\u00a0Durch diese Frauengruppe durften diese alten\u00a0Muster wieder nach oben kommen und ich konnte sie endlich loslassen und mit deiner Hilfe aufl\u00f6sen. Ich danke dir dass ich in diesen zwei Tagen meine weibliche Seite leben durfte wie schon lange nicht mehr. Es war eine Bereicherung f\u00fcr mich.<\/p>\n<p>[\/et_pb_testimonial][et_pb_testimonial author=&#8220;Andrea, Reikilehrerin, Kartenlegerin, Stuttgart&#8220; admin_label=&#8220;Testimonial&#8220; _builder_version=&#8220;4.16&#8243; background_size=&#8220;initial&#8220; background_position=&#8220;top_left&#8220; background_repeat=&#8220;repeat&#8220; background_layout=&#8220;dark&#8220; global_colors_info=&#8220;{}&#8220;]<\/p>\n<p>Liebe Ghata, ich durfte schon an vielen Deiner Kurse teilnehmen und bin jedes Mal dadurch gewachsen und in meiner eigenen Energiearbeit erheblich vorw\u00e4rts gekommen. Mit dem Mondphasen Workshop ist dir nun ein weiteres wahres Meisterst\u00fcck gelungen.\u00a0Seit Mondphasen bin ich in der Lage mich endlich komplett als Frau zu f\u00fchlen, zu akzeptieren und sogar zu lieben. Das Wundervollste f\u00fcr mich ist, dass diese Energie sich nun, nach ca. 2 Monaten noch weiter verst\u00e4rkt und sich in meinen Alltag verankert hat.<br \/> Deine absolut liebevolle, freilassende und doch bodenst\u00e4ndige Art\u00a0schafft das Vertrauen, um tiefe Ver\u00e4nderungen zulassen zu k\u00f6nnen und daf\u00fcr danke ich dir von Herzen. Ein weiteres Erlebnis ist die Gruppe selbst. Frauen jeden Alters, wie ich sie im Alltag und auch in gemischten Seminaren noch nie erleben konnte.\u00a0Gegenseitige Unterst\u00fctzung,\u00a0Achtung und liebevoller Umgang voller Respekt und dennoch mit absoluter\u00a0Offenheit, Hingabe und Tiefgang \u2013 ich bin immer noch beeindruckt was Frauen untereinander m\u00f6glich ist, wenn wir es nur zulassen k\u00f6nnen. Ich bin dir so dankbar, dass du diese kostbare Frauenarbeit nach Deutschland bringst und kann jeder Frau, egal welchen Alters nur w\u00e4rmstens empfehlen daran teilzunehmen.<\/p>\n<p>[\/et_pb_testimonial][et_pb_testimonial author=&#8220;Ilonka, Finanzbeamtin, Moemlingen&#8220; admin_label=&#8220;Testimonial&#8220; _builder_version=&#8220;4.16&#8243; background_size=&#8220;initial&#8220; background_position=&#8220;top_left&#8220; background_repeat=&#8220;repeat&#8220; background_layout=&#8220;dark&#8220; global_colors_info=&#8220;{}&#8220;]<\/p>\n<p>Der Mondphasenworkshop war -wie alle Workshops von Ghata- einfach wunderbar, tiefgehend und inspirierend. Ghata gelingt es, schnell und leicht einen Raum voller Vertrauen, Offenheit, Mitgef\u00fchl, Klarheit und Liebe zu schaffen, der so vieles m\u00f6glich macht. Wir sind eingetaucht in das Mysterium des Weiblichen und gleichzeitig in eine Art \u201eneue Weiblichkeit\u201c, so dass vieles bewusst wurde, was im heutigen Rollenverst\u00e4ndnis einfach unter gegangen zu sein schien oder verletzt war. Das Herz \u00f6ffnet sich und l\u00e4dt Heilung ein.<br \/> Ich danke Dir von Herzen<\/p>\n<p>[\/et_pb_testimonial][et_pb_testimonial author=&#8220;Nicole, Deutschland&#8220; admin_label=&#8220;Testimonial&#8220; _builder_version=&#8220;4.16&#8243; background_size=&#8220;initial&#8220; background_position=&#8220;top_left&#8220; background_repeat=&#8220;repeat&#8220; background_layout=&#8220;dark&#8220; global_colors_info=&#8220;{}&#8220;]<\/p>\n<p>Der Mondphasenworkshop war ein gro\u00dfes Geschenk f\u00fcr mich. Ich bin selbstbewu\u00dfter geworden, stehe zu mir so wie ich bin und was ich bin. Ich kann deutlicher meine Meinung vertreten. Ich betrachte meine Ehe nicht mehr als &#8222;nicht ganz okay&#8220; sondern sie ist total OKAY so wie sie ist. Ich bin bez\u00fcglich den sogenannten Frauenthemen offener geworden. Ich spreche offener \u00fcber die Themen auch wenn so mancher versch\u00e4mt schaut. Ich lasse nicht mehr alles einfach so auf mir sitzen oder nehme es einfach hin und wenn mir etwas nicht gef\u00e4llt, dann sag ich es und scheue dabei auch eine Diskussion oder einen Streit nicht mehr, denn auch mein Standpunkt ist wichtig und ich bin etwas wert.<br \/> Alles in allem ich bin ein gro\u00dfes St\u00fcck heiler geworden und hatte zudem eine wundervolle Erkenntnis bez\u00fcglich meiner Sexualit\u00e4t.<br \/> Ich danke Dir und allen die dabei waren<\/p>\n<p>[\/et_pb_testimonial][\/et_pb_column][et_pb_column type=&#8220;1_4&#8243; _builder_version=&#8220;4.16&#8243; custom_padding=&#8220;|||&#8220; global_colors_info=&#8220;{}&#8220; custom_padding__hover=&#8220;|||&#8220;][et_pb_image src=&#8220;http:\/\/www.energy-healing-ghata.com\/wp-content\/uploads\/2014\/04\/Mondphasen-2011-Stuttgart-120-Small.jpg&#8220; align_tablet=&#8220;center&#8220; align_phone=&#8220;center&#8220; align_last_edited=&#8220;on|desktop&#8220; admin_label=&#8220;Image&#8220; _builder_version=&#8220;4.16&#8243; animation_style=&#8220;slide&#8220; animation_direction=&#8220;left&#8220; animation_duration=&#8220;500ms&#8220; animation_intensity_slide=&#8220;10%&#8220; animation=&#8220;left&#8220; global_colors_info=&#8220;{}&#8220;][\/et_pb_image][et_pb_image src=&#8220;http:\/\/www.energy-healing-ghata.com\/wp-content\/uploads\/2014\/04\/Mondphasen-2011-Stuttgart-144-Custom.jpg&#8220; align_tablet=&#8220;center&#8220; align_phone=&#8220;center&#8220; align_last_edited=&#8220;on|desktop&#8220; admin_label=&#8220;Image&#8220; _builder_version=&#8220;4.16&#8243; animation_style=&#8220;slide&#8220; animation_direction=&#8220;left&#8220; animation_duration=&#8220;500ms&#8220; animation_intensity_slide=&#8220;10%&#8220; animation=&#8220;left&#8220; global_colors_info=&#8220;{}&#8220;][\/et_pb_image][et_pb_image src=&#8220;http:\/\/www.energy-healing-ghata.com\/wp-content\/uploads\/2014\/04\/Mondphasen-2011-Stuttgart-045-Small.jpg&#8220; align_tablet=&#8220;center&#8220; align_phone=&#8220;center&#8220; align_last_edited=&#8220;on|desktop&#8220; admin_label=&#8220;Image&#8220; _builder_version=&#8220;4.16&#8243; animation_style=&#8220;slide&#8220; animation_direction=&#8220;left&#8220; animation_duration=&#8220;500ms&#8220; animation_intensity_slide=&#8220;10%&#8220; animation=&#8220;left&#8220; global_colors_info=&#8220;{}&#8220;][\/et_pb_image][et_pb_image src=&#8220;http:\/\/www.energy-healing-ghata.com\/wp-content\/uploads\/2014\/04\/IMG_4215-Small.jpg&#8220; align_tablet=&#8220;center&#8220; align_phone=&#8220;center&#8220; align_last_edited=&#8220;on|desktop&#8220; admin_label=&#8220;Image&#8220; _builder_version=&#8220;4.16&#8243; animation_style=&#8220;slide&#8220; animation_direction=&#8220;left&#8220; animation_duration=&#8220;500ms&#8220; animation_intensity_slide=&#8220;10%&#8220; animation=&#8220;left&#8220; global_colors_info=&#8220;{}&#8220;][\/et_pb_image][et_pb_image src=&#8220;http:\/\/www.energy-healing-ghata.com\/wp-content\/uploads\/2014\/04\/IMG_4368-Small.jpg&#8220; align_tablet=&#8220;center&#8220; align_phone=&#8220;center&#8220; align_last_edited=&#8220;on|desktop&#8220; admin_label=&#8220;Image&#8220; _builder_version=&#8220;4.16&#8243; animation_style=&#8220;slide&#8220; animation_direction=&#8220;left&#8220; animation_duration=&#8220;500ms&#8220; animation_intensity_slide=&#8220;10%&#8220; animation=&#8220;left&#8220; global_colors_info=&#8220;{}&#8220;][\/et_pb_image][et_pb_image src=&#8220;http:\/\/www.energy-healing-ghata.com\/wp-content\/uploads\/2014\/04\/IMG_4434-Small.jpg&#8220; align_tablet=&#8220;center&#8220; align_phone=&#8220;center&#8220; align_last_edited=&#8220;on|desktop&#8220; admin_label=&#8220;Image&#8220; _builder_version=&#8220;4.16&#8243; animation_style=&#8220;slide&#8220; animation_direction=&#8220;left&#8220; animation_duration=&#8220;500ms&#8220; animation_intensity_slide=&#8220;10%&#8220; animation=&#8220;left&#8220; global_colors_info=&#8220;{}&#8220;][\/et_pb_image][et_pb_image src=&#8220;http:\/\/www.energy-healing-ghata.com\/wp-content\/uploads\/2014\/04\/IMG_4308-Small.jpg&#8220; align_tablet=&#8220;center&#8220; align_phone=&#8220;center&#8220; align_last_edited=&#8220;on|desktop&#8220; admin_label=&#8220;Image&#8220; _builder_version=&#8220;4.16&#8243; animation_style=&#8220;slide&#8220; animation_direction=&#8220;left&#8220; animation_duration=&#8220;500ms&#8220; animation_intensity_slide=&#8220;10%&#8220; animation=&#8220;left&#8220; global_colors_info=&#8220;{}&#8220;][\/et_pb_image][et_pb_image src=&#8220;http:\/\/www.energy-healing-ghata.com\/wp-content\/uploads\/2014\/04\/IMG_4373-Small.jpg&#8220; align_tablet=&#8220;center&#8220; align_phone=&#8220;center&#8220; align_last_edited=&#8220;on|desktop&#8220; admin_label=&#8220;Image&#8220; _builder_version=&#8220;4.16&#8243; animation_style=&#8220;slide&#8220; animation_direction=&#8220;left&#8220; animation_duration=&#8220;500ms&#8220; animation_intensity_slide=&#8220;10%&#8220; animation=&#8220;left&#8220; global_colors_info=&#8220;{}&#8220;][\/et_pb_image][et_pb_image src=&#8220;http:\/\/www.energy-healing-ghata.com\/wp-content\/uploads\/2014\/04\/IMG_4370-Small.jpg&#8220; align_tablet=&#8220;center&#8220; align_phone=&#8220;center&#8220; align_last_edited=&#8220;on|desktop&#8220; admin_label=&#8220;Image&#8220; _builder_version=&#8220;4.16&#8243; animation_style=&#8220;slide&#8220; animation_direction=&#8220;left&#8220; animation_duration=&#8220;500ms&#8220; animation_intensity_slide=&#8220;10%&#8220; animation=&#8220;left&#8220; global_colors_info=&#8220;{}&#8220;][\/et_pb_image][\/et_pb_column][\/et_pb_row][\/et_pb_section]<\/p>\n","protected":false},"excerpt":{"rendered":"<p>Mondphasen &#8211; Ein Workshop f\u00fcr FrauenAn diesem Wochenende wird das \u201eFrau-Sein\u201c mit Euch erforscht und gefeiert. Es ist ein Wochenende an dem die verschieden Phasen\/ Zyklen im Leben einer Frau erkundet werden und \u00fcber Rituale und Energiearbeit, Bewegung und Erforschung, Heilung f\u00fcr die unterschiedlichen Aspekte in den Frauen bewirkt wird.Als Frauen zusammenkommen und in die [&hellip;]<\/p>\n","protected":false},"author":4,"featured_media":0,"parent":0,"menu_order":0,"comment_status":"closed","ping_status":"closed","template":"","meta":{"_et_pb_use_builder":"on","_et_pb_old_content":"","_et_gb_content_width":"","footnotes":""},"class_list":["post-2406","page","type-page","status-publish","hentry"],"yoast_head":"<!-- This site is optimized with the Yoast SEO plugin v27.4 - https:\/\/yoast.com\/product\/yoast-seo-wordpress\/ -->\n<title>Mondphasen - Workshop - Energy Healing with Ghata<\/title>\n<meta name=\"robots\" content=\"index, follow, max-snippet:-1, max-image-preview:large, max-video-preview:-1\" \/>\n<link rel=\"canonical\" href=\"https:\/\/www.energy-healing-ghata.com\/de\/moonphases-workshop\/\" \/>\n<meta property=\"og:locale\" content=\"de_DE\" \/>\n<meta property=\"og:type\" content=\"article\" \/>\n<meta property=\"og:title\" content=\"Mondphasen - Workshop - Energy Healing with Ghata\" \/>\n<meta property=\"og:description\" content=\"Mondphasen - Ein Workshop f\u00fcr FrauenAn diesem Wochenende wird das \u201eFrau-Sein\u201c mit Euch erforscht und gefeiert. Es ist ein Wochenende an dem die verschieden Phasen\/ Zyklen im Leben einer Frau erkundet werden und \u00fcber Rituale und Energiearbeit, Bewegung und Erforschung, Heilung f\u00fcr die unterschiedlichen Aspekte in den Frauen bewirkt wird.Als Frauen zusammenkommen und in die [&hellip;]\" \/>\n<meta property=\"og:url\" content=\"https:\/\/www.energy-healing-ghata.com\/de\/moonphases-workshop\/\" \/>\n<meta property=\"og:site_name\" content=\"Energy Healing with Ghata\" \/>\n<meta property=\"article:modified_time\" content=\"2025-03-28T03:20:54+00:00\" \/>\n<meta name=\"twitter:label1\" content=\"Gesch\u00e4tzte Lesezeit\" \/>\n\t<meta name=\"twitter:data1\" content=\"6\u00a0Minuten\" \/>\n<script type=\"application\/ld+json\" class=\"yoast-schema-graph\">{\"@context\":\"https:\\\/\\\/schema.org\",\"@graph\":[{\"@type\":\"WebPage\",\"@id\":\"https:\\\/\\\/www.energy-healing-ghata.com\\\/de\\\/moonphases-workshop\\\/\",\"url\":\"https:\\\/\\\/www.energy-healing-ghata.com\\\/de\\\/moonphases-workshop\\\/\",\"name\":\"Mondphasen - Workshop - Energy Healing with Ghata\",\"isPartOf\":{\"@id\":\"https:\\\/\\\/www.energy-healing-ghata.com\\\/#website\"},\"datePublished\":\"2014-04-09T01:36:34+00:00\",\"dateModified\":\"2025-03-28T03:20:54+00:00\",\"breadcrumb\":{\"@id\":\"https:\\\/\\\/www.energy-healing-ghata.com\\\/de\\\/moonphases-workshop\\\/#breadcrumb\"},\"inLanguage\":\"de\",\"potentialAction\":[{\"@type\":\"ReadAction\",\"target\":[\"https:\\\/\\\/www.energy-healing-ghata.com\\\/de\\\/moonphases-workshop\\\/\"]}]},{\"@type\":\"BreadcrumbList\",\"@id\":\"https:\\\/\\\/www.energy-healing-ghata.com\\\/de\\\/moonphases-workshop\\\/#breadcrumb\",\"itemListElement\":[{\"@type\":\"ListItem\",\"position\":1,\"name\":\"Home\",\"item\":\"https:\\\/\\\/www.energy-healing-ghata.com\\\/de\\\/\"},{\"@type\":\"ListItem\",\"position\":2,\"name\":\"Mondphasen &#8211; Workshop\"}]},{\"@type\":\"WebSite\",\"@id\":\"https:\\\/\\\/www.energy-healing-ghata.com\\\/#website\",\"url\":\"https:\\\/\\\/www.energy-healing-ghata.com\\\/\",\"name\":\"Energy Healing with Ghata\",\"description\":\"Spirit of Light\",\"potentialAction\":[{\"@type\":\"SearchAction\",\"target\":{\"@type\":\"EntryPoint\",\"urlTemplate\":\"https:\\\/\\\/www.energy-healing-ghata.com\\\/?s={search_term_string}\"},\"query-input\":{\"@type\":\"PropertyValueSpecification\",\"valueRequired\":true,\"valueName\":\"search_term_string\"}}],\"inLanguage\":\"de\"}]}<\/script>\n<!-- \/ Yoast SEO plugin. -->","yoast_head_json":{"title":"Mondphasen - Workshop - Energy Healing with Ghata","robots":{"index":"index","follow":"follow","max-snippet":"max-snippet:-1","max-image-preview":"max-image-preview:large","max-video-preview":"max-video-preview:-1"},"canonical":"https:\/\/www.energy-healing-ghata.com\/de\/moonphases-workshop\/","og_locale":"de_DE","og_type":"article","og_title":"Mondphasen - Workshop - Energy Healing with Ghata","og_description":"Mondphasen - Ein Workshop f\u00fcr FrauenAn diesem Wochenende wird das \u201eFrau-Sein\u201c mit Euch erforscht und gefeiert. Es ist ein Wochenende an dem die verschieden Phasen\/ Zyklen im Leben einer Frau erkundet werden und \u00fcber Rituale und Energiearbeit, Bewegung und Erforschung, Heilung f\u00fcr die unterschiedlichen Aspekte in den Frauen bewirkt wird.Als Frauen zusammenkommen und in die [&hellip;]","og_url":"https:\/\/www.energy-healing-ghata.com\/de\/moonphases-workshop\/","og_site_name":"Energy Healing with Ghata","article_modified_time":"2025-03-28T03:20:54+00:00","twitter_misc":{"Gesch\u00e4tzte Lesezeit":"6\u00a0Minuten"},"schema":{"@context":"https:\/\/schema.org","@graph":[{"@type":"WebPage","@id":"https:\/\/www.energy-healing-ghata.com\/de\/moonphases-workshop\/","url":"https:\/\/www.energy-healing-ghata.com\/de\/moonphases-workshop\/","name":"Mondphasen - Workshop - Energy Healing with Ghata","isPartOf":{"@id":"https:\/\/www.energy-healing-ghata.com\/#website"},"datePublished":"2014-04-09T01:36:34+00:00","dateModified":"2025-03-28T03:20:54+00:00","breadcrumb":{"@id":"https:\/\/www.energy-healing-ghata.com\/de\/moonphases-workshop\/#breadcrumb"},"inLanguage":"de","potentialAction":[{"@type":"ReadAction","target":["https:\/\/www.energy-healing-ghata.com\/de\/moonphases-workshop\/"]}]},{"@type":"BreadcrumbList","@id":"https:\/\/www.energy-healing-ghata.com\/de\/moonphases-workshop\/#breadcrumb","itemListElement":[{"@type":"ListItem","position":1,"name":"Home","item":"https:\/\/www.energy-healing-ghata.com\/de\/"},{"@type":"ListItem","position":2,"name":"Mondphasen &#8211; Workshop"}]},{"@type":"WebSite","@id":"https:\/\/www.energy-healing-ghata.com\/#website","url":"https:\/\/www.energy-healing-ghata.com\/","name":"Energy Healing with Ghata","description":"Spirit of Light","potentialAction":[{"@type":"SearchAction","target":{"@type":"EntryPoint","urlTemplate":"https:\/\/www.energy-healing-ghata.com\/?s={search_term_string}"},"query-input":{"@type":"PropertyValueSpecification","valueRequired":true,"valueName":"search_term_string"}}],"inLanguage":"de"}]}},"jetpack_sharing_enabled":true,"_links":{"self":[{"href":"https:\/\/www.energy-healing-ghata.com\/de\/wp-json\/wp\/v2\/pages\/2406","targetHints":{"allow":["GET"]}}],"collection":[{"href":"https:\/\/www.energy-healing-ghata.com\/de\/wp-json\/wp\/v2\/pages"}],"about":[{"href":"https:\/\/www.energy-healing-ghata.com\/de\/wp-json\/wp\/v2\/types\/page"}],"author":[{"embeddable":true,"href":"https:\/\/www.energy-healing-ghata.com\/de\/wp-json\/wp\/v2\/users\/4"}],"replies":[{"embeddable":true,"href":"https:\/\/www.energy-healing-ghata.com\/de\/wp-json\/wp\/v2\/comments?post=2406"}],"version-history":[{"count":14,"href":"https:\/\/www.energy-healing-ghata.com\/de\/wp-json\/wp\/v2\/pages\/2406\/revisions"}],"predecessor-version":[{"id":9653,"href":"https:\/\/www.energy-healing-ghata.com\/de\/wp-json\/wp\/v2\/pages\/2406\/revisions\/9653"}],"wp:attachment":[{"href":"https:\/\/www.energy-healing-ghata.com\/de\/wp-json\/wp\/v2\/media?parent=2406"}],"curies":[{"name":"wp","href":"https:\/\/api.w.org\/{rel}","templated":true}]}}