{"id":2424,"date":"2014-04-09T00:10:07","date_gmt":"2014-04-09T00:10:07","guid":{"rendered":"http:\/\/www.energy-healing-ghata.com\/?page_id=2424"},"modified":"2014-04-19T07:12:22","modified_gmt":"2014-04-19T07:12:22","slug":"testimonials-sol-training","status":"publish","type":"page","link":"https:\/\/www.energy-healing-ghata.com\/de\/testimonials-sol-training\/","title":{"rendered":"Erfahrungsberichte SOL Training"},"content":{"rendered":"<p>[et_pb_section fullwidth=&#8220;off&#8220;][et_pb_row][et_pb_column type=&#8220;1_2&#8243;][et_pb_image admin_label=&#8220;Image&#8220; src=&#8220;http:\/\/www.energy-healing-ghata.com\/wp-content\/uploads\/2011\/06\/@@@Ghata-MastHead.jpg&#8220; url_new_window=&#8220;off&#8220; animation=&#8220;left&#8220; \/][\/et_pb_column][et_pb_column type=&#8220;1_2&#8243;][et_pb_text admin_label=&#8220;Text&#8220; background_layout=&#8220;light&#8220; text_orientation=&#8220;left&#8220;]<\/p>\n<h2>SOL Spirit of Light<\/h2>\n<h2>Training Erfahrungsberichte<\/h2>\n<p>[\/et_pb_text][\/et_pb_column][\/et_pb_row][\/et_pb_section][et_pb_section][et_pb_row][et_pb_column type=&#8220;1_4&#8243;][et_pb_testimonial admin_label=&#8220;Testimonial&#8220; author=&#8220;Carmen, Stuttgart&#8220; url_new_window=&#8220;off&#8220;]<\/p>\n<p>In erster Linie war das Training eine enorme pers\u00f6nliche Bereicherung f\u00fcr mich, auf allen Ebenen. Es hat mir verst\u00e4rkt gezeigt, dass es noch mehr Dinge hinter den bekannten Welten\/ Erfahrungen gibt. Dies h\u00e4tte ich vorher so nicht f\u00fcr m\u00f6glich gehalten bzw. wollte ich manche Wahrnehmungen nicht beachten. Sehr gut fand ich, gerade was Clearings und R\u00fcckf\u00fchrungsintegrationen betrifft, dass der Bezug zum heutigen Leben\/der Realit\u00e4t immer gegeben war, da das Training auch darauf abzielt mit anderen Menschen verantwortungsvoll arbeiten zu k\u00f6nnen. Dadurch k\u00f6nnen Ver\u00e4nderungen im Leben geschehen. W\u00e4hrend des Trainings konnte ich dies bei mir selbst in gro\u00dfem Ma\u00dfe erfahren. Ghata hat das Training fundiert und liebevoll geleitet, uns st\u00e4ndig motiviert und ihr ganzes Vertrauen in uns gesetzt. Ich kann mir keine bessere Lehrmeisterin denken und danke ihr aus vollem Herzen f\u00fcr alles. Es ist mir ein tiefes Anliegen und eine Freude diese Arbeit in ihrem Sinne anzuwenden und Menschen damit begleiten zu d\u00fcrfen.<\/p>\n<p>[\/et_pb_testimonial][et_pb_testimonial admin_label=&#8220;Testimonial&#8220; author=&#8220;Kuin, Schatzmeisterin einer Bank, Sydney&#8220; url_new_window=&#8220;off&#8220;]<\/p>\n<p>Obwohl ich Energiearbeit liebe, ist es manchmal f\u00fcr mich als Gesch\u00e4ftsfrau schwierig, weil viele Kurse zu esotherisch f\u00fcr mich sind, zu viele Konzepte und philosophische Gedanken haben, die zwar nett sind, mit denen ich aber nicht viel anfangen kann. Ghata hat immer einen Weg gefunden, der mich die esotherischen Informationen absorbieren lies und der mir erlaubt hat, das Gelernte in meinem t\u00e4glichen Leben einzusetzen. Wir habe immer praktische Beispiele und \u00dcbungen gemacht, die uns erlaubt haben, neue Gedanken und neu Erlerntes zu verstehen und zu integrieren. Am Ende des SOL Training waren die positiven Ver\u00e4nderungen in mir deutlich erkennbar. Ich bin nun in der Lage, die Konzepte zu leben und durch sie zu wachsen.<\/p>\n<p>[\/et_pb_testimonial][et_pb_testimonial admin_label=&#8220;Testimonial&#8220; author=&#8220;Heike, Tierkommunikatorin, Energiearbeiterin und Kosmetikerin&#8220; url_new_window=&#8220;off&#8220;]<\/p>\n<p>Ghata gibt uns in dem Spirit of Light Training Leitf\u00e4den f\u00fcr Clearing und andere Techniken und l\u00e4sst jedem den Freiraum sich sein eigenes Spinnennetz daraus aufzubauen. Jeder kann sich sein Spinnennetz so aufbauen wie er es braucht. Jegliche Form, Gr\u00f6\u00dfe oder Farbe ist erlaubt. Solange wir alle das gleiche Ziel damit haben, ein St\u00fcck mehr Licht und Liebe und vielleicht auch ein bisschen mehr Frieden auf unseren Planeten zu bringen. Nur dadurch das wir uns selbst ein St\u00fcck weit ver\u00e4ndern. Durch Ghata lernen wir auch uns selbst ins Gesicht zu sehen und zu erkennen wer wir selber sind. Wir lernen uns besser kennen und Dinge an uns besser zu verstehen und zu akzeptieren, den jeder von uns ist einzigartig in seiner Art. Durch diese Arbeit werden wir ein St\u00fcck weit freier und Dinge die uns blockieren werden aus dem Weg ger\u00e4umt. Eigenst\u00e4ndigkeit in dem wir eigene Blockaden aufl\u00f6sen und somit unsere Energiearbeit klarer und reiner machen k\u00f6nnen. Ghata bringt uns auch an unsere k\u00f6rperlichen Grenzen und zeigt uns damit wie stark wir sind. Ghata zeigte uns, zu wie viel mehr wir f\u00e4hig sind, auch wenn wir meinen es geht nicht mehr, uns noch einmal aufzub\u00e4umen den Schmerz anzunehmen und die negativen Gedanken los zu lassen.<\/p>\n<p>[\/et_pb_testimonial][et_pb_testimonial admin_label=&#8220;Testimonial&#8220; author=&#8220;Shivani, author, public speaker, coach, Newcastle&#8220; url_new_window=&#8220;off&#8220;]<\/p>\n<p>The SOL training could be spelt SOUL training.\u00a0 I found myself at this training.\u00a0 Already I have been able to help my clients and my family and friends. The Spirit of Light training has a thousand applications. It\u2019s the best 16 days of personal development and training.<\/p>\n<p>[\/et_pb_testimonial][\/et_pb_column][et_pb_column type=&#8220;1_4&#8243;][et_pb_testimonial admin_label=&#8220;Testimonial&#8220; author=&#8220;Kuin, Schatzmeister einer Bank, Sydney&#8220; url_new_window=&#8220;off&#8220;]<\/p>\n<p>Falls du nach einem Kurs suchst, der \u00fcber esotherische Diskussionen hinausgeht, ehrlich und geerdet ist, Struktur und Integrit\u00e4t hat, der dein Zellsystem zum Positiven ver\u00e4ndert, dir hilft, deinen Lebenspfad zu finden und\u00a0 die Herausforderungen des Lebens mit Mut, St\u00e4rke, Leichtigkeit und Unterst\u00fctzung zu gehen, dann ist dies der richtige Kurs f\u00fcr dich!<\/p>\n<p>[\/et_pb_testimonial][et_pb_testimonial admin_label=&#8220;Testimonial&#8220; author=&#8220;Andrea, Reiki Meisterin und Verk\u00e4uferin, Stuttgart&#8220; url_new_window=&#8220;off&#8220;]<\/p>\n<p>Ich habe in diesem Fr\u00fchling das Spirit of Light Training bei Ghata begonnen und habe nicht geahnt, dass es mich so wunderbar erwischen kann! Es ist eine sehr gute Kombination aus Bewu\u00dftseinsarbeit, Meditation und Heilung. Ich kann dieses Training nur jedem empfehlen, der mit sich selbst nicht im Reinen ist oder der nicht weiter kommt. Und das tolle daran ist einfach, ob Du die F\u00e4higkeiten, die in dir stecken bereits entdeckt hast und sp\u00e4ter damit arbeiten willst oder nicht spielt \u00fcberhaupt keine Rolle! Das Training ist auf jeden Fall eine gro\u00dfe Erfahrung und Schulung f\u00fcr das ganze Leben. Die Werkzeuge, die ich dort erhalten habe um an mir zu arbeiten, sind f\u00fcr mich von so hohem Wert, das ich jetzt schon sagen kann: Alles negative, alle Blockaden, die Geister der Vergangenheit werden sich aufl\u00f6sen!!! Das d\u00fcrfte so ungef\u00e4hr, meiner Meinung nach f\u00fcr die meisten Menschen von gro\u00dfer Bedeutung sein. Diese Arbeit ist der Weg zu einer unglaublichen, nie geahnten inneren Freiheit. Ich danke Gott, dem Universum und meinen Lehrern f\u00fcr diesen Weg und nat\u00fcrlich Dir Ghata!<\/p>\n<p>[\/et_pb_testimonial][et_pb_testimonial admin_label=&#8220;Testimonial&#8220; author=&#8220;Gabriele Sonnenschein, Visagistin, Germany&#8220; url_new_window=&#8220;off&#8220;]<\/p>\n<p>Mein Weg aus einer langen wunderbaren, doch dann schwierig werdenden Ehe f\u00fchrte mich \u00fcber Umwege zu Dir und Deinen Seminaren. Das Lichtwochenende war der Anfang, zu erkennen, dass in mir ganz vielverborgen und zugesch\u00fcttet war, was angeschaut werden wollte. Die Entscheidung, das SOL Training dranzuh\u00e4ngen war mein innerer Durchbruch. Doch es war anf\u00e4nglich ein harter Durchbruch, denn es kam viel zutage, das weh tat und viele Tr\u00e4nen flossen, viele ungeweinte Seen in mir wurden sp\u00fcrbar. ICH wurde sp\u00fcrbar und das kannte ich nicht. Ich kannte nur die Sorge f\u00fcr die anderen, dass es den Menschen um mich herum gut geht. Doch mit Dir und allen Teilnehmern aus den Trainings war ich nie alleine mit den Blockaden, die hochkamen und fand immer mehr zu mir und in mein Innerstes und f\u00fchlte mich immer gehalten, bis es soweit war, dass auch ich andere halten konnte. Ich fand meine Aufl\u00f6sung und meinen Weg und meine Kraft, mit der ich jetzt mit allen M\u00e4chten um uns andere Menschen mitnehmen kann, helfen kann und Halt geben kann, wie es von Dir und allen um mich erfahren habe. Ich m\u00f6chte allen Mut machen, jeder Schritt, jede Tr\u00e4ne lohnt sich auf dem Weg in die innere Freiheit: Danke f\u00fcr ALLES!!<\/p>\n<p>[\/et_pb_testimonial][et_pb_testimonial admin_label=&#8220;Testimonial&#8220; author=&#8220;Volker, Bankangestellter, Butzbach&#8220; url_new_window=&#8220;off&#8220;]<\/p>\n<p>Ich bin einfach nur Dankbar und \u00fcberaus Gl\u00fccklich Dich getroffen zu haben.<br \/>\nIch glaube das sich ganz viel bei mir l\u00f6st und vor zwei Tagen hatte ich das Gef\u00fchl das ich von oben bis unten am ganzen K\u00f6rper vibriert habe und neue F\u00e4higkeiten oder einfach noch mehr Licht bekommen habe.<\/p>\n<p>[\/et_pb_testimonial][et_pb_testimonial admin_label=&#8220;Testimonial&#8220; author=&#8220;Anke, Therapeutin, Buseck&#8220; url_new_window=&#8220;off&#8220;]<\/p>\n<p>Ich empfinde eine tiefe Dankbarkeit f\u00fcr das Training und alles was Du uns gezeigt hast. Ich kann meine dunkle Seite sehen und immer besser akzeptieren. Auch die N\u00e4he zwischen meinem Bruder und mir wird immer intensiver &#8211; insbesondere dann, wenn wir uns die nicht so angenehmene Dinge sagen!<\/p>\n<p>[\/et_pb_testimonial][\/et_pb_column][et_pb_column type=&#8220;1_4&#8243;][et_pb_testimonial admin_label=&#8220;Testimonial&#8220; author=&#8220;Inge, Kartenlegerin, Energiearbeiter, Schweiz&#8220; url_new_window=&#8220;off&#8220;]<\/p>\n<p>Das SOL Training bietet w\u00e4hrend vier Trainingswochenenden, die Basis f\u00fcr spirituelle Arbeit. Durch die Thematik und die Gruppe wird man auf eine sehr lichtvolle Art und Weise zu spiritueller Arbeit angeleitet. Durch die Ausbildung und den Werkzeugen die man erh\u00e4lt kommt man zu mehr Klarheit f\u00fcr sich selbst und kann andere Menschen zu einer selbstbestimmten Lebensweise f\u00fchren. In fast spielerischer Art und Weise (ich meine Leichtigkeit), jedoch sehr ernsthaft wird man in tiefe spirituelle Praktiken eingeweiht.<\/p>\n<p>Im ersten Teil lernt man, wie man Fremdenergien aus Menschen ins Licht f\u00fchren kann. Hier stimmt man sich auf den Partner ein und bringt ihn w\u00e4hrend einer entspannten Session mit seinem eigenen System in Verbindung. Man wird geschult auf eine andere Art der Wahrnehmung. Durch Feedbac\u00b4s der Gruppe gewinnt man Erfahrung und lernt seiner Intuition zu vertrauen. Ich selbst habe viel mehr Vertrauen zu mir und meinen F\u00e4higkeiten, seit ich mich frei von Fremdenergien f\u00fchle. F\u00fcr mich war diese Ausbildung der Start zu meiner selbstst\u00e4ndigen spirituellen T\u00e4tigkeit. Obwohl man es sich Verstandesm\u00e4\u00dfig nicht erkl\u00e4ren kann verschwinden durch diese Sessions, k\u00f6rperliche Symptome oft sofort, immer f\u00fchrt es zu mehr Klarheit und Selbstbestimmtheit der Klienten. Auch die Technik der Trennung von energetischen B\u00e4ndern zu Menschen verhilft zu mehr Klarheit und Selbstbestimmtheit.<br \/>\nIm zweiten Teil kommt die Erfahrung der Clearing Arbeit in R\u00e4umen und H\u00e4usern dazu. Das ersp\u00fcren der Fremdenergien in der Ferne, erscheint am Anfang fast wie ein Wunder oder irgend etwas Phantastisches. Da man jedoch sehr schnell entdeckt, dass sich durch diese Arbeit die Lebensqualit\u00e4t der Menschen, die diese R\u00e4ume bewohnen, sehr verbessert, wird man durch die Raumclearings geschult Feinstoffliches mehr und mehr wahrzunehmen. Auch hier hat die Erfahrung in der Gruppe gezeigt, dass jeder TN eine besondere Qualit\u00e4t in die Gruppenclearings einbringt. Durch gemeinsames clearen von R\u00e4umen H\u00e4usern oder Pl\u00e4tzen, gewinnt man zutrauen und Erfahrung, doch ist man durch diese Ausbildung auch allein in der Lage, solche Clearings durchzuf\u00fchren.<\/p>\n<p>Im dritten Teil wird man zu R\u00fcckf\u00fchrungen in andere Leben ausgebildet. Hier f\u00fchrt man den Sch\u00fctzling in einer entspannten Session zur\u00fcck in ein Leben wo man Entschl\u00fcsse gefasst hat, die das heutige Leben blockieren. Gezielt f\u00fchrt man die Menschen an die Situationen heran, wo diese Entschl\u00fcsse und Schw\u00fcre gefasst wurden und l\u00f6st sie auf. F\u00fcr mich lag die gr\u00f6\u00dfte Bedeutung im erkennen, dass wir unsere schlimmsten Lebenserfahrungen vorher kreieren und wir uns mit den Menschen die heute in unser Leben treten, schon vor unserem Leben zu einer bestimmten Situation verabredet haben. Meine Sicht des Lebens hat sich seitdem ver\u00e4ndert. Dass mein Bewusstsein, diese Erfahrungen kreiert hat, macht mich frei von Schuld und somit frei f\u00fcr ein wunderbares Leben.<br \/>\nDer vierte Teil dient vor allem der Integration und Vertiefung der ersten drei Teile.<\/p>\n<p>In allen vier Teilen kommt man durch Meditationen und K\u00f6rper\u00fcbungen mit sich in einen ganz neuen Kontakt. Durch die spirituellen Erfahrungen w\u00e4hrend dieser Ausbildung habe ich eine ganz neue Lebensqualit\u00e4t und eine gro\u00dfe Erweiterung meiner Wahrnehmung erfahren. Dadurch, dass man w\u00e4hrend der Ausbildung mit der Gruppe verbunden ist (und auch noch dar\u00fcber hinaus) kann man immer wieder auftretende Fragen austauschen. F\u00fcr mich bildet diese Ausbildung die Grundlage f\u00fcr meine heutige spirituelle T\u00e4tigkeit.<\/p>\n<p>Die Verbundenheit zu Ghata und der Gruppe ist f\u00fcr mich wie ein Ger\u00fcst, auf das ich mein spirituelles Leben aufbauen kann.<\/p>\n<p>[\/et_pb_testimonial][\/et_pb_column][et_pb_column type=&#8220;1_4&#8243;][et_pb_image admin_label=&#8220;Image&#8220; src=&#8220;http:\/\/www.energy-healing-ghata.com\/wp-content\/uploads\/2013\/06\/IMG_7152-Small.jpg&#8220; url_new_window=&#8220;off&#8220; animation=&#8220;left&#8220; \/][et_pb_image admin_label=&#8220;Image&#8220; src=&#8220;http:\/\/www.energy-healing-ghata.com\/wp-content\/uploads\/2013\/06\/IMG_6924-Small.jpg&#8220; url_new_window=&#8220;off&#8220; animation=&#8220;left&#8220; \/][et_pb_image admin_label=&#8220;Image&#8220; src=&#8220;http:\/\/www.energy-healing-ghata.com\/wp-content\/uploads\/2013\/05\/IMG_6790-Small.jpg&#8220; url_new_window=&#8220;off&#8220; animation=&#8220;left&#8220; \/][et_pb_image admin_label=&#8220;Image&#8220; src=&#8220;http:\/\/www.energy-healing-ghata.com\/wp-content\/uploads\/2013\/09\/IMG_8021-Small.jpg&#8220; url_new_window=&#8220;off&#8220; animation=&#8220;left&#8220; \/][et_pb_image admin_label=&#8220;Image&#8220; src=&#8220;http:\/\/www.energy-healing-ghata.com\/wp-content\/uploads\/2014\/04\/amazing-lotus-Small.jpg&#8220; url_new_window=&#8220;off&#8220; animation=&#8220;left&#8220; \/][et_pb_image admin_label=&#8220;Image&#8220; src=&#8220;http:\/\/www.energy-healing-ghata.com\/wp-content\/uploads\/2013\/06\/IMG_7211-Small.jpg&#8220; url_new_window=&#8220;off&#8220; animation=&#8220;left&#8220; \/][et_pb_image admin_label=&#8220;Image&#8220; src=&#8220;http:\/\/www.energy-healing-ghata.com\/wp-content\/uploads\/2013\/05\/IMG_6605-Small.jpg&#8220; url_new_window=&#8220;off&#8220; animation=&#8220;left&#8220; \/][et_pb_image admin_label=&#8220;Image&#8220; src=&#8220;http:\/\/www.energy-healing-ghata.com\/wp-content\/uploads\/2013\/03\/IMG_6180-Small.jpg&#8220; url_new_window=&#8220;off&#8220; animation=&#8220;left&#8220; \/][\/et_pb_column][\/et_pb_row][\/et_pb_section]<\/p>\n","protected":false},"excerpt":{"rendered":"<p><div class=\"et_pb_row et_pb_row_0 et_pb_row_empty\">\n\t\t\t\t\n\t\t\t\t\n\t\t\t\t\n\t\t\t\t\n\t\t\t\t\n\t\t\t<\/div> SOL Spirit of Light Training Erfahrungsberichte <div class=\"et_pb_section et_pb_section_0 et_section_regular\" >\n\t\t\t\t\n\t\t\t\t\n\t\t\t\t\n\t\t\t\t\n\t\t\t\t\n\t\t\t\t\n\t\t\t\t\n\t\t\t\t\n\t\t\t\t\n\t\t\t<\/div><div class=\"et_pb_row et_pb_row_1 et_pb_row_empty\">\n\t\t\t\t\n\t\t\t\t\n\t\t\t\t\n\t\t\t\t\n\t\t\t\t\n\t\t\t<\/div> In erster Linie war das Training eine enorme pers\u00f6nliche Bereicherung f\u00fcr mich, auf allen Ebenen. Es hat mir verst\u00e4rkt gezeigt, dass es noch mehr Dinge hinter den bekannten Welten\/ Erfahrungen gibt. Dies h\u00e4tte ich vorher so nicht f\u00fcr m\u00f6glich gehalten bzw. wollte ich manche Wahrnehmungen nicht beachten. [&hellip;]<\/p>\n","protected":false},"author":4,"featured_media":0,"parent":0,"menu_order":0,"comment_status":"closed","ping_status":"closed","template":"","meta":{"_et_pb_use_builder":"on","_et_pb_old_content":"","_et_gb_content_width":"","footnotes":""},"class_list":["post-2424","page","type-page","status-publish","hentry"],"yoast_head":"<!-- This site is optimized with the Yoast SEO plugin v27.4 - https:\/\/yoast.com\/product\/yoast-seo-wordpress\/ -->\n<title>Erfahrungsberichte SOL Training - Energy Healing with Ghata<\/title>\n<meta name=\"robots\" content=\"index, follow, max-snippet:-1, max-image-preview:large, max-video-preview:-1\" \/>\n<link rel=\"canonical\" href=\"https:\/\/www.energy-healing-ghata.com\/de\/testimonials-sol-training\/\" \/>\n<meta property=\"og:locale\" content=\"de_DE\" \/>\n<meta property=\"og:type\" content=\"article\" \/>\n<meta property=\"og:title\" content=\"Erfahrungsberichte SOL Training - Energy Healing with Ghata\" \/>\n<meta property=\"og:description\" content=\"SOL Spirit of Light Training Erfahrungsberichte In erster Linie war das Training eine enorme pers\u00f6nliche Bereicherung f\u00fcr mich, auf allen Ebenen. Es hat mir verst\u00e4rkt gezeigt, dass es noch mehr Dinge hinter den bekannten Welten\/ Erfahrungen gibt. Dies h\u00e4tte ich vorher so nicht f\u00fcr m\u00f6glich gehalten bzw. wollte ich manche Wahrnehmungen nicht beachten. [&hellip;]\" \/>\n<meta property=\"og:url\" content=\"https:\/\/www.energy-healing-ghata.com\/de\/testimonials-sol-training\/\" \/>\n<meta property=\"og:site_name\" content=\"Energy Healing with Ghata\" \/>\n<meta property=\"article:modified_time\" content=\"2014-04-19T07:12:22+00:00\" \/>\n<meta name=\"twitter:label1\" content=\"Gesch\u00e4tzte Lesezeit\" \/>\n\t<meta name=\"twitter:data1\" content=\"11\u00a0Minuten\" \/>\n<script type=\"application\/ld+json\" class=\"yoast-schema-graph\">{\"@context\":\"https:\\\/\\\/schema.org\",\"@graph\":[{\"@type\":\"WebPage\",\"@id\":\"https:\\\/\\\/www.energy-healing-ghata.com\\\/de\\\/testimonials-sol-training\\\/\",\"url\":\"https:\\\/\\\/www.energy-healing-ghata.com\\\/de\\\/testimonials-sol-training\\\/\",\"name\":\"Erfahrungsberichte SOL Training - Energy Healing with Ghata\",\"isPartOf\":{\"@id\":\"https:\\\/\\\/www.energy-healing-ghata.com\\\/#website\"},\"datePublished\":\"2014-04-09T00:10:07+00:00\",\"dateModified\":\"2014-04-19T07:12:22+00:00\",\"breadcrumb\":{\"@id\":\"https:\\\/\\\/www.energy-healing-ghata.com\\\/de\\\/testimonials-sol-training\\\/#breadcrumb\"},\"inLanguage\":\"de\",\"potentialAction\":[{\"@type\":\"ReadAction\",\"target\":[\"https:\\\/\\\/www.energy-healing-ghata.com\\\/de\\\/testimonials-sol-training\\\/\"]}]},{\"@type\":\"BreadcrumbList\",\"@id\":\"https:\\\/\\\/www.energy-healing-ghata.com\\\/de\\\/testimonials-sol-training\\\/#breadcrumb\",\"itemListElement\":[{\"@type\":\"ListItem\",\"position\":1,\"name\":\"Home\",\"item\":\"https:\\\/\\\/www.energy-healing-ghata.com\\\/de\\\/\"},{\"@type\":\"ListItem\",\"position\":2,\"name\":\"Erfahrungsberichte SOL Training\"}]},{\"@type\":\"WebSite\",\"@id\":\"https:\\\/\\\/www.energy-healing-ghata.com\\\/#website\",\"url\":\"https:\\\/\\\/www.energy-healing-ghata.com\\\/\",\"name\":\"Energy Healing with Ghata\",\"description\":\"Spirit of Light\",\"potentialAction\":[{\"@type\":\"SearchAction\",\"target\":{\"@type\":\"EntryPoint\",\"urlTemplate\":\"https:\\\/\\\/www.energy-healing-ghata.com\\\/?s={search_term_string}\"},\"query-input\":{\"@type\":\"PropertyValueSpecification\",\"valueRequired\":true,\"valueName\":\"search_term_string\"}}],\"inLanguage\":\"de\"}]}<\/script>\n<!-- \/ Yoast SEO plugin. -->","yoast_head_json":{"title":"Erfahrungsberichte SOL Training - Energy Healing with Ghata","robots":{"index":"index","follow":"follow","max-snippet":"max-snippet:-1","max-image-preview":"max-image-preview:large","max-video-preview":"max-video-preview:-1"},"canonical":"https:\/\/www.energy-healing-ghata.com\/de\/testimonials-sol-training\/","og_locale":"de_DE","og_type":"article","og_title":"Erfahrungsberichte SOL Training - Energy Healing with Ghata","og_description":"SOL Spirit of Light Training Erfahrungsberichte In erster Linie war das Training eine enorme pers\u00f6nliche Bereicherung f\u00fcr mich, auf allen Ebenen. Es hat mir verst\u00e4rkt gezeigt, dass es noch mehr Dinge hinter den bekannten Welten\/ Erfahrungen gibt. Dies h\u00e4tte ich vorher so nicht f\u00fcr m\u00f6glich gehalten bzw. wollte ich manche Wahrnehmungen nicht beachten. [&hellip;]","og_url":"https:\/\/www.energy-healing-ghata.com\/de\/testimonials-sol-training\/","og_site_name":"Energy Healing with Ghata","article_modified_time":"2014-04-19T07:12:22+00:00","twitter_misc":{"Gesch\u00e4tzte Lesezeit":"11\u00a0Minuten"},"schema":{"@context":"https:\/\/schema.org","@graph":[{"@type":"WebPage","@id":"https:\/\/www.energy-healing-ghata.com\/de\/testimonials-sol-training\/","url":"https:\/\/www.energy-healing-ghata.com\/de\/testimonials-sol-training\/","name":"Erfahrungsberichte SOL Training - Energy Healing with Ghata","isPartOf":{"@id":"https:\/\/www.energy-healing-ghata.com\/#website"},"datePublished":"2014-04-09T00:10:07+00:00","dateModified":"2014-04-19T07:12:22+00:00","breadcrumb":{"@id":"https:\/\/www.energy-healing-ghata.com\/de\/testimonials-sol-training\/#breadcrumb"},"inLanguage":"de","potentialAction":[{"@type":"ReadAction","target":["https:\/\/www.energy-healing-ghata.com\/de\/testimonials-sol-training\/"]}]},{"@type":"BreadcrumbList","@id":"https:\/\/www.energy-healing-ghata.com\/de\/testimonials-sol-training\/#breadcrumb","itemListElement":[{"@type":"ListItem","position":1,"name":"Home","item":"https:\/\/www.energy-healing-ghata.com\/de\/"},{"@type":"ListItem","position":2,"name":"Erfahrungsberichte SOL Training"}]},{"@type":"WebSite","@id":"https:\/\/www.energy-healing-ghata.com\/#website","url":"https:\/\/www.energy-healing-ghata.com\/","name":"Energy Healing with Ghata","description":"Spirit of Light","potentialAction":[{"@type":"SearchAction","target":{"@type":"EntryPoint","urlTemplate":"https:\/\/www.energy-healing-ghata.com\/?s={search_term_string}"},"query-input":{"@type":"PropertyValueSpecification","valueRequired":true,"valueName":"search_term_string"}}],"inLanguage":"de"}]}},"jetpack_sharing_enabled":true,"_links":{"self":[{"href":"https:\/\/www.energy-healing-ghata.com\/de\/wp-json\/wp\/v2\/pages\/2424","targetHints":{"allow":["GET"]}}],"collection":[{"href":"https:\/\/www.energy-healing-ghata.com\/de\/wp-json\/wp\/v2\/pages"}],"about":[{"href":"https:\/\/www.energy-healing-ghata.com\/de\/wp-json\/wp\/v2\/types\/page"}],"author":[{"embeddable":true,"href":"https:\/\/www.energy-healing-ghata.com\/de\/wp-json\/wp\/v2\/users\/4"}],"replies":[{"embeddable":true,"href":"https:\/\/www.energy-healing-ghata.com\/de\/wp-json\/wp\/v2\/comments?post=2424"}],"version-history":[{"count":7,"href":"https:\/\/www.energy-healing-ghata.com\/de\/wp-json\/wp\/v2\/pages\/2424\/revisions"}],"predecessor-version":[{"id":2834,"href":"https:\/\/www.energy-healing-ghata.com\/de\/wp-json\/wp\/v2\/pages\/2424\/revisions\/2834"}],"wp:attachment":[{"href":"https:\/\/www.energy-healing-ghata.com\/de\/wp-json\/wp\/v2\/media?parent=2424"}],"curies":[{"name":"wp","href":"https:\/\/api.w.org\/{rel}","templated":true}]}}