{"id":2568,"date":"2014-04-15T23:44:00","date_gmt":"2014-04-15T23:44:00","guid":{"rendered":"http:\/\/www.energy-healing-ghata.com\/clearflame-workshop-2\/"},"modified":"2014-05-07T12:30:09","modified_gmt":"2014-05-07T12:30:09","slug":"clearflame-workshop","status":"publish","type":"page","link":"https:\/\/www.energy-healing-ghata.com\/de\/clearflame-workshop\/","title":{"rendered":"Sch\u00f6pferkraft &#8211; Workshop"},"content":{"rendered":"<p>[et_pb_section][et_pb_row][et_pb_column type=&#8220;3_4&#8243;][et_pb_text admin_label=&#8220;Text&#8220; background_layout=&#8220;light&#8220; text_orientation=&#8220;left&#8220;]<\/p>\n<h1>Sch\u00f6pferkraft &#8211; ein ganz besonderes Training<\/h1>\n<h2>\u00a0<\/h2>\n<h2>4 Tage die dein Leben ver\u00e4ndern k\u00f6nnen<\/h2>\n<p>\u00a0<\/p>\n<h2>Du kannst Deine Tr\u00e4ume tats\u00e4chlich verwirklichen!<\/h2>\n<p>Sch\u00f6pferkraft ist ein kraftvoller und effektiver \u00a0Kurs in dem wir mit dem Prinzip arbeiten, dass wir unsere eigene Realit\u00e4t erschaffen. In diesen 4 Tagen werden wir uns unsere\u00a0 eigenen \u00dcberzeugungssysteme anschauen und \u00fcber Bewusstwerdung\u00a0 zur\u00fcck in unsere Sch\u00f6pferkraft treten.<\/p>\n<h2>Werde dir deiner Sch\u00f6pferkraft bewusst<\/h2>\n<p>Oft haben wir gelernt, die Verantwortung f\u00fcr die Dinge die uns widerfahren im Aussen zu suchen und geben damit unsere F\u00e4higkeit \u00a0Dinge zu erschaffen und zu ver\u00e4ndern auf. Auch nutzen \u00a0wir unsere F\u00e4higkeit zu manifestieren immer wieder gegen uns selber, \u00a0erschaffen etwas unbewusst und f\u00fchlen uns dann als Opfer unserer eigenen Kreation. Mit diesem Kurs beginnen wir, uns unserer Sch\u00f6pferkraft wieder bewusst zu werden und Wege zu finden, das zu erschaffen was wir bewusst wollen.<\/p>\n<h3>Erkenntnisse und Wachstum<\/h3>\n<p>In diesen 4 Tagen werden wir \u00fcber verschiedene \u00dcbungen, Austausch miteinander, Bewegung, Ritual und Energiearbeit arbeiten und gemeinsam einen Raum erschaffen in dem Wachstum und Erkenntnis nat\u00fcrlich geschehen.<\/p>\n<p>\u00a0<\/p>\n<p>[\/et_pb_text][et_pb_testimonial admin_label=&#8220;Testimonial&#8220; author=&#8220;Sandra, Deutschland&#8220; url_new_window=&#8220;off&#8220;]<\/p>\n<p>Der Titel Sch\u00f6pferkraft allein hat mich inspiriert an diesem neuen Kurs von Ghata teilzunehmen.<\/p>\n<p>Grunds\u00e4tzlich ist es immer eine Bereicherung f\u00fcr mich an Kursen mit Ghata und so vielen bekannten und unbekannten Freunden teilzunehmen. Noch nie habe ich so viel gelacht wie an diesen 4 Tagen. Welch eine Lebensfreude!<\/p>\n<p>Mich selbst als Sch\u00f6pferin in meinen Themen zu betrachten und die Selbstsabotagen erkennen, bearbeiten und loslassen zu k\u00f6nnen, haben mir sehr geholfen. Da f\u00fcr mich einfach in der Handhabung ist, ist ein Teil der \u00dcbung nun jeden Morgen mein st\u00e4ndiger Begleiter geworden und hilft mir in jedem Augenblick mir klar und klarer zu werden, wo und wie ich momentan stehe. Ich achte bewu\u00dfter auf mich, meinem K\u00f6rper und den emotionalen Bed\u00fcrfnissen und konnte dies sehr erfolgreich in meinem Leben integrieren!<\/p>\n<p>Ein gro\u00dfes herzliches Danke an Ghata, ihrem Team und allen Mit-Sch\u00f6pfer-innen!<\/p>\n<p>[\/et_pb_testimonial][\/et_pb_column][et_pb_column type=&#8220;1_4&#8243;][et_pb_image admin_label=&#8220;Image&#8220; src=&#8220;http:\/\/www.energy-healing-ghata.com\/wp-content\/uploads\/2014\/04\/iStock_000018183512_Medium-Small.jpg&#8220; url_new_window=&#8220;off&#8220; animation=&#8220;left&#8220; \/][et_pb_image admin_label=&#8220;Image&#8220; src=&#8220;http:\/\/www.energy-healing-ghata.com\/wp-content\/uploads\/2014\/04\/IMG_6890-Small1.jpg&#8220; url_new_window=&#8220;off&#8220; animation=&#8220;left&#8220; \/][et_pb_image admin_label=&#8220;Image&#8220; src=&#8220;http:\/\/www.energy-healing-ghata.com\/wp-content\/uploads\/2014\/04\/IMG_6930-Small.jpg&#8220; url_new_window=&#8220;off&#8220; animation=&#8220;left&#8220; \/][et_pb_image admin_label=&#8220;Image&#8220; src=&#8220;http:\/\/www.energy-healing-ghata.com\/wp-content\/uploads\/2014\/04\/IMG_6886-Small.jpg&#8220; url_new_window=&#8220;off&#8220; animation=&#8220;left&#8220; \/][\/et_pb_column][\/et_pb_row][\/et_pb_section]<\/p>\n","protected":false},"excerpt":{"rendered":"<p><div class=\"et_pb_section et_pb_section_0 et_section_regular\" >\n\t\t\t\t\n\t\t\t\t\n\t\t\t\t\n\t\t\t\t\n\t\t\t\t\n\t\t\t\t\n\t\t\t\t\n\t\t\t\t\n\t\t\t\t\n\t\t\t<\/div><div class=\"et_pb_row et_pb_row_0 et_pb_row_empty\">\n\t\t\t\t\n\t\t\t\t\n\t\t\t\t\n\t\t\t\t\n\t\t\t\t\n\t\t\t<\/div>Sch\u00f6pferkraft &#8211; ein ganz besonderes Training\u00a04 Tage die dein Leben ver\u00e4ndern k\u00f6nnen\u00a0Du kannst Deine Tr\u00e4ume tats\u00e4chlich verwirklichen!Sch\u00f6pferkraft ist ein kraftvoller und effektiver \u00a0Kurs in dem wir mit dem Prinzip arbeiten, dass wir unsere eigene Realit\u00e4t erschaffen. In diesen 4 Tagen werden wir uns unsere\u00a0 eigenen \u00dcberzeugungssysteme anschauen und \u00fcber Bewusstwerdung\u00a0 zur\u00fcck in unsere Sch\u00f6pferkraft treten.Werde [&hellip;]<\/p>\n","protected":false},"author":4,"featured_media":0,"parent":0,"menu_order":0,"comment_status":"closed","ping_status":"closed","template":"","meta":{"_et_pb_use_builder":"on","_et_pb_old_content":"","_et_gb_content_width":"","footnotes":""},"class_list":["post-2568","page","type-page","status-publish","hentry"],"yoast_head":"<!-- This site is optimized with the Yoast SEO plugin v27.5 - https:\/\/yoast.com\/product\/yoast-seo-wordpress\/ -->\n<title>Sch\u00f6pferkraft - Workshop - Energy Healing with Ghata<\/title>\n<meta name=\"robots\" content=\"index, follow, max-snippet:-1, max-image-preview:large, max-video-preview:-1\" \/>\n<link rel=\"canonical\" href=\"https:\/\/www.energy-healing-ghata.com\/de\/clearflame-workshop\/\" \/>\n<meta property=\"og:locale\" content=\"de_DE\" \/>\n<meta property=\"og:type\" content=\"article\" \/>\n<meta property=\"og:title\" content=\"Sch\u00f6pferkraft - Workshop - Energy Healing with Ghata\" \/>\n<meta property=\"og:description\" content=\"Sch\u00f6pferkraft - ein ganz besonderes Training\u00a04 Tage die dein Leben ver\u00e4ndern k\u00f6nnen\u00a0Du kannst Deine Tr\u00e4ume tats\u00e4chlich verwirklichen!Sch\u00f6pferkraft ist ein kraftvoller und effektiver \u00a0Kurs in dem wir mit dem Prinzip arbeiten, dass wir unsere eigene Realit\u00e4t erschaffen. In diesen 4 Tagen werden wir uns unsere\u00a0 eigenen \u00dcberzeugungssysteme anschauen und \u00fcber Bewusstwerdung\u00a0 zur\u00fcck in unsere Sch\u00f6pferkraft treten.Werde [&hellip;]\" \/>\n<meta property=\"og:url\" content=\"https:\/\/www.energy-healing-ghata.com\/de\/clearflame-workshop\/\" \/>\n<meta property=\"og:site_name\" content=\"Energy Healing with Ghata\" \/>\n<meta property=\"article:modified_time\" content=\"2014-05-07T12:30:09+00:00\" \/>\n<meta name=\"twitter:label1\" content=\"Gesch\u00e4tzte Lesezeit\" \/>\n\t<meta name=\"twitter:data1\" content=\"2\u00a0Minuten\" \/>\n<script type=\"application\/ld+json\" class=\"yoast-schema-graph\">{\"@context\":\"https:\\\/\\\/schema.org\",\"@graph\":[{\"@type\":\"WebPage\",\"@id\":\"https:\\\/\\\/www.energy-healing-ghata.com\\\/de\\\/clearflame-workshop\\\/\",\"url\":\"https:\\\/\\\/www.energy-healing-ghata.com\\\/de\\\/clearflame-workshop\\\/\",\"name\":\"Sch\u00f6pferkraft - Workshop - Energy Healing with Ghata\",\"isPartOf\":{\"@id\":\"https:\\\/\\\/www.energy-healing-ghata.com\\\/#website\"},\"datePublished\":\"2014-04-15T23:44:00+00:00\",\"dateModified\":\"2014-05-07T12:30:09+00:00\",\"breadcrumb\":{\"@id\":\"https:\\\/\\\/www.energy-healing-ghata.com\\\/de\\\/clearflame-workshop\\\/#breadcrumb\"},\"inLanguage\":\"de\",\"potentialAction\":[{\"@type\":\"ReadAction\",\"target\":[\"https:\\\/\\\/www.energy-healing-ghata.com\\\/de\\\/clearflame-workshop\\\/\"]}]},{\"@type\":\"BreadcrumbList\",\"@id\":\"https:\\\/\\\/www.energy-healing-ghata.com\\\/de\\\/clearflame-workshop\\\/#breadcrumb\",\"itemListElement\":[{\"@type\":\"ListItem\",\"position\":1,\"name\":\"Home\",\"item\":\"https:\\\/\\\/www.energy-healing-ghata.com\\\/de\\\/\"},{\"@type\":\"ListItem\",\"position\":2,\"name\":\"Sch\u00f6pferkraft &#8211; Workshop\"}]},{\"@type\":\"WebSite\",\"@id\":\"https:\\\/\\\/www.energy-healing-ghata.com\\\/#website\",\"url\":\"https:\\\/\\\/www.energy-healing-ghata.com\\\/\",\"name\":\"Energy Healing with Ghata\",\"description\":\"Spirit of Light\",\"potentialAction\":[{\"@type\":\"SearchAction\",\"target\":{\"@type\":\"EntryPoint\",\"urlTemplate\":\"https:\\\/\\\/www.energy-healing-ghata.com\\\/?s={search_term_string}\"},\"query-input\":{\"@type\":\"PropertyValueSpecification\",\"valueRequired\":true,\"valueName\":\"search_term_string\"}}],\"inLanguage\":\"de\"}]}<\/script>\n<!-- \/ Yoast SEO plugin. -->","yoast_head_json":{"title":"Sch\u00f6pferkraft - Workshop - Energy Healing with Ghata","robots":{"index":"index","follow":"follow","max-snippet":"max-snippet:-1","max-image-preview":"max-image-preview:large","max-video-preview":"max-video-preview:-1"},"canonical":"https:\/\/www.energy-healing-ghata.com\/de\/clearflame-workshop\/","og_locale":"de_DE","og_type":"article","og_title":"Sch\u00f6pferkraft - Workshop - Energy Healing with Ghata","og_description":"Sch\u00f6pferkraft - ein ganz besonderes Training\u00a04 Tage die dein Leben ver\u00e4ndern k\u00f6nnen\u00a0Du kannst Deine Tr\u00e4ume tats\u00e4chlich verwirklichen!Sch\u00f6pferkraft ist ein kraftvoller und effektiver \u00a0Kurs in dem wir mit dem Prinzip arbeiten, dass wir unsere eigene Realit\u00e4t erschaffen. In diesen 4 Tagen werden wir uns unsere\u00a0 eigenen \u00dcberzeugungssysteme anschauen und \u00fcber Bewusstwerdung\u00a0 zur\u00fcck in unsere Sch\u00f6pferkraft treten.Werde [&hellip;]","og_url":"https:\/\/www.energy-healing-ghata.com\/de\/clearflame-workshop\/","og_site_name":"Energy Healing with Ghata","article_modified_time":"2014-05-07T12:30:09+00:00","twitter_misc":{"Gesch\u00e4tzte Lesezeit":"2\u00a0Minuten"},"schema":{"@context":"https:\/\/schema.org","@graph":[{"@type":"WebPage","@id":"https:\/\/www.energy-healing-ghata.com\/de\/clearflame-workshop\/","url":"https:\/\/www.energy-healing-ghata.com\/de\/clearflame-workshop\/","name":"Sch\u00f6pferkraft - Workshop - Energy Healing with Ghata","isPartOf":{"@id":"https:\/\/www.energy-healing-ghata.com\/#website"},"datePublished":"2014-04-15T23:44:00+00:00","dateModified":"2014-05-07T12:30:09+00:00","breadcrumb":{"@id":"https:\/\/www.energy-healing-ghata.com\/de\/clearflame-workshop\/#breadcrumb"},"inLanguage":"de","potentialAction":[{"@type":"ReadAction","target":["https:\/\/www.energy-healing-ghata.com\/de\/clearflame-workshop\/"]}]},{"@type":"BreadcrumbList","@id":"https:\/\/www.energy-healing-ghata.com\/de\/clearflame-workshop\/#breadcrumb","itemListElement":[{"@type":"ListItem","position":1,"name":"Home","item":"https:\/\/www.energy-healing-ghata.com\/de\/"},{"@type":"ListItem","position":2,"name":"Sch\u00f6pferkraft &#8211; Workshop"}]},{"@type":"WebSite","@id":"https:\/\/www.energy-healing-ghata.com\/#website","url":"https:\/\/www.energy-healing-ghata.com\/","name":"Energy Healing with Ghata","description":"Spirit of Light","potentialAction":[{"@type":"SearchAction","target":{"@type":"EntryPoint","urlTemplate":"https:\/\/www.energy-healing-ghata.com\/?s={search_term_string}"},"query-input":{"@type":"PropertyValueSpecification","valueRequired":true,"valueName":"search_term_string"}}],"inLanguage":"de"}]}},"jetpack_sharing_enabled":true,"_links":{"self":[{"href":"https:\/\/www.energy-healing-ghata.com\/de\/wp-json\/wp\/v2\/pages\/2568","targetHints":{"allow":["GET"]}}],"collection":[{"href":"https:\/\/www.energy-healing-ghata.com\/de\/wp-json\/wp\/v2\/pages"}],"about":[{"href":"https:\/\/www.energy-healing-ghata.com\/de\/wp-json\/wp\/v2\/types\/page"}],"author":[{"embeddable":true,"href":"https:\/\/www.energy-healing-ghata.com\/de\/wp-json\/wp\/v2\/users\/4"}],"replies":[{"embeddable":true,"href":"https:\/\/www.energy-healing-ghata.com\/de\/wp-json\/wp\/v2\/comments?post=2568"}],"version-history":[{"count":15,"href":"https:\/\/www.energy-healing-ghata.com\/de\/wp-json\/wp\/v2\/pages\/2568\/revisions"}],"predecessor-version":[{"id":3181,"href":"https:\/\/www.energy-healing-ghata.com\/de\/wp-json\/wp\/v2\/pages\/2568\/revisions\/3181"}],"wp:attachment":[{"href":"https:\/\/www.energy-healing-ghata.com\/de\/wp-json\/wp\/v2\/media?parent=2568"}],"curies":[{"name":"wp","href":"https:\/\/api.w.org\/{rel}","templated":true}]}}