{"id":2585,"date":"2014-04-09T01:20:33","date_gmt":"2014-04-09T01:20:33","guid":{"rendered":"http:\/\/www.energy-healing-ghata.com\/language-of-light-workshop-2\/"},"modified":"2014-05-07T12:19:21","modified_gmt":"2014-05-07T12:19:21","slug":"language-of-light-workshop","status":"publish","type":"page","link":"https:\/\/www.energy-healing-ghata.com\/de\/language-of-light-workshop\/","title":{"rendered":"Die Sprache des Lichtes &#8211; Workshop"},"content":{"rendered":"<p>[et_pb_section][et_pb_row][et_pb_column type=&#8220;3_4&#8243;][et_pb_text admin_label=&#8220;Text&#8220; background_layout=&#8220;light&#8220; text_orientation=&#8220;left&#8220;]<\/p>\n<h2>Die Sprache des Lichtes<\/h2>\n<h2>\u00a0<\/h2>\n<h3>Bade in Licht und Liebe<\/h3>\n<p>Dieser Workshop kann als Tagesworkshop oder als Einf\u00fchrungsworkshop an einem Abend erlebt werden. Es ist eine Einladung, Ghata und ihre Arbeit kennenzulernen und eine Gelegenheit,\u00a0 in Liebe und Licht zu baden und hierdurch unserem eigenem Potential tiefer zu begegnen.<\/p>\n<h3>Meditationen und Energierabeit<\/h3>\n<p>Ghata f\u00fchrt die Teilnehmer in einen entspannten und offenen Raum, in dem\u00a0 Meditationen gemacht, Fragen gestellt werden k\u00f6nnen und in dem Energiearbeit angeboten wird. Ghata stimmt sich individuell auf die Teilnehmer ein und \u00f6ffnet sich f\u00fcr spezielle F\u00fchrung und Unterst\u00fctzung.<\/p>\n<p>\u00a0<\/p>\n<p>[\/et_pb_text][\/et_pb_column][et_pb_column type=&#8220;1_4&#8243;][et_pb_image admin_label=&#8220;Image&#8220; src=&#8220;http:\/\/www.energy-healing-ghata.com\/wp-content\/uploads\/2014\/04\/Abend-in-B\u00fcdingen-3-Small.jpg&#8220; url_new_window=&#8220;off&#8220; animation=&#8220;left&#8220; \/][et_pb_image admin_label=&#8220;Image&#8220; src=&#8220;http:\/\/www.energy-healing-ghata.com\/wp-content\/uploads\/2014\/04\/ghata-christmas-2011-Custom.jpg&#8220; url_new_window=&#8220;off&#8220; animation=&#8220;left&#8220; \/][\/et_pb_column][\/et_pb_row][\/et_pb_section]<\/p>\n","protected":false},"excerpt":{"rendered":"<p><div class=\"et_pb_section et_pb_section_0 et_section_regular\" >\n\t\t\t\t\n\t\t\t\t\n\t\t\t\t\n\t\t\t\t\n\t\t\t\t\n\t\t\t\t\n\t\t\t\t\n\t\t\t\t\n\t\t\t\t\n\t\t\t<\/div><div class=\"et_pb_row et_pb_row_0 et_pb_row_empty\">\n\t\t\t\t\n\t\t\t\t\n\t\t\t\t\n\t\t\t\t\n\t\t\t\t\n\t\t\t<\/div>Die Sprache des Lichtes\u00a0Bade in Licht und LiebeDieser Workshop kann als Tagesworkshop oder als Einf\u00fchrungsworkshop an einem Abend erlebt werden. Es ist eine Einladung, Ghata und ihre Arbeit kennenzulernen und eine Gelegenheit,\u00a0 in Liebe und Licht zu baden und hierdurch unserem eigenem Potential tiefer zu begegnen.Meditationen und EnergierabeitGhata f\u00fchrt die Teilnehmer in einen entspannten und [&hellip;]<\/p>\n","protected":false},"author":4,"featured_media":0,"parent":0,"menu_order":0,"comment_status":"closed","ping_status":"closed","template":"","meta":{"_et_pb_use_builder":"on","_et_pb_old_content":"","_et_gb_content_width":"","footnotes":""},"class_list":["post-2585","page","type-page","status-publish","hentry"],"yoast_head":"<!-- This site is optimized with the Yoast SEO plugin v27.3 - https:\/\/yoast.com\/product\/yoast-seo-wordpress\/ -->\n<title>Die Sprache des Lichtes - Workshop - Energy Healing with Ghata<\/title>\n<meta name=\"robots\" content=\"index, follow, max-snippet:-1, max-image-preview:large, max-video-preview:-1\" \/>\n<link rel=\"canonical\" href=\"https:\/\/www.energy-healing-ghata.com\/de\/language-of-light-workshop\/\" \/>\n<meta property=\"og:locale\" content=\"de_DE\" \/>\n<meta property=\"og:type\" content=\"article\" \/>\n<meta property=\"og:title\" content=\"Die Sprache des Lichtes - Workshop - Energy Healing with Ghata\" \/>\n<meta property=\"og:description\" content=\"Die Sprache des Lichtes\u00a0Bade in Licht und LiebeDieser Workshop kann als Tagesworkshop oder als Einf\u00fchrungsworkshop an einem Abend erlebt werden. Es ist eine Einladung, Ghata und ihre Arbeit kennenzulernen und eine Gelegenheit,\u00a0 in Liebe und Licht zu baden und hierdurch unserem eigenem Potential tiefer zu begegnen.Meditationen und EnergierabeitGhata f\u00fchrt die Teilnehmer in einen entspannten und [&hellip;]\" \/>\n<meta property=\"og:url\" content=\"https:\/\/www.energy-healing-ghata.com\/de\/language-of-light-workshop\/\" \/>\n<meta property=\"og:site_name\" content=\"Energy Healing with Ghata\" \/>\n<meta property=\"article:modified_time\" content=\"2014-05-07T12:19:21+00:00\" \/>\n<meta name=\"twitter:label1\" content=\"Gesch\u00e4tzte Lesezeit\" \/>\n\t<meta name=\"twitter:data1\" content=\"1\u00a0Minute\" \/>\n<script type=\"application\/ld+json\" class=\"yoast-schema-graph\">{\"@context\":\"https:\\\/\\\/schema.org\",\"@graph\":[{\"@type\":\"WebPage\",\"@id\":\"https:\\\/\\\/www.energy-healing-ghata.com\\\/de\\\/language-of-light-workshop\\\/\",\"url\":\"https:\\\/\\\/www.energy-healing-ghata.com\\\/de\\\/language-of-light-workshop\\\/\",\"name\":\"Die Sprache des Lichtes - Workshop - Energy Healing with Ghata\",\"isPartOf\":{\"@id\":\"https:\\\/\\\/www.energy-healing-ghata.com\\\/#website\"},\"datePublished\":\"2014-04-09T01:20:33+00:00\",\"dateModified\":\"2014-05-07T12:19:21+00:00\",\"breadcrumb\":{\"@id\":\"https:\\\/\\\/www.energy-healing-ghata.com\\\/de\\\/language-of-light-workshop\\\/#breadcrumb\"},\"inLanguage\":\"de\",\"potentialAction\":[{\"@type\":\"ReadAction\",\"target\":[\"https:\\\/\\\/www.energy-healing-ghata.com\\\/de\\\/language-of-light-workshop\\\/\"]}]},{\"@type\":\"BreadcrumbList\",\"@id\":\"https:\\\/\\\/www.energy-healing-ghata.com\\\/de\\\/language-of-light-workshop\\\/#breadcrumb\",\"itemListElement\":[{\"@type\":\"ListItem\",\"position\":1,\"name\":\"Home\",\"item\":\"https:\\\/\\\/www.energy-healing-ghata.com\\\/de\\\/\"},{\"@type\":\"ListItem\",\"position\":2,\"name\":\"Die Sprache des Lichtes &#8211; Workshop\"}]},{\"@type\":\"WebSite\",\"@id\":\"https:\\\/\\\/www.energy-healing-ghata.com\\\/#website\",\"url\":\"https:\\\/\\\/www.energy-healing-ghata.com\\\/\",\"name\":\"Energy Healing with Ghata\",\"description\":\"Spirit of Light\",\"potentialAction\":[{\"@type\":\"SearchAction\",\"target\":{\"@type\":\"EntryPoint\",\"urlTemplate\":\"https:\\\/\\\/www.energy-healing-ghata.com\\\/?s={search_term_string}\"},\"query-input\":{\"@type\":\"PropertyValueSpecification\",\"valueRequired\":true,\"valueName\":\"search_term_string\"}}],\"inLanguage\":\"de\"}]}<\/script>\n<!-- \/ Yoast SEO plugin. -->","yoast_head_json":{"title":"Die Sprache des Lichtes - Workshop - Energy Healing with Ghata","robots":{"index":"index","follow":"follow","max-snippet":"max-snippet:-1","max-image-preview":"max-image-preview:large","max-video-preview":"max-video-preview:-1"},"canonical":"https:\/\/www.energy-healing-ghata.com\/de\/language-of-light-workshop\/","og_locale":"de_DE","og_type":"article","og_title":"Die Sprache des Lichtes - Workshop - Energy Healing with Ghata","og_description":"Die Sprache des Lichtes\u00a0Bade in Licht und LiebeDieser Workshop kann als Tagesworkshop oder als Einf\u00fchrungsworkshop an einem Abend erlebt werden. Es ist eine Einladung, Ghata und ihre Arbeit kennenzulernen und eine Gelegenheit,\u00a0 in Liebe und Licht zu baden und hierdurch unserem eigenem Potential tiefer zu begegnen.Meditationen und EnergierabeitGhata f\u00fchrt die Teilnehmer in einen entspannten und [&hellip;]","og_url":"https:\/\/www.energy-healing-ghata.com\/de\/language-of-light-workshop\/","og_site_name":"Energy Healing with Ghata","article_modified_time":"2014-05-07T12:19:21+00:00","twitter_misc":{"Gesch\u00e4tzte Lesezeit":"1\u00a0Minute"},"schema":{"@context":"https:\/\/schema.org","@graph":[{"@type":"WebPage","@id":"https:\/\/www.energy-healing-ghata.com\/de\/language-of-light-workshop\/","url":"https:\/\/www.energy-healing-ghata.com\/de\/language-of-light-workshop\/","name":"Die Sprache des Lichtes - Workshop - Energy Healing with Ghata","isPartOf":{"@id":"https:\/\/www.energy-healing-ghata.com\/#website"},"datePublished":"2014-04-09T01:20:33+00:00","dateModified":"2014-05-07T12:19:21+00:00","breadcrumb":{"@id":"https:\/\/www.energy-healing-ghata.com\/de\/language-of-light-workshop\/#breadcrumb"},"inLanguage":"de","potentialAction":[{"@type":"ReadAction","target":["https:\/\/www.energy-healing-ghata.com\/de\/language-of-light-workshop\/"]}]},{"@type":"BreadcrumbList","@id":"https:\/\/www.energy-healing-ghata.com\/de\/language-of-light-workshop\/#breadcrumb","itemListElement":[{"@type":"ListItem","position":1,"name":"Home","item":"https:\/\/www.energy-healing-ghata.com\/de\/"},{"@type":"ListItem","position":2,"name":"Die Sprache des Lichtes &#8211; Workshop"}]},{"@type":"WebSite","@id":"https:\/\/www.energy-healing-ghata.com\/#website","url":"https:\/\/www.energy-healing-ghata.com\/","name":"Energy Healing with Ghata","description":"Spirit of Light","potentialAction":[{"@type":"SearchAction","target":{"@type":"EntryPoint","urlTemplate":"https:\/\/www.energy-healing-ghata.com\/?s={search_term_string}"},"query-input":{"@type":"PropertyValueSpecification","valueRequired":true,"valueName":"search_term_string"}}],"inLanguage":"de"}]}},"jetpack_sharing_enabled":true,"_links":{"self":[{"href":"https:\/\/www.energy-healing-ghata.com\/de\/wp-json\/wp\/v2\/pages\/2585","targetHints":{"allow":["GET"]}}],"collection":[{"href":"https:\/\/www.energy-healing-ghata.com\/de\/wp-json\/wp\/v2\/pages"}],"about":[{"href":"https:\/\/www.energy-healing-ghata.com\/de\/wp-json\/wp\/v2\/types\/page"}],"author":[{"embeddable":true,"href":"https:\/\/www.energy-healing-ghata.com\/de\/wp-json\/wp\/v2\/users\/4"}],"replies":[{"embeddable":true,"href":"https:\/\/www.energy-healing-ghata.com\/de\/wp-json\/wp\/v2\/comments?post=2585"}],"version-history":[{"count":13,"href":"https:\/\/www.energy-healing-ghata.com\/de\/wp-json\/wp\/v2\/pages\/2585\/revisions"}],"predecessor-version":[{"id":3173,"href":"https:\/\/www.energy-healing-ghata.com\/de\/wp-json\/wp\/v2\/pages\/2585\/revisions\/3173"}],"wp:attachment":[{"href":"https:\/\/www.energy-healing-ghata.com\/de\/wp-json\/wp\/v2\/media?parent=2585"}],"curies":[{"name":"wp","href":"https:\/\/api.w.org\/{rel}","templated":true}]}}