{"id":2629,"date":"2014-04-16T04:59:02","date_gmt":"2014-04-16T04:59:02","guid":{"rendered":"http:\/\/www.energy-healing-ghata.com\/spirit-of-light-card-deck-2\/"},"modified":"2014-05-26T13:45:46","modified_gmt":"2014-05-26T13:45:46","slug":"spirit-of-light-card-deck","status":"publish","type":"page","link":"https:\/\/www.energy-healing-ghata.com\/de\/spirit-of-light-card-deck\/","title":{"rendered":"Spirit of Light Karten"},"content":{"rendered":"<p>[et_pb_section fullwidth=&#8220;off&#8220;][et_pb_row][et_pb_column type=&#8220;1_4&#8243;][et_pb_image admin_label=&#8220;Image&#8220; src=&#8220;http:\/\/www.energy-healing-ghata.com\/wp-content\/uploads\/2014\/04\/photo-Small.jpg&#8220; url_new_window=&#8220;off&#8220; animation=&#8220;left&#8220; \/][\/et_pb_column][et_pb_column type=&#8220;1_4&#8243;][et_pb_text admin_label=&#8220;Text&#8220; background_layout=&#8220;light&#8220; text_orientation=&#8220;left&#8220;]<\/p>\n<p style=\"text-align: center;\"><span style=\"color: #ff00ff;\"><strong>Neu: Spirit of Light Karten<span style=\"color: #d629c8;\">!<\/span><\/strong> <\/span><\/p>\n<p style=\"text-align: center;\"><span style=\"color: #000000;\"><strong>Entstanden in Zusammenarbeit zwischen K\u00fcnstlerin Anna Foley and Ghata<\/strong><\/span><\/p>\n<p style=\"text-align: center;\"><span style=\"color: #000000;\">Geniesse das heilende Licht und die kreative Inspiration beim Arbeiten und Spielen mit den Karten.<br \/> <\/span><\/p>\n<p style=\"text-align: center;\"><strong>Die Karten k\u00f6nnen nicht nur wie Tarotkarten benutzt werden. Da sie heilende Energien tragen, kannst du sie auch als heilendes Werkzeug benutzen, indem du sie auf deinem K\u00f6rper tr\u00e4gst, dein Wasser damit aufl\u00e4dst, sie beim Schlaf unter dem Bett benutzt oder auf viele andere Weisen.<\/strong> <\/p>\n<p style=\"text-align: center;\"><span style=\"color: #000000;\">Die Named der Karten sind in Deutsch und Englisch und die Karten kommen mit einem deutschen und einem englischen Buch.<br \/> <\/span><\/p>\n<p style=\"text-align: center;\"><a href=\"http:\/\/www.energy-healing-ghata.com\/de\/shop\/\"><strong><span style=\"color: #ff00ff;\"> Zum Shop gehen und jetzt bestellen<\/span><\/strong><\/a><\/p>\n<p>\u00a0<\/p>\n<p>[\/et_pb_text][\/et_pb_column][et_pb_column type=&#8220;1_2&#8243;][et_pb_text admin_label=&#8220;Text&#8220; background_layout=&#8220;light&#8220; text_orientation=&#8220;left&#8220;]<iframe loading=\"lazy\" src=\"\/\/www.youtube.com\/embed\/j92WsAearEc\" width=\"560\" height=\"315\" frameborder=\"0\" allowfullscreen=\"allowfullscreen\"><\/iframe>[\/et_pb_text][\/et_pb_column][\/et_pb_row][\/et_pb_section][et_pb_section fullwidth=&#8220;off&#8220;][et_pb_row][et_pb_column type=&#8220;3_4&#8243;][et_pb_text admin_label=&#8220;Text&#8220; background_layout=&#8220;light&#8220; text_orientation=&#8220;left&#8220;]<\/p>\n<p style=\"text-align: justify;\"><strong>Die Spirit of Light Karten <\/strong>entstanden in Zusammenarbeit zwischen Ghata und der australischen K\u00fcnstlerin Anna Foley,\u00a0die bekannt ist f\u00fcr ihre dynamischen und farbenfrohen Arbeiten auf grosser Leinwand. <a href=\"http:\/\/www.annafoley.com\">www.annafoley.com<\/a>\u00a0 Sowohl Bilder als auch die von Ghata geschriebenen Texte k\u00f6nnen sowohl f\u00fcr Heilung benutzt werden, als auch als inspierierende Schl\u00fcssel f\u00fcr Kreativit\u00e4t. Das heilende Licht und die Vibration der Bilder in Kombination mit den gechannelten Botschaften helfen , Licht und Schatten unterschiedlicher Qualit\u00e4t anzunehmen und zu integrieren.<\/p>\n<p>Das Deck besteht aus<strong> 62 Bildern<\/strong>, um Kreativit\u00e4t durch verschiedene heilende Lichtqualit\u00e4ten zu inspirieren<\/p>\n<p><strong>62 gechannelte Botschaften<\/strong>, um das eigene Licht zu umarmen und mit dem Schatten zu arbeiten und<\/p>\n<p><strong>62 inspirierende Texten<\/strong>, die zum Nachdenken einladen, sowie Meditationen mit unterschiedlichen Qualit\u00e4ten.<\/p>\n<p style=\"text-align: justify;\"><strong>Nachfolgend k\u00f6nnt ihr einige Beispiele f\u00fcr die Karten mit den entsprechenden Texten sehen:<\/strong><\/p>\n<p>[\/et_pb_text][\/et_pb_column][et_pb_column type=&#8220;1_4&#8243;][et_pb_image admin_label=&#8220;Image&#8220; src=&#8220;http:\/\/www.energy-healing-ghata.com\/wp-content\/uploads\/2014\/04\/Healing-Small.jpg&#8220; url_new_window=&#8220;off&#8220; animation=&#8220;left&#8220; \/][\/et_pb_column][\/et_pb_row][\/et_pb_section][et_pb_section fullwidth=&#8220;off&#8220;][et_pb_row][et_pb_column type=&#8220;1_4&#8243;][et_pb_image admin_label=&#8220;Image&#8220; src=&#8220;http:\/\/www.energy-healing-ghata.com\/wp-content\/uploads\/2014\/04\/Guidance-Small.jpg&#8220; url_new_window=&#8220;off&#8220; animation=&#8220;left&#8220; \/][\/et_pb_column][et_pb_column type=&#8220;3_4&#8243;][et_pb_text admin_label=&#8220;Text&#8220; background_layout=&#8220;light&#8220; text_orientation=&#8220;left&#8220;]<\/p>\n<p><b><span style=\"text-decoration: underline;\">5 F\u00fchrung<\/span>:<\/b> Es gibt viele Kr\u00e4fte, die uns unterst\u00fctzen wollen. Wir m\u00fcssen uns nur daf\u00fcr \u00f6ffnen und F\u00fchrung erlauben. F\u00fchrung kann auf verschiedenste Weisen empfangen werden. Sie kann \u00fcber eine weise Person in unser Leben treten oder durch eine unerwartete Bemerkung von jemandem, den wir kennen oder den wir vorher nie getroffen haben. F\u00fchrung kann durch die Natur oder durch Tr\u00e4ume zu uns kommen. Wir k\u00f6nnen sie von den Lichtreichen durch Engel oder andere Lichtwesen erfahren, von unserem H\u00f6heren Selbst oder unserer Intuition. Aber oft h\u00f6ren wir nicht hin oder w\u00e4hlen, unserem Verstand zu glauben anstatt den f\u00fchrenden Kr\u00e4ften. Wir k\u00f6nnen oft auch nicht zwischen unserem Verstand oder Zeichen unserer f\u00fchrenden Kr\u00e4fte unterscheiden.<\/p>\n<p><b>Zum Nachdenken und F\u00fchlen:<\/b> Bist du offen f\u00fcr Botschaften deiner F\u00fchrung? H\u00f6rst du auf diese Informationen oder vertraust du deinem Verstand mehr? Bist du dir all der unterschiedlichen Nachrichten bewusst, die in vielen verschiedenen Formen in dein Leben treten oder verwirfst du F\u00fchrung in deinem Leben, weil du zu besch\u00e4ftigt bist oder einfach nicht vertrauen kannst.<\/p>\n<p>Lass das Licht, das von dem Bild ausstrahlt, dich ber\u00fchren. F\u00fchle, wie es deinen intuitiven Teil aktiviert und \u00f6ffne dich f\u00fcr F\u00fchrung in welcher Form sich diese auch immer zeigen m\u00f6chte. Sei \u00fcber die n\u00e4chsten 24 Stunden achtsam, so dass du m\u00f6gliche Botschaften empfangen kannst. <b><\/b><\/p>\n<p>[\/et_pb_text][\/et_pb_column][\/et_pb_row][\/et_pb_section][et_pb_section fullwidth=&#8220;off&#8220;][et_pb_row][et_pb_column type=&#8220;3_4&#8243;][et_pb_text admin_label=&#8220;Text&#8220; background_layout=&#8220;light&#8220; text_orientation=&#8220;left&#8220;]<\/p>\n<p><b><span style=\"text-decoration: underline;\">41 Einzigartigkeit<\/span>:<\/b> Unsere Kultur lehrt uns, uns st\u00e4ndig mit anderen zu vergleichen, anstatt unsere Einzigartigkeit und die Einzigartigkeit anderer zu feiern. Wir lernen unseren eigenen Wert an einer Skala von Perfektion zu messen und sind damit von vorne herein zum Scheitern verurteilt, denn diese Skala hat keinen Platz f\u00fcr Mitgef\u00fchl. Indem wir uns und andere konstant vergleichen und unsere Unterschiede werten, verpassen wir die Sch\u00f6nheit, die in der Einzigartigkeit jedes Lebewesens liegt. Wenn wir unterschiedliches Aussehen, verschiedene Arten Dinge zu tun, Vorlieben und Aversionen akzeptieren und achten, k\u00f6nnen wir unsere Standpunkte erweitern und voneinander lernen.<\/p>\n<p><b>Zum Nachdenken und F\u00fchlen: <\/b>Wo vergleichst du dich mit anderen und f\u00fchlst dich entweder besser oder schlechter? W\u00fcrde es sich nicht besser anf\u00fchlen, wenn du dich und andere einfach so annehmen k\u00f6nntest, wie ihr seid und Wertung loslassen k\u00f6nntest? Wie w\u00fcrde es sich anf\u00fchlen, deine Einzigartigkeit und die der anderen zu feiern und dich daran zu erinnern, dass jedes Lebewesen ein individueller Ausdruck des G\u00f6ttlichen ist?<\/p>\n<p>Atme in das Bild hinein und f\u00fchle deine einzigartigen Gaben und Qualit\u00e4ten, dein Licht und deinen Schatten ohne dich zu vergleichen. Ehre dich daf\u00fcr, dass du ein unvergleichlicher Ausdruck g\u00f6ttlichen Lichts in deinem individuellen K\u00f6rper, deinem Geist und deiner Seele bist. Lass jegliche Wertung los und feiere dein menschliches Dasein. <span style=\"text-decoration: line-through;\">und<\/span> Wisse, du bist perfekt, so<span style=\"text-decoration: line-through;\">, <\/span>wie du bist.<\/p>\n<p>[\/et_pb_text][\/et_pb_column][et_pb_column type=&#8220;1_4&#8243;][et_pb_image admin_label=&#8220;Image&#8220; src=&#8220;http:\/\/www.energy-healing-ghata.com\/wp-content\/uploads\/2014\/04\/Uniqueness-Small.jpg&#8220; url_new_window=&#8220;off&#8220; animation=&#8220;left&#8220; \/][\/et_pb_column][\/et_pb_row][\/et_pb_section]<\/p>\n","protected":false},"excerpt":{"rendered":"<p><div class=\"et_pb_row et_pb_row_0 et_pb_row_empty\">\n\t\t\t\t\n\t\t\t\t\n\t\t\t\t\n\t\t\t\t\n\t\t\t\t\n\t\t\t<\/div>Neu: Spirit of Light Karten! Entstanden in Zusammenarbeit zwischen K\u00fcnstlerin Anna Foley and GhataGeniesse das heilende Licht und die kreative Inspiration beim Arbeiten und Spielen mit den Karten. Die Karten k\u00f6nnen nicht nur wie Tarotkarten benutzt werden. Da sie heilende Energien tragen, kannst du sie auch als heilendes Werkzeug benutzen, indem du sie auf deinem [&hellip;]<\/p>\n","protected":false},"author":4,"featured_media":0,"parent":0,"menu_order":0,"comment_status":"closed","ping_status":"closed","template":"","meta":{"_et_pb_use_builder":"on","_et_pb_old_content":"","_et_gb_content_width":"","footnotes":""},"class_list":["post-2629","page","type-page","status-publish","hentry"],"yoast_head":"<!-- This site is optimized with the Yoast SEO plugin v27.4 - https:\/\/yoast.com\/product\/yoast-seo-wordpress\/ -->\n<title>Spirit of Light Karten - Energy Healing with Ghata<\/title>\n<meta name=\"robots\" content=\"index, follow, max-snippet:-1, max-image-preview:large, max-video-preview:-1\" \/>\n<link rel=\"canonical\" href=\"https:\/\/www.energy-healing-ghata.com\/de\/spirit-of-light-card-deck\/\" \/>\n<meta property=\"og:locale\" content=\"de_DE\" \/>\n<meta property=\"og:type\" content=\"article\" \/>\n<meta property=\"og:title\" content=\"Spirit of Light Karten - Energy Healing with Ghata\" \/>\n<meta property=\"og:description\" content=\"Neu: Spirit of Light Karten! Entstanden in Zusammenarbeit zwischen K\u00fcnstlerin Anna Foley and GhataGeniesse das heilende Licht und die kreative Inspiration beim Arbeiten und Spielen mit den Karten. Die Karten k\u00f6nnen nicht nur wie Tarotkarten benutzt werden. Da sie heilende Energien tragen, kannst du sie auch als heilendes Werkzeug benutzen, indem du sie auf deinem [&hellip;]\" \/>\n<meta property=\"og:url\" content=\"https:\/\/www.energy-healing-ghata.com\/de\/spirit-of-light-card-deck\/\" \/>\n<meta property=\"og:site_name\" content=\"Energy Healing with Ghata\" \/>\n<meta property=\"article:modified_time\" content=\"2014-05-26T13:45:46+00:00\" \/>\n<meta name=\"twitter:label1\" content=\"Gesch\u00e4tzte Lesezeit\" \/>\n\t<meta name=\"twitter:data1\" content=\"5\u00a0Minuten\" \/>\n<script type=\"application\/ld+json\" class=\"yoast-schema-graph\">{\"@context\":\"https:\\\/\\\/schema.org\",\"@graph\":[{\"@type\":\"WebPage\",\"@id\":\"https:\\\/\\\/www.energy-healing-ghata.com\\\/de\\\/spirit-of-light-card-deck\\\/\",\"url\":\"https:\\\/\\\/www.energy-healing-ghata.com\\\/de\\\/spirit-of-light-card-deck\\\/\",\"name\":\"Spirit of Light Karten - Energy Healing with Ghata\",\"isPartOf\":{\"@id\":\"https:\\\/\\\/www.energy-healing-ghata.com\\\/#website\"},\"datePublished\":\"2014-04-16T04:59:02+00:00\",\"dateModified\":\"2014-05-26T13:45:46+00:00\",\"breadcrumb\":{\"@id\":\"https:\\\/\\\/www.energy-healing-ghata.com\\\/de\\\/spirit-of-light-card-deck\\\/#breadcrumb\"},\"inLanguage\":\"de\",\"potentialAction\":[{\"@type\":\"ReadAction\",\"target\":[\"https:\\\/\\\/www.energy-healing-ghata.com\\\/de\\\/spirit-of-light-card-deck\\\/\"]}]},{\"@type\":\"BreadcrumbList\",\"@id\":\"https:\\\/\\\/www.energy-healing-ghata.com\\\/de\\\/spirit-of-light-card-deck\\\/#breadcrumb\",\"itemListElement\":[{\"@type\":\"ListItem\",\"position\":1,\"name\":\"Home\",\"item\":\"https:\\\/\\\/www.energy-healing-ghata.com\\\/de\\\/\"},{\"@type\":\"ListItem\",\"position\":2,\"name\":\"Spirit of Light Karten\"}]},{\"@type\":\"WebSite\",\"@id\":\"https:\\\/\\\/www.energy-healing-ghata.com\\\/#website\",\"url\":\"https:\\\/\\\/www.energy-healing-ghata.com\\\/\",\"name\":\"Energy Healing with Ghata\",\"description\":\"Spirit of Light\",\"potentialAction\":[{\"@type\":\"SearchAction\",\"target\":{\"@type\":\"EntryPoint\",\"urlTemplate\":\"https:\\\/\\\/www.energy-healing-ghata.com\\\/?s={search_term_string}\"},\"query-input\":{\"@type\":\"PropertyValueSpecification\",\"valueRequired\":true,\"valueName\":\"search_term_string\"}}],\"inLanguage\":\"de\"}]}<\/script>\n<!-- \/ Yoast SEO plugin. -->","yoast_head_json":{"title":"Spirit of Light Karten - Energy Healing with Ghata","robots":{"index":"index","follow":"follow","max-snippet":"max-snippet:-1","max-image-preview":"max-image-preview:large","max-video-preview":"max-video-preview:-1"},"canonical":"https:\/\/www.energy-healing-ghata.com\/de\/spirit-of-light-card-deck\/","og_locale":"de_DE","og_type":"article","og_title":"Spirit of Light Karten - Energy Healing with Ghata","og_description":"Neu: Spirit of Light Karten! Entstanden in Zusammenarbeit zwischen K\u00fcnstlerin Anna Foley and GhataGeniesse das heilende Licht und die kreative Inspiration beim Arbeiten und Spielen mit den Karten. Die Karten k\u00f6nnen nicht nur wie Tarotkarten benutzt werden. Da sie heilende Energien tragen, kannst du sie auch als heilendes Werkzeug benutzen, indem du sie auf deinem [&hellip;]","og_url":"https:\/\/www.energy-healing-ghata.com\/de\/spirit-of-light-card-deck\/","og_site_name":"Energy Healing with Ghata","article_modified_time":"2014-05-26T13:45:46+00:00","twitter_misc":{"Gesch\u00e4tzte Lesezeit":"5\u00a0Minuten"},"schema":{"@context":"https:\/\/schema.org","@graph":[{"@type":"WebPage","@id":"https:\/\/www.energy-healing-ghata.com\/de\/spirit-of-light-card-deck\/","url":"https:\/\/www.energy-healing-ghata.com\/de\/spirit-of-light-card-deck\/","name":"Spirit of Light Karten - Energy Healing with Ghata","isPartOf":{"@id":"https:\/\/www.energy-healing-ghata.com\/#website"},"datePublished":"2014-04-16T04:59:02+00:00","dateModified":"2014-05-26T13:45:46+00:00","breadcrumb":{"@id":"https:\/\/www.energy-healing-ghata.com\/de\/spirit-of-light-card-deck\/#breadcrumb"},"inLanguage":"de","potentialAction":[{"@type":"ReadAction","target":["https:\/\/www.energy-healing-ghata.com\/de\/spirit-of-light-card-deck\/"]}]},{"@type":"BreadcrumbList","@id":"https:\/\/www.energy-healing-ghata.com\/de\/spirit-of-light-card-deck\/#breadcrumb","itemListElement":[{"@type":"ListItem","position":1,"name":"Home","item":"https:\/\/www.energy-healing-ghata.com\/de\/"},{"@type":"ListItem","position":2,"name":"Spirit of Light Karten"}]},{"@type":"WebSite","@id":"https:\/\/www.energy-healing-ghata.com\/#website","url":"https:\/\/www.energy-healing-ghata.com\/","name":"Energy Healing with Ghata","description":"Spirit of Light","potentialAction":[{"@type":"SearchAction","target":{"@type":"EntryPoint","urlTemplate":"https:\/\/www.energy-healing-ghata.com\/?s={search_term_string}"},"query-input":{"@type":"PropertyValueSpecification","valueRequired":true,"valueName":"search_term_string"}}],"inLanguage":"de"}]}},"jetpack_sharing_enabled":true,"_links":{"self":[{"href":"https:\/\/www.energy-healing-ghata.com\/de\/wp-json\/wp\/v2\/pages\/2629","targetHints":{"allow":["GET"]}}],"collection":[{"href":"https:\/\/www.energy-healing-ghata.com\/de\/wp-json\/wp\/v2\/pages"}],"about":[{"href":"https:\/\/www.energy-healing-ghata.com\/de\/wp-json\/wp\/v2\/types\/page"}],"author":[{"embeddable":true,"href":"https:\/\/www.energy-healing-ghata.com\/de\/wp-json\/wp\/v2\/users\/4"}],"replies":[{"embeddable":true,"href":"https:\/\/www.energy-healing-ghata.com\/de\/wp-json\/wp\/v2\/comments?post=2629"}],"version-history":[{"count":25,"href":"https:\/\/www.energy-healing-ghata.com\/de\/wp-json\/wp\/v2\/pages\/2629\/revisions"}],"predecessor-version":[{"id":3369,"href":"https:\/\/www.energy-healing-ghata.com\/de\/wp-json\/wp\/v2\/pages\/2629\/revisions\/3369"}],"wp:attachment":[{"href":"https:\/\/www.energy-healing-ghata.com\/de\/wp-json\/wp\/v2\/media?parent=2629"}],"curies":[{"name":"wp","href":"https:\/\/api.w.org\/{rel}","templated":true}]}}