{"id":2848,"date":"2014-04-18T21:52:35","date_gmt":"2014-04-18T21:52:35","guid":{"rendered":"http:\/\/www.energy-healing-ghata.com\/meditation-cds-2\/"},"modified":"2014-05-07T12:49:22","modified_gmt":"2014-05-07T12:49:22","slug":"meditation-cds","status":"publish","type":"page","link":"https:\/\/www.energy-healing-ghata.com\/de\/meditation-cds\/","title":{"rendered":"Gef\u00fchrte Meditationen"},"content":{"rendered":"<p>[et_pb_section fullwidth=&#8220;off&#8220;][et_pb_row][et_pb_column type=&#8220;1_4&#8243;][et_pb_image admin_label=&#8220;Image&#8220; src=&#8220;http:\/\/www.energy-healing-ghata.com\/wp-content\/uploads\/2014\/04\/zur\u00fcck-zum-herzen-GER-thumb-Small.jpg&#8220; url_new_window=&#8220;off&#8220; animation=&#8220;left&#8220; \/][\/et_pb_column][et_pb_column type=&#8220;1_4&#8243;][et_pb_text admin_label=&#8220;Text&#8220; background_layout=&#8220;light&#8220; text_orientation=&#8220;left&#8220;]<\/p>\n<h3>Zur\u00fcck zum Herzen<\/h3>\n<h4>Gef\u00fchrte Energiearbeit zur Kl\u00e4rung und Aufl\u00f6sung alter energetischer Verbindungen<strong><br \/>\n<\/strong><\/h4>\n<p>Diese gef\u00fchrte Energiearbeit unterst\u00fctzt dich dabei deine Beziehungen zu anderen Menschen zu kl\u00e4ren und Blockierungen und St\u00f6rungen zwischen Menschen zu l\u00f6sen. Diese Arbeit ist sowohl f\u00fcr die Kl\u00e4rung ehemaliger Beziehungen geeignet als auchzur Unterst\u00fczung der Bezihunge zwischen Eltern, Kindern und\u00a0 Lebensgef\u00e4hrten.<em><br \/>\n<\/em><\/p>\n<p>[\/et_pb_text][\/et_pb_column][et_pb_column type=&#8220;1_4&#8243;][et_pb_text admin_label=&#8220;Text&#8220; background_layout=&#8220;light&#8220; text_orientation=&#8220;left&#8220;]<\/p>\n<p><strong>L\u00e4nge der gef\u00fchrten Energiearbeit ist ca. 60 Minuten<br \/>\n<\/strong><\/p>\n<ol>\n<li>Einf\u00fchrung<\/li>\n<li>Erl\u00e4uterung der Chakren<\/li>\n<li>Entspannung<\/li>\n<li>Einstimmung<\/li>\n<li>Durchf\u00fchrung<\/li>\n<li>Wiederholung<\/li>\n<li>Abschluss<\/li>\n<\/ol>\n<p>[\/et_pb_text][\/et_pb_column][et_pb_column type=&#8220;1_4&#8243;][et_pb_text admin_label=&#8220;Text&#8220; background_layout=&#8220;light&#8220; text_orientation=&#8220;left&#8220;]<\/p>\n<h3>Erh\u00e4ltlich als<strong><br \/>\n<\/strong><\/h3>\n<h2><strong>CD<\/strong><\/h2>\n<p>und<\/p>\n<h2><strong>mp3<\/strong><\/h2>\n<p><span style=\"color: #008080;\"><a href=\"http:\/\/www.energy-healing-ghata.com\/wp-content\/uploads\/2014\/04\/Zur\u00fcck-zum-Herzen-streaming-sample.mp3\"><span style=\"color: #008080;\"><strong>Probeh\u00f6ren<\/strong><\/span><\/a><\/span><\/p>\n<h3><span style=\"color: #0000ff;\"><a href=\"http:\/\/www.energy-healing-ghata.com\/de\/shop\/\"><span style=\"color: #008080;\">zum Shop gehen<\/span><\/a><br \/>\n<\/span><\/h3>\n<p>[\/et_pb_text][\/et_pb_column][\/et_pb_row][\/et_pb_section][et_pb_section fullwidth=&#8220;off&#8220;][et_pb_row][et_pb_column type=&#8220;1_4&#8243;][et_pb_image admin_label=&#8220;Image&#8220; src=&#8220;http:\/\/www.energy-healing-ghata.com\/wp-content\/uploads\/2014\/04\/Reise_durch_die_12_chakren_GER_cover-Small.jpg&#8220; url_new_window=&#8220;off&#8220; animation=&#8220;left&#8220; \/][\/et_pb_column][et_pb_column type=&#8220;1_4&#8243;][et_pb_text admin_label=&#8220;Text&#8220; background_layout=&#8220;light&#8220; text_orientation=&#8220;left&#8220;]<\/p>\n<h3><strong>Reise durch die 12 Chakren<br \/>\n<\/strong><\/h3>\n<p>Diese spezielle Meditation harmonisiert und balanciert das Energiesystem um sich wieder an die Quelle allen Seins anzubinden und Frieden, Liebe und Weite zu erfahren. Sie hilft, das Energiesystem zu \u00f6ffnen, Energien leichter flie\u00dfen zu lassen und eine lichtvolle Ausgangsbasis f\u00fcr tiefe Energie- und Heilarbeit zu schaffen.<\/p>\n<p>[\/et_pb_text][\/et_pb_column][et_pb_column type=&#8220;1_4&#8243;][et_pb_text admin_label=&#8220;Text&#8220; background_layout=&#8220;light&#8220; text_orientation=&#8220;left&#8220;]<\/p>\n<h3><strong>L\u00e4nge der gef\u00fchrten Meditation ist 56.61 Minuten<\/strong><\/h3>\n<ol>\n<li>Einf\u00fchrung 1.08<\/li>\n<li>Das 12 Chakra System\u00a0 4.16<\/li>\n<li>Energiearbeit 51.37<\/li>\n<\/ol>\n<p>[\/et_pb_text][\/et_pb_column][et_pb_column type=&#8220;1_4&#8243;][et_pb_text admin_label=&#8220;Text&#8220; background_layout=&#8220;light&#8220; text_orientation=&#8220;left&#8220;]<\/p>\n<h3>Erh\u00e4ltlich als<strong><br \/>\n<\/strong><\/h3>\n<h2><strong>CD<\/strong><\/h2>\n<p>und<\/p>\n<h2><strong>mp3<\/strong><\/h2>\n<p><a href=\"http:\/\/www.energy-healing-ghata.com\/wp-content\/uploads\/2014\/04\/Reise-durch-die-12-Chakren_sample-streaming.mp3\"><strong><span style=\"color: #008080;\">Probeh\u00f6ren<\/span><\/strong><\/a><\/p>\n<h3><a href=\"http:\/\/www.energy-healing-ghata.com\/de\/shop\/\"><span style=\"color: #008080;\">zum Shop gehen<\/span><\/a><\/h3>\n<p>[\/et_pb_text][\/et_pb_column][\/et_pb_row][\/et_pb_section][et_pb_section fullwidth=&#8220;off&#8220;][et_pb_row][et_pb_column type=&#8220;1_4&#8243;][et_pb_image admin_label=&#8220;Image&#8220; src=&#8220;http:\/\/www.energy-healing-ghata.com\/wp-content\/uploads\/2014\/04\/medi-mit-goldenem-licht-thumb-Small.jpg&#8220; url_new_window=&#8220;off&#8220; animation=&#8220;left&#8220; \/][\/et_pb_column][et_pb_column type=&#8220;1_4&#8243;][et_pb_text admin_label=&#8220;Text&#8220; background_layout=&#8220;light&#8220; text_orientation=&#8220;left&#8220;]<\/p>\n<p><strong>Meditationen mit Goldenem Licht<br \/>\n<\/strong><\/p>\n<p>4 verschiedene Meditationen f\u00fcr Entspannung, Vergebung, Energie und Schutz und einen erholsamen Schlaf. Diese kurzen Meditationen machen es leicht, selbst in unserer gesch\u00e4ftigen Zeit etwas f\u00fcr uns selber zu tuen.<\/p>\n<p>[\/et_pb_text][\/et_pb_column][et_pb_column type=&#8220;1_4&#8243;][et_pb_text admin_label=&#8220;Text&#8220; background_layout=&#8220;light&#8220; text_orientation=&#8220;left&#8220;]<\/p>\n<p><strong>L\u00e4nge der CD ist 61.26 Minuten<\/strong><\/p>\n<ol>\n<li>Einf\u00fchrung1.19<\/li>\n<li>Meditation f\u00fcr Enspannung 10.45<\/li>\n<li>Einf\u00fcrhung 0.33<\/li>\n<li>Meditation f\u00fcr einen gesch\u00fctzten und kraftvollen Tag 13.55<\/li>\n<li>Einf\u00fchrung 2.33<\/li>\n<li>Meditation f\u00fcr Vergbung 20.20<\/li>\n<li>Einf\u00fchrung 0.44<\/li>\n<li>Meditation feinen erholsamen Schlaf 17.16<\/li>\n<\/ol>\n<p>[\/et_pb_text][\/et_pb_column][et_pb_column type=&#8220;1_4&#8243;][et_pb_text admin_label=&#8220;Text&#8220; background_layout=&#8220;light&#8220; text_orientation=&#8220;left&#8220;]<\/p>\n<h3>Erh\u00e4ltlich als<strong><br \/>\n<\/strong><\/h3>\n<h2><strong>CD<\/strong><\/h2>\n<p>und<\/p>\n<h2><strong>mp3<\/strong><\/h2>\n<p><span style=\"color: #008080;\"><a href=\"http:\/\/www.energy-healing-ghata.com\/wp-content\/uploads\/2014\/04\/Meditationen-mit-Goldenem-Licht_sample-streaming.mp3\"><span style=\"color: #008080;\"><strong>Probeh\u00f6ren<\/strong><\/span><\/a><\/span><\/p>\n<h3><a href=\"http:\/\/www.energy-healing-ghata.com\/de\/shop\/\"><span style=\"color: #008080;\">zum Shop gehen<\/span><\/a><\/h3>\n<p>[\/et_pb_text][\/et_pb_column][\/et_pb_row][\/et_pb_section][et_pb_section fullwidth=&#8220;off&#8220;][et_pb_row][et_pb_column type=&#8220;1_4&#8243;][et_pb_image admin_label=&#8220;Image&#8220; src=&#8220;http:\/\/www.energy-healing-ghata.com\/wp-content\/uploads\/2014\/04\/Medi-reise-ins-herz-Small.jpg&#8220; url_new_window=&#8220;off&#8220; animation=&#8220;left&#8220; \/][\/et_pb_column][et_pb_column type=&#8220;1_4&#8243;][et_pb_text admin_label=&#8220;Text&#8220; background_layout=&#8220;light&#8220; text_orientation=&#8220;left&#8220;]<\/p>\n<h3>5 Meditationen f\u00fcr Reisen ins Herz<\/h3>\n<p>Diese 5 Meditationen helfen uns mit unserem Herz Kontakt aufzunehmen. Es gibt eine Reinigungsmeditation, Meditation f\u00fcr Schutz,f\u00fcr \u00d6ffnung und Heilung des Herzens, Meditation zum Loslassen und f\u00fcr Dankbarkeit.<\/p>\n<p>[\/et_pb_text][\/et_pb_column][et_pb_column type=&#8220;1_4&#8243;][et_pb_text admin_label=&#8220;Text&#8220; background_layout=&#8220;light&#8220; text_orientation=&#8220;left&#8220;]<\/p>\n<p><strong>L\u00e4nge der CD ist 77.81 Minuten<\/strong><\/p>\n<ol>\n<li>Reinigungsmeditation 13.42<\/li>\n<li>Schutzmeditation 9.45<\/li>\n<li>Meditation f\u00fcr \u00d6ffnung und Heilung des Herzens 24.50<\/li>\n<li>Meditation zum Loslassen 22.03<\/li>\n<li>Dankbarkeitsmeditation 8.41<\/li>\n<\/ol>\n<p>[\/et_pb_text][\/et_pb_column][et_pb_column type=&#8220;1_4&#8243;][et_pb_text admin_label=&#8220;Text&#8220; background_layout=&#8220;light&#8220; text_orientation=&#8220;left&#8220;]<\/p>\n<h3>Erh\u00e4ltlich als<strong><br \/>\n<\/strong><\/h3>\n<h2><strong>CD<\/strong><\/h2>\n<p>und<\/p>\n<h2><strong>mp3<\/strong><\/h2>\n<p><a href=\"http:\/\/www.energy-healing-ghata.com\/wp-content\/uploads\/2014\/04\/Meditation-fur-Reisen-Ins-Herz_sample-streamin.mp3\"><span style=\"color: #008080;\"><strong>Probeh\u00f6ren<\/strong><\/span><\/a><\/p>\n<h3><a href=\"http:\/\/www.energy-healing-ghata.com\/de\/shop\/\"><span style=\"color: #008080;\">zum Shop gehen<\/span><\/a><\/h3>\n<p>[\/et_pb_text][\/et_pb_column][\/et_pb_row][\/et_pb_section][et_pb_section fullwidth=&#8220;off&#8220;][et_pb_row][et_pb_column type=&#8220;1_4&#8243;][et_pb_image admin_label=&#8220;Image&#8220; src=&#8220;http:\/\/www.energy-healing-ghata.com\/wp-content\/uploads\/2014\/04\/Wurzel-Meditation-v2.jpg&#8220; url_new_window=&#8220;off&#8220; animation=&#8220;left&#8220; \/][\/et_pb_column][et_pb_column type=&#8220;1_4&#8243;][et_pb_text admin_label=&#8220;Text&#8220; background_layout=&#8220;light&#8220; text_orientation=&#8220;left&#8220;]<\/p>\n<h3>3 Heilungsmeditationen<\/h3>\n<p>Diese CD enth\u00e4lt 3 verschiedene Heilungsmeditationen. 1 Erdungsmeditation, Selbstheilungsmeditation und Weltheilungsmeditation.<\/p>\n<p>[\/et_pb_text][\/et_pb_column][et_pb_column type=&#8220;1_4&#8243;][et_pb_text admin_label=&#8220;Text&#8220; background_layout=&#8220;light&#8220; text_orientation=&#8220;left&#8220;]<\/p>\n<h3>L\u00e4nge der CD ist 70.07 Minuten<\/h3>\n<ol>\n<li>Einf\u00fchrung 2.05<\/li>\n<li>Erkl\u00e4rung zur Wahrnehmung 2.12<\/li>\n<li>Atmen und F\u00fchlen 1.00<\/li>\n<li>Erdheilungsmeditation 27.40<\/li>\n<li>Selbstheilungsmeditation 16.40<\/li>\n<li>Weltheilungsmeditation 21.10<\/li>\n<\/ol>\n<p>[\/et_pb_text][\/et_pb_column][et_pb_column type=&#8220;1_4&#8243;][et_pb_text admin_label=&#8220;Text&#8220; background_layout=&#8220;light&#8220; text_orientation=&#8220;left&#8220;]<\/p>\n<h3>Erh\u00e4ltlich als<strong><br \/>\n<\/strong><\/h3>\n<h2><strong>CD<\/strong><\/h2>\n<p>und<\/p>\n<h2><strong>mp3<\/strong><\/h2>\n<p><span style=\"color: #008080;\"><a href=\"http:\/\/www.energy-healing-ghata.com\/wp-content\/uploads\/2014\/04\/3-Heilungs-Meditationen_sample-streaming.mp3\"><span style=\"color: #008080;\"><strong>Probeh\u00f6ren<\/strong><\/span><\/a><\/span><\/p>\n<h3><a href=\"http:\/\/www.energy-healing-ghata.com\/de\/shop\/\"><span style=\"color: #008080;\">zum Shop gehen<\/span><\/a><\/h3>\n<p>[\/et_pb_text][\/et_pb_column][\/et_pb_row][\/et_pb_section][et_pb_section fullwidth=&#8220;off&#8220;][et_pb_row][et_pb_column type=&#8220;1_4&#8243;][et_pb_image admin_label=&#8220;Image&#8220; src=&#8220;http:\/\/www.energy-healing-ghata.com\/wp-content\/uploads\/2014\/04\/krafttier-medi-thumb-Small.jpg&#8220; url_new_window=&#8220;off&#8220; animation=&#8220;left&#8220; \/][\/et_pb_column][et_pb_column type=&#8220;1_4&#8243;][et_pb_text admin_label=&#8220;Text&#8220; background_layout=&#8220;light&#8220; text_orientation=&#8220;left&#8220;]<\/p>\n<h3>Krafttiermeditation<\/h3>\n<p>Gef\u00fchrte Meditation und Energiearbeit um dein Krafttier zu finden und mit ihm zu kommunizieren.<\/p>\n<p>[\/et_pb_text][\/et_pb_column][et_pb_column type=&#8220;1_4&#8243;][et_pb_text admin_label=&#8220;Text&#8220; background_layout=&#8220;light&#8220; text_orientation=&#8220;left&#8220;]<\/p>\n<p><strong>L\u00e4nge der CD ist 44.89Minuten<\/strong><\/p>\n<ol>\n<li>Einf\u00fchrung 3.08<\/li>\n<li>Entspannung 10.51<\/li>\n<li>Krafttiermeditation 31.30<\/li>\n<\/ol>\n<p>[\/et_pb_text][\/et_pb_column][et_pb_column type=&#8220;1_4&#8243;][et_pb_text admin_label=&#8220;Text&#8220; background_layout=&#8220;light&#8220; text_orientation=&#8220;left&#8220;]<\/p>\n<h3>Erh\u00e4ltlich als<strong><br \/>\n<\/strong><\/h3>\n<h2><strong>CD<\/strong><\/h2>\n<p>und<\/p>\n<h2><strong>mp3<\/strong><\/h2>\n<p><a href=\"http:\/\/www.energy-healing-ghata.com\/wp-content\/uploads\/2014\/04\/Krafttier-Meditation_sample-streaming.mp3\"><span style=\"color: #008080;\"><strong>Probeh\u00f6ren<\/strong><\/span><\/a><\/p>\n<h3><a href=\"http:\/\/www.energy-healing-ghata.com\/de\/shop\/\"><span style=\"color: #008080;\">zum Shop gehen<\/span><\/a><\/h3>\n<p>[\/et_pb_text][\/et_pb_column][\/et_pb_row][\/et_pb_section][et_pb_section fullwidth=&#8220;off&#8220;][et_pb_row][et_pb_column type=&#8220;1_4&#8243;][et_pb_image admin_label=&#8220;Image&#8220; src=&#8220;http:\/\/www.energy-healing-ghata.com\/wp-content\/uploads\/2014\/04\/chakra-klaerungs-medi-thumb-Small.jpg&#8220; url_new_window=&#8220;off&#8220; animation=&#8220;left&#8220; \/][\/et_pb_column][et_pb_column type=&#8220;1_4&#8243;][et_pb_text admin_label=&#8220;Text&#8220; background_layout=&#8220;light&#8220; text_orientation=&#8220;left&#8220;]<\/p>\n<h3>Chakra Kl\u00e4rungsmeditation<\/h3>\n<p>Gef\u00fchrte Energiearbeit zur Kl\u00e4rung und Reinigung der Chakren, L\u00f6sen alter Blockaden, physischer Schmerzen und Negativit\u00e4t. Dies ist eine sehr intensive Energiearbeit und sie erfordert die Bereitschaft aktiv mitzuatmen.<\/p>\n<p>[\/et_pb_text][\/et_pb_column][et_pb_column type=&#8220;1_4&#8243;][et_pb_text admin_label=&#8220;Text&#8220; background_layout=&#8220;light&#8220; text_orientation=&#8220;left&#8220;]<\/p>\n<p><strong>L\u00e4nge der CD ist 67.62 Minuten<\/strong><\/p>\n<ol>\n<li>Einf\u00fchrung1.33<\/li>\n<li>Erl\u00e4uterung der 7 Chakren und Seelen-Erdenstern 5.46<\/li>\n<li>Erl\u00e4uterung des 4 K\u00f6rpersystems 3.25<\/li>\n<li>Chakrenkl\u00e4rung &#8211; Energiearbeit 58.58<\/li>\n<\/ol>\n<p>[\/et_pb_text][\/et_pb_column][et_pb_column type=&#8220;1_4&#8243;][et_pb_text admin_label=&#8220;Text&#8220; background_layout=&#8220;light&#8220; text_orientation=&#8220;left&#8220;]<\/p>\n<h3>Erh\u00e4ltlich als<strong><br \/>\n<\/strong><\/h3>\n<h2><strong>CD<\/strong><\/h2>\n<p>und<\/p>\n<h2><strong>mp3<\/strong><\/h2>\n<p><a href=\"http:\/\/www.energy-healing-ghata.com\/wp-content\/uploads\/2014\/04\/Chakra-Klarungsmeditation_sample-streaming.mp3\"><span style=\"color: #008080;\"><strong>Probeh\u00f6ren<\/strong><\/span><\/a><\/p>\n<h3><a href=\"http:\/\/www.energy-healing-ghata.com\/de\/shop\/\"><span style=\"color: #008080;\">zum Shop gehen<\/span><\/a><\/h3>\n<p>[\/et_pb_text][\/et_pb_column][\/et_pb_row][\/et_pb_section]<\/p>\n","protected":false},"excerpt":{"rendered":"<p><div class=\"et_pb_row et_pb_row_0 et_pb_row_empty\">\n\t\t\t\t\n\t\t\t\t\n\t\t\t\t\n\t\t\t\t\n\t\t\t\t\n\t\t\t<\/div> Zur\u00fcck zum Herzen Gef\u00fchrte Energiearbeit zur Kl\u00e4rung und Aufl\u00f6sung alter energetischer Verbindungen Diese gef\u00fchrte Energiearbeit unterst\u00fctzt dich dabei deine Beziehungen zu anderen Menschen zu kl\u00e4ren und Blockierungen und St\u00f6rungen zwischen Menschen zu l\u00f6sen. Diese Arbeit ist sowohl f\u00fcr die Kl\u00e4rung ehemaliger Beziehungen geeignet als auchzur Unterst\u00fczung der Bezihunge zwischen Eltern, Kindern und\u00a0 Lebensgef\u00e4hrten. L\u00e4nge [&hellip;]<\/p>\n","protected":false},"author":4,"featured_media":0,"parent":0,"menu_order":0,"comment_status":"closed","ping_status":"closed","template":"","meta":{"_et_pb_use_builder":"on","_et_pb_old_content":"","_et_gb_content_width":"","footnotes":""},"class_list":["post-2848","page","type-page","status-publish","hentry"],"yoast_head":"<!-- This site is optimized with the Yoast SEO plugin v27.4 - https:\/\/yoast.com\/product\/yoast-seo-wordpress\/ -->\n<title>Gef\u00fchrte Meditationen - Energy Healing with Ghata<\/title>\n<meta name=\"robots\" content=\"index, follow, max-snippet:-1, max-image-preview:large, max-video-preview:-1\" \/>\n<link rel=\"canonical\" href=\"https:\/\/www.energy-healing-ghata.com\/de\/meditation-cds\/\" \/>\n<meta property=\"og:locale\" content=\"de_DE\" \/>\n<meta property=\"og:type\" content=\"article\" \/>\n<meta property=\"og:title\" content=\"Gef\u00fchrte Meditationen - Energy Healing with Ghata\" \/>\n<meta property=\"og:description\" content=\"Zur\u00fcck zum Herzen Gef\u00fchrte Energiearbeit zur Kl\u00e4rung und Aufl\u00f6sung alter energetischer Verbindungen Diese gef\u00fchrte Energiearbeit unterst\u00fctzt dich dabei deine Beziehungen zu anderen Menschen zu kl\u00e4ren und Blockierungen und St\u00f6rungen zwischen Menschen zu l\u00f6sen. Diese Arbeit ist sowohl f\u00fcr die Kl\u00e4rung ehemaliger Beziehungen geeignet als auchzur Unterst\u00fczung der Bezihunge zwischen Eltern, Kindern und\u00a0 Lebensgef\u00e4hrten. L\u00e4nge [&hellip;]\" \/>\n<meta property=\"og:url\" content=\"https:\/\/www.energy-healing-ghata.com\/de\/meditation-cds\/\" \/>\n<meta property=\"og:site_name\" content=\"Energy Healing with Ghata\" \/>\n<meta property=\"article:modified_time\" content=\"2014-05-07T12:49:22+00:00\" \/>\n<meta name=\"twitter:label1\" content=\"Gesch\u00e4tzte Lesezeit\" \/>\n\t<meta name=\"twitter:data1\" content=\"6\u00a0Minuten\" \/>\n<script type=\"application\/ld+json\" class=\"yoast-schema-graph\">{\"@context\":\"https:\\\/\\\/schema.org\",\"@graph\":[{\"@type\":\"WebPage\",\"@id\":\"https:\\\/\\\/www.energy-healing-ghata.com\\\/de\\\/meditation-cds\\\/\",\"url\":\"https:\\\/\\\/www.energy-healing-ghata.com\\\/de\\\/meditation-cds\\\/\",\"name\":\"Gef\u00fchrte Meditationen - Energy Healing with Ghata\",\"isPartOf\":{\"@id\":\"https:\\\/\\\/www.energy-healing-ghata.com\\\/#website\"},\"datePublished\":\"2014-04-18T21:52:35+00:00\",\"dateModified\":\"2014-05-07T12:49:22+00:00\",\"breadcrumb\":{\"@id\":\"https:\\\/\\\/www.energy-healing-ghata.com\\\/de\\\/meditation-cds\\\/#breadcrumb\"},\"inLanguage\":\"de\",\"potentialAction\":[{\"@type\":\"ReadAction\",\"target\":[\"https:\\\/\\\/www.energy-healing-ghata.com\\\/de\\\/meditation-cds\\\/\"]}]},{\"@type\":\"BreadcrumbList\",\"@id\":\"https:\\\/\\\/www.energy-healing-ghata.com\\\/de\\\/meditation-cds\\\/#breadcrumb\",\"itemListElement\":[{\"@type\":\"ListItem\",\"position\":1,\"name\":\"Home\",\"item\":\"https:\\\/\\\/www.energy-healing-ghata.com\\\/de\\\/\"},{\"@type\":\"ListItem\",\"position\":2,\"name\":\"Gef\u00fchrte Meditationen\"}]},{\"@type\":\"WebSite\",\"@id\":\"https:\\\/\\\/www.energy-healing-ghata.com\\\/#website\",\"url\":\"https:\\\/\\\/www.energy-healing-ghata.com\\\/\",\"name\":\"Energy Healing with Ghata\",\"description\":\"Spirit of Light\",\"potentialAction\":[{\"@type\":\"SearchAction\",\"target\":{\"@type\":\"EntryPoint\",\"urlTemplate\":\"https:\\\/\\\/www.energy-healing-ghata.com\\\/?s={search_term_string}\"},\"query-input\":{\"@type\":\"PropertyValueSpecification\",\"valueRequired\":true,\"valueName\":\"search_term_string\"}}],\"inLanguage\":\"de\"}]}<\/script>\n<!-- \/ Yoast SEO plugin. -->","yoast_head_json":{"title":"Gef\u00fchrte Meditationen - Energy Healing with Ghata","robots":{"index":"index","follow":"follow","max-snippet":"max-snippet:-1","max-image-preview":"max-image-preview:large","max-video-preview":"max-video-preview:-1"},"canonical":"https:\/\/www.energy-healing-ghata.com\/de\/meditation-cds\/","og_locale":"de_DE","og_type":"article","og_title":"Gef\u00fchrte Meditationen - Energy Healing with Ghata","og_description":"Zur\u00fcck zum Herzen Gef\u00fchrte Energiearbeit zur Kl\u00e4rung und Aufl\u00f6sung alter energetischer Verbindungen Diese gef\u00fchrte Energiearbeit unterst\u00fctzt dich dabei deine Beziehungen zu anderen Menschen zu kl\u00e4ren und Blockierungen und St\u00f6rungen zwischen Menschen zu l\u00f6sen. Diese Arbeit ist sowohl f\u00fcr die Kl\u00e4rung ehemaliger Beziehungen geeignet als auchzur Unterst\u00fczung der Bezihunge zwischen Eltern, Kindern und\u00a0 Lebensgef\u00e4hrten. L\u00e4nge [&hellip;]","og_url":"https:\/\/www.energy-healing-ghata.com\/de\/meditation-cds\/","og_site_name":"Energy Healing with Ghata","article_modified_time":"2014-05-07T12:49:22+00:00","twitter_misc":{"Gesch\u00e4tzte Lesezeit":"6\u00a0Minuten"},"schema":{"@context":"https:\/\/schema.org","@graph":[{"@type":"WebPage","@id":"https:\/\/www.energy-healing-ghata.com\/de\/meditation-cds\/","url":"https:\/\/www.energy-healing-ghata.com\/de\/meditation-cds\/","name":"Gef\u00fchrte Meditationen - Energy Healing with Ghata","isPartOf":{"@id":"https:\/\/www.energy-healing-ghata.com\/#website"},"datePublished":"2014-04-18T21:52:35+00:00","dateModified":"2014-05-07T12:49:22+00:00","breadcrumb":{"@id":"https:\/\/www.energy-healing-ghata.com\/de\/meditation-cds\/#breadcrumb"},"inLanguage":"de","potentialAction":[{"@type":"ReadAction","target":["https:\/\/www.energy-healing-ghata.com\/de\/meditation-cds\/"]}]},{"@type":"BreadcrumbList","@id":"https:\/\/www.energy-healing-ghata.com\/de\/meditation-cds\/#breadcrumb","itemListElement":[{"@type":"ListItem","position":1,"name":"Home","item":"https:\/\/www.energy-healing-ghata.com\/de\/"},{"@type":"ListItem","position":2,"name":"Gef\u00fchrte Meditationen"}]},{"@type":"WebSite","@id":"https:\/\/www.energy-healing-ghata.com\/#website","url":"https:\/\/www.energy-healing-ghata.com\/","name":"Energy Healing with Ghata","description":"Spirit of Light","potentialAction":[{"@type":"SearchAction","target":{"@type":"EntryPoint","urlTemplate":"https:\/\/www.energy-healing-ghata.com\/?s={search_term_string}"},"query-input":{"@type":"PropertyValueSpecification","valueRequired":true,"valueName":"search_term_string"}}],"inLanguage":"de"}]}},"jetpack_sharing_enabled":true,"_links":{"self":[{"href":"https:\/\/www.energy-healing-ghata.com\/de\/wp-json\/wp\/v2\/pages\/2848","targetHints":{"allow":["GET"]}}],"collection":[{"href":"https:\/\/www.energy-healing-ghata.com\/de\/wp-json\/wp\/v2\/pages"}],"about":[{"href":"https:\/\/www.energy-healing-ghata.com\/de\/wp-json\/wp\/v2\/types\/page"}],"author":[{"embeddable":true,"href":"https:\/\/www.energy-healing-ghata.com\/de\/wp-json\/wp\/v2\/users\/4"}],"replies":[{"embeddable":true,"href":"https:\/\/www.energy-healing-ghata.com\/de\/wp-json\/wp\/v2\/comments?post=2848"}],"version-history":[{"count":12,"href":"https:\/\/www.energy-healing-ghata.com\/de\/wp-json\/wp\/v2\/pages\/2848\/revisions"}],"predecessor-version":[{"id":3192,"href":"https:\/\/www.energy-healing-ghata.com\/de\/wp-json\/wp\/v2\/pages\/2848\/revisions\/3192"}],"wp:attachment":[{"href":"https:\/\/www.energy-healing-ghata.com\/de\/wp-json\/wp\/v2\/media?parent=2848"}],"curies":[{"name":"wp","href":"https:\/\/api.w.org\/{rel}","templated":true}]}}