{"id":2677,"date":"2014-04-17T03:40:26","date_gmt":"2014-04-17T03:40:26","guid":{"rendered":"http:\/\/www.energy-healing-ghata.com\/product\/spirit-of-light-card-deck-2\/"},"modified":"2019-10-21T03:42:16","modified_gmt":"2019-10-21T03:42:16","slug":"spirit-of-light-card-deck","status":"publish","type":"product","link":"https:\/\/www.energy-healing-ghata.com\/de\/produkt\/spirit-of-light-card-deck\/","title":{"rendered":"@ Spirit of Light Karten"},"content":{"rendered":"<h1><a href=\"http:\/\/www.energy-healing-ghata.com\/wp-content\/uploads\/2014\/04\/IMG_9564-Medium-Small-e1397625227751.jpg\"><img loading=\"lazy\" decoding=\"async\" class=\"alignnone size-medium wp-image-2608\" src=\"http:\/\/www.energy-healing-ghata.com\/wp-content\/uploads\/2014\/04\/IMG_9564-Medium-Small-e1397625227751-225x300.jpg\" alt=\"IMG_9564 (Medium) (Small)\" width=\"225\" height=\"300\" srcset=\"https:\/\/www.energy-healing-ghata.com\/wp-content\/uploads\/2014\/04\/IMG_9564-Medium-Small-e1397625227751-225x300.jpg 225w, https:\/\/www.energy-healing-ghata.com\/wp-content\/uploads\/2014\/04\/IMG_9564-Medium-Small-e1397625227751.jpg 480w\" sizes=\"auto, (max-width: 225px) 100vw, 225px\" \/><\/a>Die Spirit of Light Karten<\/h1>\n<p>und die Texte sind inspirierende Schl\u00fcsse f\u00fcr Kreativit\u00e4t. Das heilende Licht und die Vibrationen der Bilder in Kombination mit den gechannelten Botschaften helfen, Licht und Schatten unterschiedlicher Qualit\u00e4ten anzunehmen und zu\u00a0 integrieren. Das Spirit of Light Karten Deck entstand in Zusammenarbeit von K\u00fcnstlerin Anna Foley und Licht und Energiearbeiterin Ghata I. Engels.<\/p>\n<p>62 Bilder, um Kreativit\u00e4t durch verschiedene heilende Lichtqualit\u00e4ten zu inspirieren<\/p>\n<p>62 gechannelte Botschaften, um das eigene Licht zu umarmen und mit dem Schatten zu arbeiten<\/p>\n<p>62 inspirierende Texte, die zum Nachdenken einladen, sowie Meditationen mit unterschiedlichen Qualit\u00e4ten.<\/p>\n<p>&nbsp;<\/p>\n","protected":false},"excerpt":{"rendered":"<p>Das Spirit of Light Kartendeck enth\u00e4lt 62 Karten mit englischen und deutschem Namen und jeweils ein deutsch und ein englisch sprachiges B\u00fcchlein mit Erkl\u00e4rungen zu den Karten. Man kann die Karten nicht nur als ein Tarotdeck benutzen. Jede Karte tr\u00e4gt ausserdm heilende und transformierende Energien, die als heilende Werkzeuge auf deinem K\u00f6rper, zum Aufladen von Wasser und auf viele andere Arten benutzt werden k\u00f6nnen.<\/p>\n<p>&nbsp;<\/p>\n","protected":false},"featured_media":3043,"comment_status":"closed","ping_status":"closed","template":"","meta":{"_et_pb_use_builder":"on","_et_pb_old_content":"","_et_gb_content_width":""},"product_brand":[],"product_cat":[63],"product_tag":[],"class_list":{"0":"post-2677","1":"product","2":"type-product","3":"status-publish","4":"has-post-thumbnail","6":"product_cat-uncategorized-de","8":"first","9":"instock","10":"featured","11":"shipping-taxable","12":"purchasable","13":"product-type-simple"},"yoast_head":"<!-- This site is optimized with the Yoast SEO plugin v27.4 - https:\/\/yoast.com\/product\/yoast-seo-wordpress\/ -->\n<title>@ Spirit of Light Karten - Energy Healing with Ghata<\/title>\n<meta name=\"robots\" content=\"index, follow, max-snippet:-1, max-image-preview:large, max-video-preview:-1\" \/>\n<link rel=\"canonical\" href=\"https:\/\/www.energy-healing-ghata.com\/de\/produkt\/spirit-of-light-card-deck\/\" \/>\n<meta property=\"og:locale\" content=\"de_DE\" \/>\n<meta property=\"og:type\" content=\"article\" \/>\n<meta property=\"og:title\" content=\"@ Spirit of Light Karten - Energy Healing with Ghata\" \/>\n<meta property=\"og:description\" content=\"Das Spirit of Light Kartendeck enth\u00e4lt 62 Karten mit englischen und deutschem Namen und jeweils ein deutsch und ein englisch sprachiges B\u00fcchlein mit Erkl\u00e4rungen zu den Karten. Man kann die Karten nicht nur als ein Tarotdeck benutzen. Jede Karte tr\u00e4gt ausserdm heilende und transformierende Energien, die als heilende Werkzeuge auf deinem K\u00f6rper, zum Aufladen von Wasser und auf viele andere Arten benutzt werden k\u00f6nnen.  &nbsp;\" \/>\n<meta property=\"og:url\" content=\"https:\/\/www.energy-healing-ghata.com\/de\/produkt\/spirit-of-light-card-deck\/\" \/>\n<meta property=\"og:site_name\" content=\"Energy Healing with Ghata\" \/>\n<meta property=\"article:modified_time\" content=\"2019-10-21T03:42:16+00:00\" \/>\n<meta property=\"og:image\" content=\"https:\/\/www.energy-healing-ghata.com\/wp-content\/uploads\/2014\/04\/photo-Small.jpg\" \/>\n\t<meta property=\"og:image:width\" content=\"501\" \/>\n\t<meta property=\"og:image:height\" content=\"480\" \/>\n\t<meta property=\"og:image:type\" content=\"image\/jpeg\" \/>\n<meta name=\"twitter:label1\" content=\"Gesch\u00e4tzte Lesezeit\" \/>\n\t<meta name=\"twitter:data1\" content=\"1\u00a0Minute\" \/>\n<script type=\"application\/ld+json\" class=\"yoast-schema-graph\">{\"@context\":\"https:\\\/\\\/schema.org\",\"@graph\":[{\"@type\":\"WebPage\",\"@id\":\"https:\\\/\\\/www.energy-healing-ghata.com\\\/de\\\/produkt\\\/spirit-of-light-card-deck\\\/\",\"url\":\"https:\\\/\\\/www.energy-healing-ghata.com\\\/de\\\/produkt\\\/spirit-of-light-card-deck\\\/\",\"name\":\"@ Spirit of Light Karten - Energy Healing with Ghata\",\"isPartOf\":{\"@id\":\"https:\\\/\\\/www.energy-healing-ghata.com\\\/#website\"},\"primaryImageOfPage\":{\"@id\":\"https:\\\/\\\/www.energy-healing-ghata.com\\\/de\\\/produkt\\\/spirit-of-light-card-deck\\\/#primaryimage\"},\"image\":{\"@id\":\"https:\\\/\\\/www.energy-healing-ghata.com\\\/de\\\/produkt\\\/spirit-of-light-card-deck\\\/#primaryimage\"},\"thumbnailUrl\":\"https:\\\/\\\/www.energy-healing-ghata.com\\\/wp-content\\\/uploads\\\/2014\\\/04\\\/photo-Small.jpg\",\"datePublished\":\"2014-04-17T03:40:26+00:00\",\"dateModified\":\"2019-10-21T03:42:16+00:00\",\"breadcrumb\":{\"@id\":\"https:\\\/\\\/www.energy-healing-ghata.com\\\/de\\\/produkt\\\/spirit-of-light-card-deck\\\/#breadcrumb\"},\"inLanguage\":\"de\",\"potentialAction\":[{\"@type\":\"ReadAction\",\"target\":[\"https:\\\/\\\/www.energy-healing-ghata.com\\\/de\\\/produkt\\\/spirit-of-light-card-deck\\\/\"]}]},{\"@type\":\"ImageObject\",\"inLanguage\":\"de\",\"@id\":\"https:\\\/\\\/www.energy-healing-ghata.com\\\/de\\\/produkt\\\/spirit-of-light-card-deck\\\/#primaryimage\",\"url\":\"https:\\\/\\\/www.energy-healing-ghata.com\\\/wp-content\\\/uploads\\\/2014\\\/04\\\/photo-Small.jpg\",\"contentUrl\":\"https:\\\/\\\/www.energy-healing-ghata.com\\\/wp-content\\\/uploads\\\/2014\\\/04\\\/photo-Small.jpg\",\"width\":501,\"height\":480},{\"@type\":\"BreadcrumbList\",\"@id\":\"https:\\\/\\\/www.energy-healing-ghata.com\\\/de\\\/produkt\\\/spirit-of-light-card-deck\\\/#breadcrumb\",\"itemListElement\":[{\"@type\":\"ListItem\",\"position\":1,\"name\":\"Home\",\"item\":\"https:\\\/\\\/www.energy-healing-ghata.com\\\/de\\\/\"},{\"@type\":\"ListItem\",\"position\":2,\"name\":\"Shop\",\"item\":\"https:\\\/\\\/www.energy-healing-ghata.com\\\/de\\\/shop\\\/\"},{\"@type\":\"ListItem\",\"position\":3,\"name\":\"@ Spirit of Light Karten\"}]},{\"@type\":\"WebSite\",\"@id\":\"https:\\\/\\\/www.energy-healing-ghata.com\\\/#website\",\"url\":\"https:\\\/\\\/www.energy-healing-ghata.com\\\/\",\"name\":\"Energy Healing with Ghata\",\"description\":\"Spirit of Light\",\"potentialAction\":[{\"@type\":\"SearchAction\",\"target\":{\"@type\":\"EntryPoint\",\"urlTemplate\":\"https:\\\/\\\/www.energy-healing-ghata.com\\\/?s={search_term_string}\"},\"query-input\":{\"@type\":\"PropertyValueSpecification\",\"valueRequired\":true,\"valueName\":\"search_term_string\"}}],\"inLanguage\":\"de\"}]}<\/script>\n<!-- \/ Yoast SEO plugin. -->","yoast_head_json":{"title":"@ Spirit of Light Karten - Energy Healing with Ghata","robots":{"index":"index","follow":"follow","max-snippet":"max-snippet:-1","max-image-preview":"max-image-preview:large","max-video-preview":"max-video-preview:-1"},"canonical":"https:\/\/www.energy-healing-ghata.com\/de\/produkt\/spirit-of-light-card-deck\/","og_locale":"de_DE","og_type":"article","og_title":"@ Spirit of Light Karten - Energy Healing with Ghata","og_description":"Das Spirit of Light Kartendeck enth\u00e4lt 62 Karten mit englischen und deutschem Namen und jeweils ein deutsch und ein englisch sprachiges B\u00fcchlein mit Erkl\u00e4rungen zu den Karten. Man kann die Karten nicht nur als ein Tarotdeck benutzen. Jede Karte tr\u00e4gt ausserdm heilende und transformierende Energien, die als heilende Werkzeuge auf deinem K\u00f6rper, zum Aufladen von Wasser und auf viele andere Arten benutzt werden k\u00f6nnen.  &nbsp;","og_url":"https:\/\/www.energy-healing-ghata.com\/de\/produkt\/spirit-of-light-card-deck\/","og_site_name":"Energy Healing with Ghata","article_modified_time":"2019-10-21T03:42:16+00:00","og_image":[{"width":501,"height":480,"url":"https:\/\/www.energy-healing-ghata.com\/wp-content\/uploads\/2014\/04\/photo-Small.jpg","type":"image\/jpeg"}],"twitter_misc":{"Gesch\u00e4tzte Lesezeit":"1\u00a0Minute"},"schema":{"@context":"https:\/\/schema.org","@graph":[{"@type":"WebPage","@id":"https:\/\/www.energy-healing-ghata.com\/de\/produkt\/spirit-of-light-card-deck\/","url":"https:\/\/www.energy-healing-ghata.com\/de\/produkt\/spirit-of-light-card-deck\/","name":"@ Spirit of Light Karten - Energy Healing with Ghata","isPartOf":{"@id":"https:\/\/www.energy-healing-ghata.com\/#website"},"primaryImageOfPage":{"@id":"https:\/\/www.energy-healing-ghata.com\/de\/produkt\/spirit-of-light-card-deck\/#primaryimage"},"image":{"@id":"https:\/\/www.energy-healing-ghata.com\/de\/produkt\/spirit-of-light-card-deck\/#primaryimage"},"thumbnailUrl":"https:\/\/www.energy-healing-ghata.com\/wp-content\/uploads\/2014\/04\/photo-Small.jpg","datePublished":"2014-04-17T03:40:26+00:00","dateModified":"2019-10-21T03:42:16+00:00","breadcrumb":{"@id":"https:\/\/www.energy-healing-ghata.com\/de\/produkt\/spirit-of-light-card-deck\/#breadcrumb"},"inLanguage":"de","potentialAction":[{"@type":"ReadAction","target":["https:\/\/www.energy-healing-ghata.com\/de\/produkt\/spirit-of-light-card-deck\/"]}]},{"@type":"ImageObject","inLanguage":"de","@id":"https:\/\/www.energy-healing-ghata.com\/de\/produkt\/spirit-of-light-card-deck\/#primaryimage","url":"https:\/\/www.energy-healing-ghata.com\/wp-content\/uploads\/2014\/04\/photo-Small.jpg","contentUrl":"https:\/\/www.energy-healing-ghata.com\/wp-content\/uploads\/2014\/04\/photo-Small.jpg","width":501,"height":480},{"@type":"BreadcrumbList","@id":"https:\/\/www.energy-healing-ghata.com\/de\/produkt\/spirit-of-light-card-deck\/#breadcrumb","itemListElement":[{"@type":"ListItem","position":1,"name":"Home","item":"https:\/\/www.energy-healing-ghata.com\/de\/"},{"@type":"ListItem","position":2,"name":"Shop","item":"https:\/\/www.energy-healing-ghata.com\/de\/shop\/"},{"@type":"ListItem","position":3,"name":"@ Spirit of Light Karten"}]},{"@type":"WebSite","@id":"https:\/\/www.energy-healing-ghata.com\/#website","url":"https:\/\/www.energy-healing-ghata.com\/","name":"Energy Healing with Ghata","description":"Spirit of Light","potentialAction":[{"@type":"SearchAction","target":{"@type":"EntryPoint","urlTemplate":"https:\/\/www.energy-healing-ghata.com\/?s={search_term_string}"},"query-input":{"@type":"PropertyValueSpecification","valueRequired":true,"valueName":"search_term_string"}}],"inLanguage":"de"}]}},"jetpack_sharing_enabled":true,"_links":{"self":[{"href":"https:\/\/www.energy-healing-ghata.com\/de\/wp-json\/wp\/v2\/product\/2677","targetHints":{"allow":["GET"]}}],"collection":[{"href":"https:\/\/www.energy-healing-ghata.com\/de\/wp-json\/wp\/v2\/product"}],"about":[{"href":"https:\/\/www.energy-healing-ghata.com\/de\/wp-json\/wp\/v2\/types\/product"}],"replies":[{"embeddable":true,"href":"https:\/\/www.energy-healing-ghata.com\/de\/wp-json\/wp\/v2\/comments?post=2677"}],"wp:featuredmedia":[{"embeddable":true,"href":"https:\/\/www.energy-healing-ghata.com\/de\/wp-json\/wp\/v2\/media\/3043"}],"wp:attachment":[{"href":"https:\/\/www.energy-healing-ghata.com\/de\/wp-json\/wp\/v2\/media?parent=2677"}],"wp:term":[{"taxonomy":"product_brand","embeddable":true,"href":"https:\/\/www.energy-healing-ghata.com\/de\/wp-json\/wp\/v2\/product_brand?post=2677"},{"taxonomy":"product_cat","embeddable":true,"href":"https:\/\/www.energy-healing-ghata.com\/de\/wp-json\/wp\/v2\/product_cat?post=2677"},{"taxonomy":"product_tag","embeddable":true,"href":"https:\/\/www.energy-healing-ghata.com\/de\/wp-json\/wp\/v2\/product_tag?post=2677"}],"curies":[{"name":"wp","href":"https:\/\/api.w.org\/{rel}","templated":true}]}}