{"id":3065,"date":"2014-04-25T23:49:18","date_gmt":"2014-04-25T23:49:18","guid":{"rendered":"http:\/\/www.energy-healing-ghata.com\/product\/english-return-to-the-heart-cd-mp3-download-2\/"},"modified":"2019-12-22T02:41:08","modified_gmt":"2019-12-22T02:41:08","slug":"zurueck-zum-herzen-mp3-herunterladen","status":"publish","type":"product","link":"https:\/\/www.energy-healing-ghata.com\/de\/produkt\/zurueck-zum-herzen-mp3-herunterladen\/","title":{"rendered":"Zur\u00fcck zum Herzen mp3 Herunterladen"},"content":{"rendered":"<!--[if lt IE 9]><script>document.createElement('audio');<\/script><![endif]-->\n<audio class=\"wp-audio-shortcode\" id=\"audio-3065-1\" preload=\"none\" style=\"width: 100%;\" controls=\"controls\"><source type=\"audio\/mpeg\" src=\"http:\/\/www.energy-healing-ghata.com\/wp-content\/uploads\/2014\/04\/Zur\u00fcck-zum-Herzen-streaming-sample.mp3?_=1\" \/><a href=\"http:\/\/www.energy-healing-ghata.com\/wp-content\/uploads\/2014\/04\/Zur\u00fcck-zum-Herzen-streaming-sample.mp3\">http:\/\/www.energy-healing-ghata.com\/wp-content\/uploads\/2014\/04\/Zur\u00fcck-zum-Herzen-streaming-sample.mp3<\/a><\/audio>\n<h1>Zur\u00fcck zum Herzen<\/h1>\n<h3>Gef\u00fchrte Energiearbeit zur Kl\u00e4rung und Aufl\u00f6sung alter energetischer Verbindungen<\/h3>\n<p>Diese gef\u00fchrte Energiearbeit unterst\u00fctzt dich dabei deine Beziehungen zu anderen Menschen zu kl\u00e4ren und Blockierungen und St\u00f6rungen zwischen Menschen zu l\u00f6sen. Diese Arbeit ist sowohl f\u00fcr die Kl\u00e4rung ehemaliger Beziehungen geeignet als auchzur Unterst\u00fczung der Bezihunge zwischen Eltern, Kindern und\u00a0 Lebensgef\u00e4hrten.<\/p>\n<h3>L\u00e4nge der gef\u00fchrten Energiearbeit ist ca. 60 Minuten<\/h3>\n<ol>\n<li>Einf\u00fchrung<\/li>\n<li>Erl\u00e4uterung der Chakren<\/li>\n<li>Entspannung<\/li>\n<li>Einstimmung<\/li>\n<li>Durchf\u00fchrung<\/li>\n<li>Wiederholung<\/li>\n<li>Abschluss<\/li>\n<\/ol>\n","protected":false},"excerpt":{"rendered":"<p>Gef\u00fchrte Energiearbeit zur Kl\u00e4rung von Blockierungen und St\u00f6rungen in Beziehungen.<\/p>\n","protected":false},"featured_media":3039,"comment_status":"closed","ping_status":"closed","template":"","meta":{"_et_pb_use_builder":"","_et_pb_old_content":"","_et_gb_content_width":""},"product_brand":[],"product_cat":[63],"product_tag":[],"class_list":{"0":"post-3065","1":"product","2":"type-product","3":"status-publish","4":"has-post-thumbnail","6":"product_cat-uncategorized-de","8":"first","9":"instock","10":"downloadable","11":"virtual","12":"purchasable","13":"product-type-simple"},"yoast_head":"<!-- This site is optimized with the Yoast SEO plugin v27.3 - https:\/\/yoast.com\/product\/yoast-seo-wordpress\/ -->\n<title>Zur\u00fcck zum Herzen mp3 Herunterladen - Energy Healing with Ghata<\/title>\n<meta name=\"description\" content=\"Gef\u00fchrte Energiearbeit zur Kl\u00e4rung von Beziehungen. Blockierungen und St\u00f6rungen zwischen Menschen k\u00f6nnen gel\u00f6st werden. Alte Verbindungen werden gel\u00f6st.\" \/>\n<meta name=\"robots\" content=\"index, follow, max-snippet:-1, max-image-preview:large, max-video-preview:-1\" \/>\n<link rel=\"canonical\" href=\"https:\/\/www.energy-healing-ghata.com\/de\/produkt\/zurueck-zum-herzen-mp3-herunterladen\/\" \/>\n<meta property=\"og:locale\" content=\"de_DE\" \/>\n<meta property=\"og:type\" content=\"article\" \/>\n<meta property=\"og:title\" content=\"Zur\u00fcck zum Herzen mp3 Herunterladen - Energy Healing with Ghata\" \/>\n<meta property=\"og:description\" content=\"Gef\u00fchrte Energiearbeit zur Kl\u00e4rung von Beziehungen. Blockierungen und St\u00f6rungen zwischen Menschen k\u00f6nnen gel\u00f6st werden. Alte Verbindungen werden gel\u00f6st.\" \/>\n<meta property=\"og:url\" content=\"https:\/\/www.energy-healing-ghata.com\/de\/produkt\/zurueck-zum-herzen-mp3-herunterladen\/\" \/>\n<meta property=\"og:site_name\" content=\"Energy Healing with Ghata\" \/>\n<meta property=\"article:modified_time\" content=\"2019-12-22T02:41:08+00:00\" \/>\n<meta property=\"og:image\" content=\"https:\/\/www.energy-healing-ghata.com\/wp-content\/uploads\/2014\/04\/zur\u00fcck-zum-herzen-GER_dwnlmp3.jpg\" \/>\n\t<meta property=\"og:image:width\" content=\"1536\" \/>\n\t<meta property=\"og:image:height\" content=\"1546\" \/>\n\t<meta property=\"og:image:type\" content=\"image\/jpeg\" \/>\n<script type=\"application\/ld+json\" class=\"yoast-schema-graph\">{\"@context\":\"https:\\\/\\\/schema.org\",\"@graph\":[{\"@type\":\"WebPage\",\"@id\":\"https:\\\/\\\/www.energy-healing-ghata.com\\\/de\\\/produkt\\\/zurueck-zum-herzen-mp3-herunterladen\\\/\",\"url\":\"https:\\\/\\\/www.energy-healing-ghata.com\\\/de\\\/produkt\\\/zurueck-zum-herzen-mp3-herunterladen\\\/\",\"name\":\"Zur\u00fcck zum Herzen mp3 Herunterladen - Energy Healing with Ghata\",\"isPartOf\":{\"@id\":\"https:\\\/\\\/www.energy-healing-ghata.com\\\/#website\"},\"primaryImageOfPage\":{\"@id\":\"https:\\\/\\\/www.energy-healing-ghata.com\\\/de\\\/produkt\\\/zurueck-zum-herzen-mp3-herunterladen\\\/#primaryimage\"},\"image\":{\"@id\":\"https:\\\/\\\/www.energy-healing-ghata.com\\\/de\\\/produkt\\\/zurueck-zum-herzen-mp3-herunterladen\\\/#primaryimage\"},\"thumbnailUrl\":\"https:\\\/\\\/www.energy-healing-ghata.com\\\/wp-content\\\/uploads\\\/2014\\\/04\\\/zur\u00fcck-zum-herzen-GER_dwnlmp3.jpg\",\"datePublished\":\"2014-04-25T23:49:18+00:00\",\"dateModified\":\"2019-12-22T02:41:08+00:00\",\"description\":\"Gef\u00fchrte Energiearbeit zur Kl\u00e4rung von Beziehungen. Blockierungen und St\u00f6rungen zwischen Menschen k\u00f6nnen gel\u00f6st werden. Alte Verbindungen werden gel\u00f6st.\",\"breadcrumb\":{\"@id\":\"https:\\\/\\\/www.energy-healing-ghata.com\\\/de\\\/produkt\\\/zurueck-zum-herzen-mp3-herunterladen\\\/#breadcrumb\"},\"inLanguage\":\"de\",\"potentialAction\":[{\"@type\":\"ReadAction\",\"target\":[\"https:\\\/\\\/www.energy-healing-ghata.com\\\/de\\\/produkt\\\/zurueck-zum-herzen-mp3-herunterladen\\\/\"]}]},{\"@type\":\"ImageObject\",\"inLanguage\":\"de\",\"@id\":\"https:\\\/\\\/www.energy-healing-ghata.com\\\/de\\\/produkt\\\/zurueck-zum-herzen-mp3-herunterladen\\\/#primaryimage\",\"url\":\"https:\\\/\\\/www.energy-healing-ghata.com\\\/wp-content\\\/uploads\\\/2014\\\/04\\\/zur\u00fcck-zum-herzen-GER_dwnlmp3.jpg\",\"contentUrl\":\"https:\\\/\\\/www.energy-healing-ghata.com\\\/wp-content\\\/uploads\\\/2014\\\/04\\\/zur\u00fcck-zum-herzen-GER_dwnlmp3.jpg\",\"width\":1536,\"height\":1546,\"caption\":\"zur\u00fcck zum herzen mp3 herunterladen\"},{\"@type\":\"BreadcrumbList\",\"@id\":\"https:\\\/\\\/www.energy-healing-ghata.com\\\/de\\\/produkt\\\/zurueck-zum-herzen-mp3-herunterladen\\\/#breadcrumb\",\"itemListElement\":[{\"@type\":\"ListItem\",\"position\":1,\"name\":\"Home\",\"item\":\"https:\\\/\\\/www.energy-healing-ghata.com\\\/de\\\/\"},{\"@type\":\"ListItem\",\"position\":2,\"name\":\"Shop\",\"item\":\"https:\\\/\\\/www.energy-healing-ghata.com\\\/de\\\/shop\\\/\"},{\"@type\":\"ListItem\",\"position\":3,\"name\":\"Zur\u00fcck zum Herzen mp3 Herunterladen\"}]},{\"@type\":\"WebSite\",\"@id\":\"https:\\\/\\\/www.energy-healing-ghata.com\\\/#website\",\"url\":\"https:\\\/\\\/www.energy-healing-ghata.com\\\/\",\"name\":\"Energy Healing with Ghata\",\"description\":\"Spirit of Light\",\"potentialAction\":[{\"@type\":\"SearchAction\",\"target\":{\"@type\":\"EntryPoint\",\"urlTemplate\":\"https:\\\/\\\/www.energy-healing-ghata.com\\\/?s={search_term_string}\"},\"query-input\":{\"@type\":\"PropertyValueSpecification\",\"valueRequired\":true,\"valueName\":\"search_term_string\"}}],\"inLanguage\":\"de\"}]}<\/script>\n<!-- \/ Yoast SEO plugin. -->","yoast_head_json":{"title":"Zur\u00fcck zum Herzen mp3 Herunterladen - Energy Healing with Ghata","description":"Gef\u00fchrte Energiearbeit zur Kl\u00e4rung von Beziehungen. Blockierungen und St\u00f6rungen zwischen Menschen k\u00f6nnen gel\u00f6st werden. Alte Verbindungen werden gel\u00f6st.","robots":{"index":"index","follow":"follow","max-snippet":"max-snippet:-1","max-image-preview":"max-image-preview:large","max-video-preview":"max-video-preview:-1"},"canonical":"https:\/\/www.energy-healing-ghata.com\/de\/produkt\/zurueck-zum-herzen-mp3-herunterladen\/","og_locale":"de_DE","og_type":"article","og_title":"Zur\u00fcck zum Herzen mp3 Herunterladen - Energy Healing with Ghata","og_description":"Gef\u00fchrte Energiearbeit zur Kl\u00e4rung von Beziehungen. Blockierungen und St\u00f6rungen zwischen Menschen k\u00f6nnen gel\u00f6st werden. Alte Verbindungen werden gel\u00f6st.","og_url":"https:\/\/www.energy-healing-ghata.com\/de\/produkt\/zurueck-zum-herzen-mp3-herunterladen\/","og_site_name":"Energy Healing with Ghata","article_modified_time":"2019-12-22T02:41:08+00:00","og_image":[{"width":1536,"height":1546,"url":"https:\/\/www.energy-healing-ghata.com\/wp-content\/uploads\/2014\/04\/zur\u00fcck-zum-herzen-GER_dwnlmp3.jpg","type":"image\/jpeg"}],"schema":{"@context":"https:\/\/schema.org","@graph":[{"@type":"WebPage","@id":"https:\/\/www.energy-healing-ghata.com\/de\/produkt\/zurueck-zum-herzen-mp3-herunterladen\/","url":"https:\/\/www.energy-healing-ghata.com\/de\/produkt\/zurueck-zum-herzen-mp3-herunterladen\/","name":"Zur\u00fcck zum Herzen mp3 Herunterladen - Energy Healing with Ghata","isPartOf":{"@id":"https:\/\/www.energy-healing-ghata.com\/#website"},"primaryImageOfPage":{"@id":"https:\/\/www.energy-healing-ghata.com\/de\/produkt\/zurueck-zum-herzen-mp3-herunterladen\/#primaryimage"},"image":{"@id":"https:\/\/www.energy-healing-ghata.com\/de\/produkt\/zurueck-zum-herzen-mp3-herunterladen\/#primaryimage"},"thumbnailUrl":"https:\/\/www.energy-healing-ghata.com\/wp-content\/uploads\/2014\/04\/zur\u00fcck-zum-herzen-GER_dwnlmp3.jpg","datePublished":"2014-04-25T23:49:18+00:00","dateModified":"2019-12-22T02:41:08+00:00","description":"Gef\u00fchrte Energiearbeit zur Kl\u00e4rung von Beziehungen. Blockierungen und St\u00f6rungen zwischen Menschen k\u00f6nnen gel\u00f6st werden. Alte Verbindungen werden gel\u00f6st.","breadcrumb":{"@id":"https:\/\/www.energy-healing-ghata.com\/de\/produkt\/zurueck-zum-herzen-mp3-herunterladen\/#breadcrumb"},"inLanguage":"de","potentialAction":[{"@type":"ReadAction","target":["https:\/\/www.energy-healing-ghata.com\/de\/produkt\/zurueck-zum-herzen-mp3-herunterladen\/"]}]},{"@type":"ImageObject","inLanguage":"de","@id":"https:\/\/www.energy-healing-ghata.com\/de\/produkt\/zurueck-zum-herzen-mp3-herunterladen\/#primaryimage","url":"https:\/\/www.energy-healing-ghata.com\/wp-content\/uploads\/2014\/04\/zur\u00fcck-zum-herzen-GER_dwnlmp3.jpg","contentUrl":"https:\/\/www.energy-healing-ghata.com\/wp-content\/uploads\/2014\/04\/zur\u00fcck-zum-herzen-GER_dwnlmp3.jpg","width":1536,"height":1546,"caption":"zur\u00fcck zum herzen mp3 herunterladen"},{"@type":"BreadcrumbList","@id":"https:\/\/www.energy-healing-ghata.com\/de\/produkt\/zurueck-zum-herzen-mp3-herunterladen\/#breadcrumb","itemListElement":[{"@type":"ListItem","position":1,"name":"Home","item":"https:\/\/www.energy-healing-ghata.com\/de\/"},{"@type":"ListItem","position":2,"name":"Shop","item":"https:\/\/www.energy-healing-ghata.com\/de\/shop\/"},{"@type":"ListItem","position":3,"name":"Zur\u00fcck zum Herzen mp3 Herunterladen"}]},{"@type":"WebSite","@id":"https:\/\/www.energy-healing-ghata.com\/#website","url":"https:\/\/www.energy-healing-ghata.com\/","name":"Energy Healing with Ghata","description":"Spirit of Light","potentialAction":[{"@type":"SearchAction","target":{"@type":"EntryPoint","urlTemplate":"https:\/\/www.energy-healing-ghata.com\/?s={search_term_string}"},"query-input":{"@type":"PropertyValueSpecification","valueRequired":true,"valueName":"search_term_string"}}],"inLanguage":"de"}]}},"jetpack_sharing_enabled":true,"_links":{"self":[{"href":"https:\/\/www.energy-healing-ghata.com\/de\/wp-json\/wp\/v2\/product\/3065","targetHints":{"allow":["GET"]}}],"collection":[{"href":"https:\/\/www.energy-healing-ghata.com\/de\/wp-json\/wp\/v2\/product"}],"about":[{"href":"https:\/\/www.energy-healing-ghata.com\/de\/wp-json\/wp\/v2\/types\/product"}],"replies":[{"embeddable":true,"href":"https:\/\/www.energy-healing-ghata.com\/de\/wp-json\/wp\/v2\/comments?post=3065"}],"wp:featuredmedia":[{"embeddable":true,"href":"https:\/\/www.energy-healing-ghata.com\/de\/wp-json\/wp\/v2\/media\/3039"}],"wp:attachment":[{"href":"https:\/\/www.energy-healing-ghata.com\/de\/wp-json\/wp\/v2\/media?parent=3065"}],"wp:term":[{"taxonomy":"product_brand","embeddable":true,"href":"https:\/\/www.energy-healing-ghata.com\/de\/wp-json\/wp\/v2\/product_brand?post=3065"},{"taxonomy":"product_cat","embeddable":true,"href":"https:\/\/www.energy-healing-ghata.com\/de\/wp-json\/wp\/v2\/product_cat?post=3065"},{"taxonomy":"product_tag","embeddable":true,"href":"https:\/\/www.energy-healing-ghata.com\/de\/wp-json\/wp\/v2\/product_tag?post=3065"}],"curies":[{"name":"wp","href":"https:\/\/api.w.org\/{rel}","templated":true}]}}