{"id":3069,"date":"2014-04-25T23:58:52","date_gmt":"2014-04-25T23:58:52","guid":{"rendered":"http:\/\/www.energy-healing-ghata.com\/product\/english-journey-through-the-12-chakras-mp3-download-2\/"},"modified":"2019-12-22T02:37:24","modified_gmt":"2019-12-22T02:37:24","slug":"reise-durch-die-12-chakras-mp3-herunterladen","status":"publish","type":"product","link":"https:\/\/www.energy-healing-ghata.com\/de\/produkt\/reise-durch-die-12-chakras-mp3-herunterladen\/","title":{"rendered":"Reise durch die 12 Chakras mp3 Herunterladen"},"content":{"rendered":"<h1><strong>Reise durch die 12 Chakren<\/strong><\/h1>\n<p>Diese spezielle Meditation harmonisiert und balanciert das Energiesystem um sich wieder an die Quelle allen Seins anzubinden und Frieden, Liebe und Weite zu erfahren. Sie hilft, das Energiesystem zu \u00f6ffnen, Energien leichter flie\u00dfen zu lassen und eine lichtvolle Ausgangsbasis f\u00fcr tiefe Energie- und Heilarbeit zu schaffen.<\/p>\n<p><strong>L\u00e4nge der gef\u00fchrten Meditation ist 56.61 Minuten<\/strong><\/p>\n<ol>\n<li>Einf\u00fchrung 1.08<\/li>\n<li>Das 12 Chakra System\u00a0 4.16<\/li>\n<li>Energiearbeit 51.37<!--[if lt IE 9]><script>document.createElement('audio');<\/script><![endif]-->\n<audio class=\"wp-audio-shortcode\" id=\"audio-3069-1\" preload=\"none\" style=\"width: 100%;\" controls=\"controls\"><source type=\"audio\/mpeg\" src=\"http:\/\/www.energy-healing-ghata.com\/wp-content\/uploads\/2014\/04\/Reise-durch-die-12-Chakren_sample-streaming.mp3?_=1\" \/><a href=\"http:\/\/www.energy-healing-ghata.com\/wp-content\/uploads\/2014\/04\/Reise-durch-die-12-Chakren_sample-streaming.mp3\">http:\/\/www.energy-healing-ghata.com\/wp-content\/uploads\/2014\/04\/Reise-durch-die-12-Chakren_sample-streaming.mp3<\/a><\/audio><\/li>\n<\/ol>\n","protected":false},"excerpt":{"rendered":"<p>Eine gef\u00fchrte Meditation die das Energiesysterm harmonisiert und balanciert und uns unterst\u00fctzt, uns mit dem Licht zu verbinden und zum Kanal zwischen Himmel und Erde zu werden.<\/p>\n","protected":false},"featured_media":3035,"comment_status":"closed","ping_status":"closed","template":"","meta":{"_et_pb_use_builder":"","_et_pb_old_content":"","_et_gb_content_width":""},"product_brand":[],"product_cat":[63],"product_tag":[],"class_list":{"0":"post-3069","1":"product","2":"type-product","3":"status-publish","4":"has-post-thumbnail","6":"product_cat-uncategorized-de","8":"first","9":"instock","10":"downloadable","11":"virtual","12":"taxable","13":"purchasable","14":"product-type-simple"},"yoast_head":"<!-- This site is optimized with the Yoast SEO plugin v27.3 - https:\/\/yoast.com\/product\/yoast-seo-wordpress\/ -->\n<title>Reise durch die 12 Chakras mp3 Herunterladen - Energy Healing with Ghata<\/title>\n<meta name=\"description\" content=\"Gef\u00fchrte Meditation zur Harmonisierung des Energiesystems und Verbindung zu dem Licht das uns lebt. Hierduch \u00f6ffnen wir uns f\u00fcr Heilungs- und Energiearbeit.\" \/>\n<meta name=\"robots\" content=\"index, follow, max-snippet:-1, max-image-preview:large, max-video-preview:-1\" \/>\n<link rel=\"canonical\" href=\"https:\/\/www.energy-healing-ghata.com\/de\/produkt\/reise-durch-die-12-chakras-mp3-herunterladen\/\" \/>\n<meta property=\"og:locale\" content=\"de_DE\" \/>\n<meta property=\"og:type\" content=\"article\" \/>\n<meta property=\"og:title\" content=\"Reise durch die 12 Chakras mp3 Herunterladen - Energy Healing with Ghata\" \/>\n<meta property=\"og:description\" content=\"Gef\u00fchrte Meditation zur Harmonisierung des Energiesystems und Verbindung zu dem Licht das uns lebt. Hierduch \u00f6ffnen wir uns f\u00fcr Heilungs- und Energiearbeit.\" \/>\n<meta property=\"og:url\" content=\"https:\/\/www.energy-healing-ghata.com\/de\/produkt\/reise-durch-die-12-chakras-mp3-herunterladen\/\" \/>\n<meta property=\"og:site_name\" content=\"Energy Healing with Ghata\" \/>\n<meta property=\"article:modified_time\" content=\"2019-12-22T02:37:24+00:00\" \/>\n<meta property=\"og:image\" content=\"https:\/\/www.energy-healing-ghata.com\/wp-content\/uploads\/2014\/04\/Reise_durch_die_12_chakren_GER__dwnlmp3.jpg\" \/>\n\t<meta property=\"og:image:width\" content=\"1429\" \/>\n\t<meta property=\"og:image:height\" content=\"1438\" \/>\n\t<meta property=\"og:image:type\" content=\"image\/jpeg\" \/>\n<script type=\"application\/ld+json\" class=\"yoast-schema-graph\">{\"@context\":\"https:\\\/\\\/schema.org\",\"@graph\":[{\"@type\":\"WebPage\",\"@id\":\"https:\\\/\\\/www.energy-healing-ghata.com\\\/de\\\/produkt\\\/reise-durch-die-12-chakras-mp3-herunterladen\\\/\",\"url\":\"https:\\\/\\\/www.energy-healing-ghata.com\\\/de\\\/produkt\\\/reise-durch-die-12-chakras-mp3-herunterladen\\\/\",\"name\":\"Reise durch die 12 Chakras mp3 Herunterladen - Energy Healing with Ghata\",\"isPartOf\":{\"@id\":\"https:\\\/\\\/www.energy-healing-ghata.com\\\/#website\"},\"primaryImageOfPage\":{\"@id\":\"https:\\\/\\\/www.energy-healing-ghata.com\\\/de\\\/produkt\\\/reise-durch-die-12-chakras-mp3-herunterladen\\\/#primaryimage\"},\"image\":{\"@id\":\"https:\\\/\\\/www.energy-healing-ghata.com\\\/de\\\/produkt\\\/reise-durch-die-12-chakras-mp3-herunterladen\\\/#primaryimage\"},\"thumbnailUrl\":\"https:\\\/\\\/www.energy-healing-ghata.com\\\/wp-content\\\/uploads\\\/2014\\\/04\\\/Reise_durch_die_12_chakren_GER__dwnlmp3.jpg\",\"datePublished\":\"2014-04-25T23:58:52+00:00\",\"dateModified\":\"2019-12-22T02:37:24+00:00\",\"description\":\"Gef\u00fchrte Meditation zur Harmonisierung des Energiesystems und Verbindung zu dem Licht das uns lebt. Hierduch \u00f6ffnen wir uns f\u00fcr Heilungs- und Energiearbeit.\",\"breadcrumb\":{\"@id\":\"https:\\\/\\\/www.energy-healing-ghata.com\\\/de\\\/produkt\\\/reise-durch-die-12-chakras-mp3-herunterladen\\\/#breadcrumb\"},\"inLanguage\":\"de\",\"potentialAction\":[{\"@type\":\"ReadAction\",\"target\":[\"https:\\\/\\\/www.energy-healing-ghata.com\\\/de\\\/produkt\\\/reise-durch-die-12-chakras-mp3-herunterladen\\\/\"]}]},{\"@type\":\"ImageObject\",\"inLanguage\":\"de\",\"@id\":\"https:\\\/\\\/www.energy-healing-ghata.com\\\/de\\\/produkt\\\/reise-durch-die-12-chakras-mp3-herunterladen\\\/#primaryimage\",\"url\":\"https:\\\/\\\/www.energy-healing-ghata.com\\\/wp-content\\\/uploads\\\/2014\\\/04\\\/Reise_durch_die_12_chakren_GER__dwnlmp3.jpg\",\"contentUrl\":\"https:\\\/\\\/www.energy-healing-ghata.com\\\/wp-content\\\/uploads\\\/2014\\\/04\\\/Reise_durch_die_12_chakren_GER__dwnlmp3.jpg\",\"width\":1429,\"height\":1438,\"caption\":\"reise durch die 12 chakren herunterladen\"},{\"@type\":\"BreadcrumbList\",\"@id\":\"https:\\\/\\\/www.energy-healing-ghata.com\\\/de\\\/produkt\\\/reise-durch-die-12-chakras-mp3-herunterladen\\\/#breadcrumb\",\"itemListElement\":[{\"@type\":\"ListItem\",\"position\":1,\"name\":\"Home\",\"item\":\"https:\\\/\\\/www.energy-healing-ghata.com\\\/de\\\/\"},{\"@type\":\"ListItem\",\"position\":2,\"name\":\"Shop\",\"item\":\"https:\\\/\\\/www.energy-healing-ghata.com\\\/de\\\/shop\\\/\"},{\"@type\":\"ListItem\",\"position\":3,\"name\":\"Reise durch die 12 Chakras mp3 Herunterladen\"}]},{\"@type\":\"WebSite\",\"@id\":\"https:\\\/\\\/www.energy-healing-ghata.com\\\/#website\",\"url\":\"https:\\\/\\\/www.energy-healing-ghata.com\\\/\",\"name\":\"Energy Healing with Ghata\",\"description\":\"Spirit of Light\",\"potentialAction\":[{\"@type\":\"SearchAction\",\"target\":{\"@type\":\"EntryPoint\",\"urlTemplate\":\"https:\\\/\\\/www.energy-healing-ghata.com\\\/?s={search_term_string}\"},\"query-input\":{\"@type\":\"PropertyValueSpecification\",\"valueRequired\":true,\"valueName\":\"search_term_string\"}}],\"inLanguage\":\"de\"}]}<\/script>\n<!-- \/ Yoast SEO plugin. -->","yoast_head_json":{"title":"Reise durch die 12 Chakras mp3 Herunterladen - Energy Healing with Ghata","description":"Gef\u00fchrte Meditation zur Harmonisierung des Energiesystems und Verbindung zu dem Licht das uns lebt. Hierduch \u00f6ffnen wir uns f\u00fcr Heilungs- und Energiearbeit.","robots":{"index":"index","follow":"follow","max-snippet":"max-snippet:-1","max-image-preview":"max-image-preview:large","max-video-preview":"max-video-preview:-1"},"canonical":"https:\/\/www.energy-healing-ghata.com\/de\/produkt\/reise-durch-die-12-chakras-mp3-herunterladen\/","og_locale":"de_DE","og_type":"article","og_title":"Reise durch die 12 Chakras mp3 Herunterladen - Energy Healing with Ghata","og_description":"Gef\u00fchrte Meditation zur Harmonisierung des Energiesystems und Verbindung zu dem Licht das uns lebt. Hierduch \u00f6ffnen wir uns f\u00fcr Heilungs- und Energiearbeit.","og_url":"https:\/\/www.energy-healing-ghata.com\/de\/produkt\/reise-durch-die-12-chakras-mp3-herunterladen\/","og_site_name":"Energy Healing with Ghata","article_modified_time":"2019-12-22T02:37:24+00:00","og_image":[{"width":1429,"height":1438,"url":"https:\/\/www.energy-healing-ghata.com\/wp-content\/uploads\/2014\/04\/Reise_durch_die_12_chakren_GER__dwnlmp3.jpg","type":"image\/jpeg"}],"schema":{"@context":"https:\/\/schema.org","@graph":[{"@type":"WebPage","@id":"https:\/\/www.energy-healing-ghata.com\/de\/produkt\/reise-durch-die-12-chakras-mp3-herunterladen\/","url":"https:\/\/www.energy-healing-ghata.com\/de\/produkt\/reise-durch-die-12-chakras-mp3-herunterladen\/","name":"Reise durch die 12 Chakras mp3 Herunterladen - Energy Healing with Ghata","isPartOf":{"@id":"https:\/\/www.energy-healing-ghata.com\/#website"},"primaryImageOfPage":{"@id":"https:\/\/www.energy-healing-ghata.com\/de\/produkt\/reise-durch-die-12-chakras-mp3-herunterladen\/#primaryimage"},"image":{"@id":"https:\/\/www.energy-healing-ghata.com\/de\/produkt\/reise-durch-die-12-chakras-mp3-herunterladen\/#primaryimage"},"thumbnailUrl":"https:\/\/www.energy-healing-ghata.com\/wp-content\/uploads\/2014\/04\/Reise_durch_die_12_chakren_GER__dwnlmp3.jpg","datePublished":"2014-04-25T23:58:52+00:00","dateModified":"2019-12-22T02:37:24+00:00","description":"Gef\u00fchrte Meditation zur Harmonisierung des Energiesystems und Verbindung zu dem Licht das uns lebt. Hierduch \u00f6ffnen wir uns f\u00fcr Heilungs- und Energiearbeit.","breadcrumb":{"@id":"https:\/\/www.energy-healing-ghata.com\/de\/produkt\/reise-durch-die-12-chakras-mp3-herunterladen\/#breadcrumb"},"inLanguage":"de","potentialAction":[{"@type":"ReadAction","target":["https:\/\/www.energy-healing-ghata.com\/de\/produkt\/reise-durch-die-12-chakras-mp3-herunterladen\/"]}]},{"@type":"ImageObject","inLanguage":"de","@id":"https:\/\/www.energy-healing-ghata.com\/de\/produkt\/reise-durch-die-12-chakras-mp3-herunterladen\/#primaryimage","url":"https:\/\/www.energy-healing-ghata.com\/wp-content\/uploads\/2014\/04\/Reise_durch_die_12_chakren_GER__dwnlmp3.jpg","contentUrl":"https:\/\/www.energy-healing-ghata.com\/wp-content\/uploads\/2014\/04\/Reise_durch_die_12_chakren_GER__dwnlmp3.jpg","width":1429,"height":1438,"caption":"reise durch die 12 chakren herunterladen"},{"@type":"BreadcrumbList","@id":"https:\/\/www.energy-healing-ghata.com\/de\/produkt\/reise-durch-die-12-chakras-mp3-herunterladen\/#breadcrumb","itemListElement":[{"@type":"ListItem","position":1,"name":"Home","item":"https:\/\/www.energy-healing-ghata.com\/de\/"},{"@type":"ListItem","position":2,"name":"Shop","item":"https:\/\/www.energy-healing-ghata.com\/de\/shop\/"},{"@type":"ListItem","position":3,"name":"Reise durch die 12 Chakras mp3 Herunterladen"}]},{"@type":"WebSite","@id":"https:\/\/www.energy-healing-ghata.com\/#website","url":"https:\/\/www.energy-healing-ghata.com\/","name":"Energy Healing with Ghata","description":"Spirit of Light","potentialAction":[{"@type":"SearchAction","target":{"@type":"EntryPoint","urlTemplate":"https:\/\/www.energy-healing-ghata.com\/?s={search_term_string}"},"query-input":{"@type":"PropertyValueSpecification","valueRequired":true,"valueName":"search_term_string"}}],"inLanguage":"de"}]}},"jetpack_sharing_enabled":true,"_links":{"self":[{"href":"https:\/\/www.energy-healing-ghata.com\/de\/wp-json\/wp\/v2\/product\/3069","targetHints":{"allow":["GET"]}}],"collection":[{"href":"https:\/\/www.energy-healing-ghata.com\/de\/wp-json\/wp\/v2\/product"}],"about":[{"href":"https:\/\/www.energy-healing-ghata.com\/de\/wp-json\/wp\/v2\/types\/product"}],"replies":[{"embeddable":true,"href":"https:\/\/www.energy-healing-ghata.com\/de\/wp-json\/wp\/v2\/comments?post=3069"}],"wp:featuredmedia":[{"embeddable":true,"href":"https:\/\/www.energy-healing-ghata.com\/de\/wp-json\/wp\/v2\/media\/3035"}],"wp:attachment":[{"href":"https:\/\/www.energy-healing-ghata.com\/de\/wp-json\/wp\/v2\/media?parent=3069"}],"wp:term":[{"taxonomy":"product_brand","embeddable":true,"href":"https:\/\/www.energy-healing-ghata.com\/de\/wp-json\/wp\/v2\/product_brand?post=3069"},{"taxonomy":"product_cat","embeddable":true,"href":"https:\/\/www.energy-healing-ghata.com\/de\/wp-json\/wp\/v2\/product_cat?post=3069"},{"taxonomy":"product_tag","embeddable":true,"href":"https:\/\/www.energy-healing-ghata.com\/de\/wp-json\/wp\/v2\/product_tag?post=3069"}],"curies":[{"name":"wp","href":"https:\/\/api.w.org\/{rel}","templated":true}]}}