{"id":3093,"date":"2014-04-26T00:50:28","date_gmt":"2014-04-26T00:50:28","guid":{"rendered":"http:\/\/www.energy-healing-ghata.com\/product\/german-krafttiermeditation-mp3-download-2\/"},"modified":"2019-12-22T02:33:47","modified_gmt":"2019-12-22T02:33:47","slug":"krafttiermeditation-mp3-herunterladen","status":"publish","type":"product","link":"https:\/\/www.energy-healing-ghata.com\/de\/produkt\/krafttiermeditation-mp3-herunterladen\/","title":{"rendered":"Krafttiermeditation mp3 Herunterladen"},"content":{"rendered":"<h3>Krafttiermeditation<\/h3>\n<p>Gef\u00fchrte Meditation und Energiearbeit um dein Krafttier zu finden und mit ihm zu kommunizieren.<\/p>\n<p>In dieser gef\u00fchrten Meditation triffst du dein Krafttier, ein Geisthelfer aus der Tiefwelt, der dir Botschaften \u00fcbermitteln kann. Dies ist eine wunderbare und entspannende Arbei die tiefe Erkenntnisse und Heilung bringt und es erm\u00f6glicht, Hilfe aus anderen Dimensionen zu empfangen.<\/p>\n<p><strong>L\u00e4nge der CD ist 44.89Minuten<\/strong><\/p>\n<ol>\n<li>Einf\u00fchrung 3.08<\/li>\n<li>Entspannung 10.51<\/li>\n<li>Krafttiermeditation 31.30<!--[if lt IE 9]><script>document.createElement('audio');<\/script><![endif]-->\n<audio class=\"wp-audio-shortcode\" id=\"audio-3093-1\" preload=\"none\" style=\"width: 100%;\" controls=\"controls\"><source type=\"audio\/mpeg\" src=\"http:\/\/www.energy-healing-ghata.com\/wp-content\/uploads\/2014\/04\/Krafttier-Meditation_sample-streaming.mp3?_=1\" \/><a href=\"http:\/\/www.energy-healing-ghata.com\/wp-content\/uploads\/2014\/04\/Krafttier-Meditation_sample-streaming.mp3\">http:\/\/www.energy-healing-ghata.com\/wp-content\/uploads\/2014\/04\/Krafttier-Meditation_sample-streaming.mp3<\/a><\/audio><\/li>\n<\/ol>\n","protected":false},"excerpt":{"rendered":"<p>Gef\u00fchrte Meditation und Energiearbeit um dein Krafttier zu finden und mit ihm zu kommunizieren.<\/p>\n","protected":false},"featured_media":3052,"comment_status":"closed","ping_status":"closed","template":"","meta":{"_et_pb_use_builder":"","_et_pb_old_content":"","_et_gb_content_width":""},"product_brand":[],"product_cat":[61],"product_tag":[],"class_list":{"0":"post-3093","1":"product","2":"type-product","3":"status-publish","4":"has-post-thumbnail","6":"product_cat-german-de","8":"first","9":"instock","10":"downloadable","11":"virtual","12":"taxable","13":"purchasable","14":"product-type-simple"},"yoast_head":"<!-- This site is optimized with the Yoast SEO plugin v27.3 - https:\/\/yoast.com\/product\/yoast-seo-wordpress\/ -->\n<title>Krafttiermeditation mp3 Herunterladen - Energy Healing with Ghata<\/title>\n<meta name=\"description\" content=\"Gef\u00fchrte Meditation und Energiearbeit um dein Krafttier zu finden und mit ihm zu kommunizieren. Dies bring Erkenntnisse und Heilung.\" \/>\n<meta name=\"robots\" content=\"index, follow, max-snippet:-1, max-image-preview:large, max-video-preview:-1\" \/>\n<link rel=\"canonical\" href=\"https:\/\/www.energy-healing-ghata.com\/de\/produkt\/krafttiermeditation-mp3-herunterladen\/\" \/>\n<meta property=\"og:locale\" content=\"de_DE\" \/>\n<meta property=\"og:type\" content=\"article\" \/>\n<meta property=\"og:title\" content=\"Krafttiermeditation mp3 Herunterladen - Energy Healing with Ghata\" \/>\n<meta property=\"og:description\" content=\"Gef\u00fchrte Meditation und Energiearbeit um dein Krafttier zu finden und mit ihm zu kommunizieren. Dies bring Erkenntnisse und Heilung.\" \/>\n<meta property=\"og:url\" content=\"https:\/\/www.energy-healing-ghata.com\/de\/produkt\/krafttiermeditation-mp3-herunterladen\/\" \/>\n<meta property=\"og:site_name\" content=\"Energy Healing with Ghata\" \/>\n<meta property=\"article:modified_time\" content=\"2019-12-22T02:33:47+00:00\" \/>\n<meta property=\"og:image\" content=\"https:\/\/www.energy-healing-ghata.com\/wp-content\/uploads\/2014\/04\/krafttier-medi_dwnlmp31.jpg\" \/>\n\t<meta property=\"og:image:width\" content=\"1536\" \/>\n\t<meta property=\"og:image:height\" content=\"1558\" \/>\n\t<meta property=\"og:image:type\" content=\"image\/jpeg\" \/>\n<script type=\"application\/ld+json\" class=\"yoast-schema-graph\">{\"@context\":\"https:\\\/\\\/schema.org\",\"@graph\":[{\"@type\":\"WebPage\",\"@id\":\"https:\\\/\\\/www.energy-healing-ghata.com\\\/de\\\/produkt\\\/krafttiermeditation-mp3-herunterladen\\\/\",\"url\":\"https:\\\/\\\/www.energy-healing-ghata.com\\\/de\\\/produkt\\\/krafttiermeditation-mp3-herunterladen\\\/\",\"name\":\"Krafttiermeditation mp3 Herunterladen - Energy Healing with Ghata\",\"isPartOf\":{\"@id\":\"https:\\\/\\\/www.energy-healing-ghata.com\\\/#website\"},\"primaryImageOfPage\":{\"@id\":\"https:\\\/\\\/www.energy-healing-ghata.com\\\/de\\\/produkt\\\/krafttiermeditation-mp3-herunterladen\\\/#primaryimage\"},\"image\":{\"@id\":\"https:\\\/\\\/www.energy-healing-ghata.com\\\/de\\\/produkt\\\/krafttiermeditation-mp3-herunterladen\\\/#primaryimage\"},\"thumbnailUrl\":\"https:\\\/\\\/www.energy-healing-ghata.com\\\/wp-content\\\/uploads\\\/2014\\\/04\\\/krafttier-medi_dwnlmp31.jpg\",\"datePublished\":\"2014-04-26T00:50:28+00:00\",\"dateModified\":\"2019-12-22T02:33:47+00:00\",\"description\":\"Gef\u00fchrte Meditation und Energiearbeit um dein Krafttier zu finden und mit ihm zu kommunizieren. Dies bring Erkenntnisse und Heilung.\",\"breadcrumb\":{\"@id\":\"https:\\\/\\\/www.energy-healing-ghata.com\\\/de\\\/produkt\\\/krafttiermeditation-mp3-herunterladen\\\/#breadcrumb\"},\"inLanguage\":\"de\",\"potentialAction\":[{\"@type\":\"ReadAction\",\"target\":[\"https:\\\/\\\/www.energy-healing-ghata.com\\\/de\\\/produkt\\\/krafttiermeditation-mp3-herunterladen\\\/\"]}]},{\"@type\":\"ImageObject\",\"inLanguage\":\"de\",\"@id\":\"https:\\\/\\\/www.energy-healing-ghata.com\\\/de\\\/produkt\\\/krafttiermeditation-mp3-herunterladen\\\/#primaryimage\",\"url\":\"https:\\\/\\\/www.energy-healing-ghata.com\\\/wp-content\\\/uploads\\\/2014\\\/04\\\/krafttier-medi_dwnlmp31.jpg\",\"contentUrl\":\"https:\\\/\\\/www.energy-healing-ghata.com\\\/wp-content\\\/uploads\\\/2014\\\/04\\\/krafttier-medi_dwnlmp31.jpg\",\"width\":1536,\"height\":1558},{\"@type\":\"BreadcrumbList\",\"@id\":\"https:\\\/\\\/www.energy-healing-ghata.com\\\/de\\\/produkt\\\/krafttiermeditation-mp3-herunterladen\\\/#breadcrumb\",\"itemListElement\":[{\"@type\":\"ListItem\",\"position\":1,\"name\":\"Home\",\"item\":\"https:\\\/\\\/www.energy-healing-ghata.com\\\/de\\\/\"},{\"@type\":\"ListItem\",\"position\":2,\"name\":\"Shop\",\"item\":\"https:\\\/\\\/www.energy-healing-ghata.com\\\/de\\\/shop\\\/\"},{\"@type\":\"ListItem\",\"position\":3,\"name\":\"Krafttiermeditation mp3 Herunterladen\"}]},{\"@type\":\"WebSite\",\"@id\":\"https:\\\/\\\/www.energy-healing-ghata.com\\\/#website\",\"url\":\"https:\\\/\\\/www.energy-healing-ghata.com\\\/\",\"name\":\"Energy Healing with Ghata\",\"description\":\"Spirit of Light\",\"potentialAction\":[{\"@type\":\"SearchAction\",\"target\":{\"@type\":\"EntryPoint\",\"urlTemplate\":\"https:\\\/\\\/www.energy-healing-ghata.com\\\/?s={search_term_string}\"},\"query-input\":{\"@type\":\"PropertyValueSpecification\",\"valueRequired\":true,\"valueName\":\"search_term_string\"}}],\"inLanguage\":\"de\"}]}<\/script>\n<!-- \/ Yoast SEO plugin. -->","yoast_head_json":{"title":"Krafttiermeditation mp3 Herunterladen - Energy Healing with Ghata","description":"Gef\u00fchrte Meditation und Energiearbeit um dein Krafttier zu finden und mit ihm zu kommunizieren. Dies bring Erkenntnisse und Heilung.","robots":{"index":"index","follow":"follow","max-snippet":"max-snippet:-1","max-image-preview":"max-image-preview:large","max-video-preview":"max-video-preview:-1"},"canonical":"https:\/\/www.energy-healing-ghata.com\/de\/produkt\/krafttiermeditation-mp3-herunterladen\/","og_locale":"de_DE","og_type":"article","og_title":"Krafttiermeditation mp3 Herunterladen - Energy Healing with Ghata","og_description":"Gef\u00fchrte Meditation und Energiearbeit um dein Krafttier zu finden und mit ihm zu kommunizieren. Dies bring Erkenntnisse und Heilung.","og_url":"https:\/\/www.energy-healing-ghata.com\/de\/produkt\/krafttiermeditation-mp3-herunterladen\/","og_site_name":"Energy Healing with Ghata","article_modified_time":"2019-12-22T02:33:47+00:00","og_image":[{"width":1536,"height":1558,"url":"https:\/\/www.energy-healing-ghata.com\/wp-content\/uploads\/2014\/04\/krafttier-medi_dwnlmp31.jpg","type":"image\/jpeg"}],"schema":{"@context":"https:\/\/schema.org","@graph":[{"@type":"WebPage","@id":"https:\/\/www.energy-healing-ghata.com\/de\/produkt\/krafttiermeditation-mp3-herunterladen\/","url":"https:\/\/www.energy-healing-ghata.com\/de\/produkt\/krafttiermeditation-mp3-herunterladen\/","name":"Krafttiermeditation mp3 Herunterladen - Energy Healing with Ghata","isPartOf":{"@id":"https:\/\/www.energy-healing-ghata.com\/#website"},"primaryImageOfPage":{"@id":"https:\/\/www.energy-healing-ghata.com\/de\/produkt\/krafttiermeditation-mp3-herunterladen\/#primaryimage"},"image":{"@id":"https:\/\/www.energy-healing-ghata.com\/de\/produkt\/krafttiermeditation-mp3-herunterladen\/#primaryimage"},"thumbnailUrl":"https:\/\/www.energy-healing-ghata.com\/wp-content\/uploads\/2014\/04\/krafttier-medi_dwnlmp31.jpg","datePublished":"2014-04-26T00:50:28+00:00","dateModified":"2019-12-22T02:33:47+00:00","description":"Gef\u00fchrte Meditation und Energiearbeit um dein Krafttier zu finden und mit ihm zu kommunizieren. Dies bring Erkenntnisse und Heilung.","breadcrumb":{"@id":"https:\/\/www.energy-healing-ghata.com\/de\/produkt\/krafttiermeditation-mp3-herunterladen\/#breadcrumb"},"inLanguage":"de","potentialAction":[{"@type":"ReadAction","target":["https:\/\/www.energy-healing-ghata.com\/de\/produkt\/krafttiermeditation-mp3-herunterladen\/"]}]},{"@type":"ImageObject","inLanguage":"de","@id":"https:\/\/www.energy-healing-ghata.com\/de\/produkt\/krafttiermeditation-mp3-herunterladen\/#primaryimage","url":"https:\/\/www.energy-healing-ghata.com\/wp-content\/uploads\/2014\/04\/krafttier-medi_dwnlmp31.jpg","contentUrl":"https:\/\/www.energy-healing-ghata.com\/wp-content\/uploads\/2014\/04\/krafttier-medi_dwnlmp31.jpg","width":1536,"height":1558},{"@type":"BreadcrumbList","@id":"https:\/\/www.energy-healing-ghata.com\/de\/produkt\/krafttiermeditation-mp3-herunterladen\/#breadcrumb","itemListElement":[{"@type":"ListItem","position":1,"name":"Home","item":"https:\/\/www.energy-healing-ghata.com\/de\/"},{"@type":"ListItem","position":2,"name":"Shop","item":"https:\/\/www.energy-healing-ghata.com\/de\/shop\/"},{"@type":"ListItem","position":3,"name":"Krafttiermeditation mp3 Herunterladen"}]},{"@type":"WebSite","@id":"https:\/\/www.energy-healing-ghata.com\/#website","url":"https:\/\/www.energy-healing-ghata.com\/","name":"Energy Healing with Ghata","description":"Spirit of Light","potentialAction":[{"@type":"SearchAction","target":{"@type":"EntryPoint","urlTemplate":"https:\/\/www.energy-healing-ghata.com\/?s={search_term_string}"},"query-input":{"@type":"PropertyValueSpecification","valueRequired":true,"valueName":"search_term_string"}}],"inLanguage":"de"}]}},"jetpack_sharing_enabled":true,"_links":{"self":[{"href":"https:\/\/www.energy-healing-ghata.com\/de\/wp-json\/wp\/v2\/product\/3093","targetHints":{"allow":["GET"]}}],"collection":[{"href":"https:\/\/www.energy-healing-ghata.com\/de\/wp-json\/wp\/v2\/product"}],"about":[{"href":"https:\/\/www.energy-healing-ghata.com\/de\/wp-json\/wp\/v2\/types\/product"}],"replies":[{"embeddable":true,"href":"https:\/\/www.energy-healing-ghata.com\/de\/wp-json\/wp\/v2\/comments?post=3093"}],"wp:featuredmedia":[{"embeddable":true,"href":"https:\/\/www.energy-healing-ghata.com\/de\/wp-json\/wp\/v2\/media\/3052"}],"wp:attachment":[{"href":"https:\/\/www.energy-healing-ghata.com\/de\/wp-json\/wp\/v2\/media?parent=3093"}],"wp:term":[{"taxonomy":"product_brand","embeddable":true,"href":"https:\/\/www.energy-healing-ghata.com\/de\/wp-json\/wp\/v2\/product_brand?post=3093"},{"taxonomy":"product_cat","embeddable":true,"href":"https:\/\/www.energy-healing-ghata.com\/de\/wp-json\/wp\/v2\/product_cat?post=3093"},{"taxonomy":"product_tag","embeddable":true,"href":"https:\/\/www.energy-healing-ghata.com\/de\/wp-json\/wp\/v2\/product_tag?post=3093"}],"curies":[{"name":"wp","href":"https:\/\/api.w.org\/{rel}","templated":true}]}}