{"id":8522,"date":"2019-12-02T10:46:18","date_gmt":"2019-12-02T10:46:18","guid":{"rendered":"http:\/\/www.energy-healing-ghata.com\/?post_type=product&#038;p=8522"},"modified":"2019-12-22T02:29:46","modified_gmt":"2019-12-22T02:29:46","slug":"meditationen-fur-reisen-ins-herz-mp3-herunterladen","status":"publish","type":"product","link":"https:\/\/www.energy-healing-ghata.com\/de\/produkt\/meditationen-fur-reisen-ins-herz-mp3-herunterladen\/","title":{"rendered":"Meditationen f\u00fcr Reisen ins Herz mp3 Herunterladen"},"content":{"rendered":"<!--[if lt IE 9]><script>document.createElement('audio');<\/script><![endif]-->\n<audio class=\"wp-audio-shortcode\" id=\"audio-8522-1\" preload=\"none\" style=\"width: 100%;\" controls=\"controls\"><source type=\"audio\/mpeg\" src=\"http:\/\/www.energy-healing-ghata.com\/wp-content\/uploads\/2014\/04\/Meditation-fur-Reisen-Ins-Herz_sample-streamin.mp3?_=1\" \/><a href=\"http:\/\/www.energy-healing-ghata.com\/wp-content\/uploads\/2014\/04\/Meditation-fur-Reisen-Ins-Herz_sample-streamin.mp3\">http:\/\/www.energy-healing-ghata.com\/wp-content\/uploads\/2014\/04\/Meditation-fur-Reisen-Ins-Herz_sample-streamin.mp3<\/a><\/audio>\n<h3>5 Meditationen f\u00fcr Reisen ins Herz<\/h3>\n<p>Diese 5 Meditationen helfen uns mit unserem Herz Kontakt aufzunehmen. Es gibt eine Reinigungsmeditation, Meditation f\u00fcr Schutz,f\u00fcr \u00d6ffnung und Heilung des Herzens, Meditation zum Loslassen und f\u00fcr Dankbarkeit.<\/p>\n<p>Die <strong>Reinigungs-und Schutzmeditationen<\/strong> helfen klar, gesch\u00fctzt und offen zu sein.<\/p>\n<p>Die<strong> Meditation f\u00fcr \u00d6ffnung und Heilung des Herzens<\/strong> ist eine Meditation die uns erlaubt, alte Schmerzen und Blockierungen des Herzens zu f\u00fchlen, zu heilen und zu l\u00f6sen.<\/p>\n<p>Die <strong>Meditation zum Loslassen<\/strong> hilft Anspannungen, Emotionen und die Vergangenheit loszulassen und so freier und offener zu leben.<\/p>\n<p>Die <strong>Dankbarkeitmedition<\/strong> ist eine liebevolle Unterst\u00fctzung, in jeder Lebenslage Dinge zu finden, f\u00fcr die man dankbar sein kann. Damit \u00f6ffnet man sich f\u00fcr Gl\u00fcck und Segen.<\/p>\n<p>&nbsp;<\/p>\n<p><strong>L\u00e4nge der CD ist 77.81 Minuten<\/strong><\/p>\n<ol>\n<li>Reinigungsmeditation 13.42<\/li>\n<li>Schutzmeditation 9.45<\/li>\n<li>Meditation f\u00fcr \u00d6ffnung und Heilung des Herzens 24.50<\/li>\n<li>Meditation zum Loslassen 22.03<\/li>\n<li>Dankbarkeitsmeditation 8.41<\/li>\n<\/ol>\n","protected":false},"excerpt":{"rendered":"<h3>5 Meditationen f\u00fcr Reisen ins Herz<\/h3>\n<p>Diese 5 Meditationen helfen uns mit unserem Herz Kontakt aufzunehmen. Es gibt eine Reinigungsmeditation, Meditation f\u00fcr Schutz,f\u00fcr \u00d6ffnung und Heilung des Herzens, Meditation zum Loslassen und f\u00fcr Dankbarkeit.<\/p>\n","protected":false},"featured_media":3033,"comment_status":"open","ping_status":"closed","template":"","meta":{"_et_pb_use_builder":"","_et_pb_old_content":"","_et_gb_content_width":""},"product_brand":[],"product_cat":[63],"product_tag":[],"class_list":{"0":"post-8522","1":"product","2":"type-product","3":"status-publish","4":"has-post-thumbnail","6":"product_cat-uncategorized-de","8":"first","9":"instock","10":"downloadable","11":"virtual","12":"taxable","13":"purchasable","14":"product-type-simple"},"yoast_head":"<!-- This site is optimized with the Yoast SEO plugin v27.3 - https:\/\/yoast.com\/product\/yoast-seo-wordpress\/ -->\n<title>Meditationen f\u00fcr Reisen ins Herz mp3 Herunterladen - Energy Healing with Ghata<\/title>\n<meta name=\"description\" content=\"5 Meditationen f\u00fcr das Herz: Reinigungsmeditation, Schutzmeditation, Meditation f\u00fcr \u00d6ffnung und Heilung des Herzens und f\u00fcr Loslassen und Dankbarkeit.\" \/>\n<meta name=\"robots\" content=\"index, follow, max-snippet:-1, max-image-preview:large, max-video-preview:-1\" \/>\n<link rel=\"canonical\" href=\"https:\/\/www.energy-healing-ghata.com\/de\/produkt\/meditationen-fur-reisen-ins-herz-mp3-herunterladen\/\" \/>\n<meta property=\"og:locale\" content=\"de_DE\" \/>\n<meta property=\"og:type\" content=\"article\" \/>\n<meta property=\"og:title\" content=\"Meditationen f\u00fcr Reisen ins Herz mp3 Herunterladen - Energy Healing with Ghata\" \/>\n<meta property=\"og:description\" content=\"5 Meditationen f\u00fcr das Herz: Reinigungsmeditation, Schutzmeditation, Meditation f\u00fcr \u00d6ffnung und Heilung des Herzens und f\u00fcr Loslassen und Dankbarkeit.\" \/>\n<meta property=\"og:url\" content=\"https:\/\/www.energy-healing-ghata.com\/de\/produkt\/meditationen-fur-reisen-ins-herz-mp3-herunterladen\/\" \/>\n<meta property=\"og:site_name\" content=\"Energy Healing with Ghata\" \/>\n<meta property=\"article:modified_time\" content=\"2019-12-22T02:29:46+00:00\" \/>\n<meta property=\"og:image\" content=\"https:\/\/www.energy-healing-ghata.com\/wp-content\/uploads\/2014\/04\/Medi-reise-ins-herz_dwnlmp3.jpg\" \/>\n\t<meta property=\"og:image:width\" content=\"1536\" \/>\n\t<meta property=\"og:image:height\" content=\"1536\" \/>\n\t<meta property=\"og:image:type\" content=\"image\/jpeg\" \/>\n<meta name=\"twitter:label1\" content=\"Gesch\u00e4tzte Lesezeit\" \/>\n\t<meta name=\"twitter:data1\" content=\"1\u00a0Minute\" \/>\n<script type=\"application\/ld+json\" class=\"yoast-schema-graph\">{\"@context\":\"https:\\\/\\\/schema.org\",\"@graph\":[{\"@type\":\"WebPage\",\"@id\":\"https:\\\/\\\/www.energy-healing-ghata.com\\\/de\\\/produkt\\\/meditationen-fur-reisen-ins-herz-mp3-herunterladen\\\/\",\"url\":\"https:\\\/\\\/www.energy-healing-ghata.com\\\/de\\\/produkt\\\/meditationen-fur-reisen-ins-herz-mp3-herunterladen\\\/\",\"name\":\"Meditationen f\u00fcr Reisen ins Herz mp3 Herunterladen - Energy Healing with Ghata\",\"isPartOf\":{\"@id\":\"https:\\\/\\\/www.energy-healing-ghata.com\\\/#website\"},\"primaryImageOfPage\":{\"@id\":\"https:\\\/\\\/www.energy-healing-ghata.com\\\/de\\\/produkt\\\/meditationen-fur-reisen-ins-herz-mp3-herunterladen\\\/#primaryimage\"},\"image\":{\"@id\":\"https:\\\/\\\/www.energy-healing-ghata.com\\\/de\\\/produkt\\\/meditationen-fur-reisen-ins-herz-mp3-herunterladen\\\/#primaryimage\"},\"thumbnailUrl\":\"https:\\\/\\\/www.energy-healing-ghata.com\\\/wp-content\\\/uploads\\\/2014\\\/04\\\/Medi-reise-ins-herz_dwnlmp3.jpg\",\"datePublished\":\"2019-12-02T10:46:18+00:00\",\"dateModified\":\"2019-12-22T02:29:46+00:00\",\"description\":\"5 Meditationen f\u00fcr das Herz: Reinigungsmeditation, Schutzmeditation, Meditation f\u00fcr \u00d6ffnung und Heilung des Herzens und f\u00fcr Loslassen und Dankbarkeit.\",\"breadcrumb\":{\"@id\":\"https:\\\/\\\/www.energy-healing-ghata.com\\\/de\\\/produkt\\\/meditationen-fur-reisen-ins-herz-mp3-herunterladen\\\/#breadcrumb\"},\"inLanguage\":\"de\",\"potentialAction\":[{\"@type\":\"ReadAction\",\"target\":[\"https:\\\/\\\/www.energy-healing-ghata.com\\\/de\\\/produkt\\\/meditationen-fur-reisen-ins-herz-mp3-herunterladen\\\/\"]}]},{\"@type\":\"ImageObject\",\"inLanguage\":\"de\",\"@id\":\"https:\\\/\\\/www.energy-healing-ghata.com\\\/de\\\/produkt\\\/meditationen-fur-reisen-ins-herz-mp3-herunterladen\\\/#primaryimage\",\"url\":\"https:\\\/\\\/www.energy-healing-ghata.com\\\/wp-content\\\/uploads\\\/2014\\\/04\\\/Medi-reise-ins-herz_dwnlmp3.jpg\",\"contentUrl\":\"https:\\\/\\\/www.energy-healing-ghata.com\\\/wp-content\\\/uploads\\\/2014\\\/04\\\/Medi-reise-ins-herz_dwnlmp3.jpg\",\"width\":1536,\"height\":1536,\"caption\":\"Meditationen f\u00fcr Reisen ins Herz mp3 Herunterladen\"},{\"@type\":\"BreadcrumbList\",\"@id\":\"https:\\\/\\\/www.energy-healing-ghata.com\\\/de\\\/produkt\\\/meditationen-fur-reisen-ins-herz-mp3-herunterladen\\\/#breadcrumb\",\"itemListElement\":[{\"@type\":\"ListItem\",\"position\":1,\"name\":\"Home\",\"item\":\"https:\\\/\\\/www.energy-healing-ghata.com\\\/de\\\/\"},{\"@type\":\"ListItem\",\"position\":2,\"name\":\"Shop\",\"item\":\"https:\\\/\\\/www.energy-healing-ghata.com\\\/de\\\/shop\\\/\"},{\"@type\":\"ListItem\",\"position\":3,\"name\":\"Meditationen f\u00fcr Reisen ins Herz mp3 Herunterladen\"}]},{\"@type\":\"WebSite\",\"@id\":\"https:\\\/\\\/www.energy-healing-ghata.com\\\/#website\",\"url\":\"https:\\\/\\\/www.energy-healing-ghata.com\\\/\",\"name\":\"Energy Healing with Ghata\",\"description\":\"Spirit of Light\",\"potentialAction\":[{\"@type\":\"SearchAction\",\"target\":{\"@type\":\"EntryPoint\",\"urlTemplate\":\"https:\\\/\\\/www.energy-healing-ghata.com\\\/?s={search_term_string}\"},\"query-input\":{\"@type\":\"PropertyValueSpecification\",\"valueRequired\":true,\"valueName\":\"search_term_string\"}}],\"inLanguage\":\"de\"}]}<\/script>\n<!-- \/ Yoast SEO plugin. -->","yoast_head_json":{"title":"Meditationen f\u00fcr Reisen ins Herz mp3 Herunterladen - Energy Healing with Ghata","description":"5 Meditationen f\u00fcr das Herz: Reinigungsmeditation, Schutzmeditation, Meditation f\u00fcr \u00d6ffnung und Heilung des Herzens und f\u00fcr Loslassen und Dankbarkeit.","robots":{"index":"index","follow":"follow","max-snippet":"max-snippet:-1","max-image-preview":"max-image-preview:large","max-video-preview":"max-video-preview:-1"},"canonical":"https:\/\/www.energy-healing-ghata.com\/de\/produkt\/meditationen-fur-reisen-ins-herz-mp3-herunterladen\/","og_locale":"de_DE","og_type":"article","og_title":"Meditationen f\u00fcr Reisen ins Herz mp3 Herunterladen - Energy Healing with Ghata","og_description":"5 Meditationen f\u00fcr das Herz: Reinigungsmeditation, Schutzmeditation, Meditation f\u00fcr \u00d6ffnung und Heilung des Herzens und f\u00fcr Loslassen und Dankbarkeit.","og_url":"https:\/\/www.energy-healing-ghata.com\/de\/produkt\/meditationen-fur-reisen-ins-herz-mp3-herunterladen\/","og_site_name":"Energy Healing with Ghata","article_modified_time":"2019-12-22T02:29:46+00:00","og_image":[{"width":1536,"height":1536,"url":"https:\/\/www.energy-healing-ghata.com\/wp-content\/uploads\/2014\/04\/Medi-reise-ins-herz_dwnlmp3.jpg","type":"image\/jpeg"}],"twitter_misc":{"Gesch\u00e4tzte Lesezeit":"1\u00a0Minute"},"schema":{"@context":"https:\/\/schema.org","@graph":[{"@type":"WebPage","@id":"https:\/\/www.energy-healing-ghata.com\/de\/produkt\/meditationen-fur-reisen-ins-herz-mp3-herunterladen\/","url":"https:\/\/www.energy-healing-ghata.com\/de\/produkt\/meditationen-fur-reisen-ins-herz-mp3-herunterladen\/","name":"Meditationen f\u00fcr Reisen ins Herz mp3 Herunterladen - Energy Healing with Ghata","isPartOf":{"@id":"https:\/\/www.energy-healing-ghata.com\/#website"},"primaryImageOfPage":{"@id":"https:\/\/www.energy-healing-ghata.com\/de\/produkt\/meditationen-fur-reisen-ins-herz-mp3-herunterladen\/#primaryimage"},"image":{"@id":"https:\/\/www.energy-healing-ghata.com\/de\/produkt\/meditationen-fur-reisen-ins-herz-mp3-herunterladen\/#primaryimage"},"thumbnailUrl":"https:\/\/www.energy-healing-ghata.com\/wp-content\/uploads\/2014\/04\/Medi-reise-ins-herz_dwnlmp3.jpg","datePublished":"2019-12-02T10:46:18+00:00","dateModified":"2019-12-22T02:29:46+00:00","description":"5 Meditationen f\u00fcr das Herz: Reinigungsmeditation, Schutzmeditation, Meditation f\u00fcr \u00d6ffnung und Heilung des Herzens und f\u00fcr Loslassen und Dankbarkeit.","breadcrumb":{"@id":"https:\/\/www.energy-healing-ghata.com\/de\/produkt\/meditationen-fur-reisen-ins-herz-mp3-herunterladen\/#breadcrumb"},"inLanguage":"de","potentialAction":[{"@type":"ReadAction","target":["https:\/\/www.energy-healing-ghata.com\/de\/produkt\/meditationen-fur-reisen-ins-herz-mp3-herunterladen\/"]}]},{"@type":"ImageObject","inLanguage":"de","@id":"https:\/\/www.energy-healing-ghata.com\/de\/produkt\/meditationen-fur-reisen-ins-herz-mp3-herunterladen\/#primaryimage","url":"https:\/\/www.energy-healing-ghata.com\/wp-content\/uploads\/2014\/04\/Medi-reise-ins-herz_dwnlmp3.jpg","contentUrl":"https:\/\/www.energy-healing-ghata.com\/wp-content\/uploads\/2014\/04\/Medi-reise-ins-herz_dwnlmp3.jpg","width":1536,"height":1536,"caption":"Meditationen f\u00fcr Reisen ins Herz mp3 Herunterladen"},{"@type":"BreadcrumbList","@id":"https:\/\/www.energy-healing-ghata.com\/de\/produkt\/meditationen-fur-reisen-ins-herz-mp3-herunterladen\/#breadcrumb","itemListElement":[{"@type":"ListItem","position":1,"name":"Home","item":"https:\/\/www.energy-healing-ghata.com\/de\/"},{"@type":"ListItem","position":2,"name":"Shop","item":"https:\/\/www.energy-healing-ghata.com\/de\/shop\/"},{"@type":"ListItem","position":3,"name":"Meditationen f\u00fcr Reisen ins Herz mp3 Herunterladen"}]},{"@type":"WebSite","@id":"https:\/\/www.energy-healing-ghata.com\/#website","url":"https:\/\/www.energy-healing-ghata.com\/","name":"Energy Healing with Ghata","description":"Spirit of Light","potentialAction":[{"@type":"SearchAction","target":{"@type":"EntryPoint","urlTemplate":"https:\/\/www.energy-healing-ghata.com\/?s={search_term_string}"},"query-input":{"@type":"PropertyValueSpecification","valueRequired":true,"valueName":"search_term_string"}}],"inLanguage":"de"}]}},"jetpack_sharing_enabled":true,"_links":{"self":[{"href":"https:\/\/www.energy-healing-ghata.com\/de\/wp-json\/wp\/v2\/product\/8522","targetHints":{"allow":["GET"]}}],"collection":[{"href":"https:\/\/www.energy-healing-ghata.com\/de\/wp-json\/wp\/v2\/product"}],"about":[{"href":"https:\/\/www.energy-healing-ghata.com\/de\/wp-json\/wp\/v2\/types\/product"}],"replies":[{"embeddable":true,"href":"https:\/\/www.energy-healing-ghata.com\/de\/wp-json\/wp\/v2\/comments?post=8522"}],"wp:featuredmedia":[{"embeddable":true,"href":"https:\/\/www.energy-healing-ghata.com\/de\/wp-json\/wp\/v2\/media\/3033"}],"wp:attachment":[{"href":"https:\/\/www.energy-healing-ghata.com\/de\/wp-json\/wp\/v2\/media?parent=8522"}],"wp:term":[{"taxonomy":"product_brand","embeddable":true,"href":"https:\/\/www.energy-healing-ghata.com\/de\/wp-json\/wp\/v2\/product_brand?post=8522"},{"taxonomy":"product_cat","embeddable":true,"href":"https:\/\/www.energy-healing-ghata.com\/de\/wp-json\/wp\/v2\/product_cat?post=8522"},{"taxonomy":"product_tag","embeddable":true,"href":"https:\/\/www.energy-healing-ghata.com\/de\/wp-json\/wp\/v2\/product_tag?post=8522"}],"curies":[{"name":"wp","href":"https:\/\/api.w.org\/{rel}","templated":true}]}}