{"id":8548,"date":"2019-12-18T02:23:23","date_gmt":"2019-12-18T02:23:23","guid":{"rendered":"https:\/\/www.energy-healing-ghata.com\/?post_type=product&#038;p=8548"},"modified":"2025-06-02T18:50:30","modified_gmt":"2025-06-02T18:50:30","slug":"chakra-klaerungsmeditation-cd","status":"publish","type":"product","link":"https:\/\/www.energy-healing-ghata.com\/de\/produkt\/chakra-klaerungsmeditation-cd\/","title":{"rendered":"Chakra Kl\u00e4rungsmeditation CD"},"content":{"rendered":"<h3>Chakra Kl\u00e4rungsmeditation<\/h3>\n<p>Gef\u00fchrte Energiearbeit zur Kl\u00e4rung und Reinigung der Chakren, L\u00f6sen alter Blockaden, physischer Schmerzen und Negativit\u00e4t. Dies ist eine sehr intensive Energiearbeit und sie erfordert die Bereitschaft aktiv mitzuatmen.<\/p>\n<p>Diese Energiearbeit l\u00f6st alte Blockaden, physischen Schmerzen und befreit von Negativit\u00e4t. Altes kann losgelassen werden und Licht flie\u00dft in den ganzen K\u00f6rper.<\/p>\n<p>Diese Energiearbeit ist eine sehr starke Meditation und erfordert die Bereitschaft \u00fcber den Atem aktiv mitzuarbeiten. Nach getaner Arbeit erlebt man wie es sich anf\u00fchlt, klar und rein in seinem eigenen Licht zu stehen<\/p>\n<p>&nbsp;<\/p>\n<p><strong>L\u00e4nge der CD ist 67.62 Minuten<\/strong><\/p>\n<ol>\n<li>Einf\u00fchrung 1.33<\/li>\n<li>Erl\u00e4uterung der 7 Chakren und Seelen-Erdenstern 5.46<\/li>\n<li>Erl\u00e4uterung des 4 K\u00f6rpersystems 3.25<\/li>\n<li>Chakrenkl\u00e4rung &#8211; Energiearbeit 58.58<!--[if lt IE 9]><script>document.createElement('audio');<\/script><![endif]-->\n<audio class=\"wp-audio-shortcode\" id=\"audio-8548-1\" preload=\"none\" style=\"width: 100%;\" controls=\"controls\"><source type=\"audio\/mpeg\" src=\"http:\/\/www.energy-healing-ghata.com\/wp-content\/uploads\/2014\/04\/Chakra-Klarungsmeditation_sample-streaming.mp3?_=1\" \/><a href=\"http:\/\/www.energy-healing-ghata.com\/wp-content\/uploads\/2014\/04\/Chakra-Klarungsmeditation_sample-streaming.mp3\">http:\/\/www.energy-healing-ghata.com\/wp-content\/uploads\/2014\/04\/Chakra-Klarungsmeditation_sample-streaming.mp3<\/a><\/audio><\/li>\n<\/ol>\n","protected":false},"excerpt":{"rendered":"<p>Gef\u00fchrte Energiearbeit zur Kl\u00e4rung und Reinigung der Chakren, L\u00f6sen alter Blockaden, physischer Schmerzen und Negativit\u00e4t. Dies ist eine sehr intensive Energiearbeit und sie erfordert die Bereitschaft aktiv mitzuatmen.<\/p>\n","protected":false},"featured_media":2854,"comment_status":"open","ping_status":"closed","template":"","meta":{"_et_pb_use_builder":"","_et_pb_old_content":"","_et_gb_content_width":""},"product_brand":[],"product_cat":[41],"product_tag":[],"class_list":{"0":"post-8548","1":"product","2":"type-product","3":"status-publish","4":"has-post-thumbnail","6":"product_cat-unkategorisiert","8":"first","9":"instock","10":"taxable","11":"shipping-taxable","12":"purchasable","13":"product-type-simple"},"yoast_head":"<!-- This site is optimized with the Yoast SEO plugin v27.3 - https:\/\/yoast.com\/product\/yoast-seo-wordpress\/ -->\n<title>Chakra Kl\u00e4rungsmeditation CD - Energy Healing with Ghata<\/title>\n<meta name=\"description\" content=\"Eine intensive gef\u00fchrte Atemmeditation zur L\u00f6sung von Blockaden, Negativit\u00e4t und Schmerzen. Dies f\u00fchrt dazu, dass Licht in den ganzen K\u00f6rper fliessen kann.\" \/>\n<meta name=\"robots\" content=\"index, follow, max-snippet:-1, max-image-preview:large, max-video-preview:-1\" \/>\n<link rel=\"canonical\" href=\"https:\/\/www.energy-healing-ghata.com\/de\/produkt\/chakra-klaerungsmeditation-cd\/\" \/>\n<meta property=\"og:locale\" content=\"de_DE\" \/>\n<meta property=\"og:type\" content=\"article\" \/>\n<meta property=\"og:title\" content=\"Chakra Kl\u00e4rungsmeditation CD - Energy Healing with Ghata\" \/>\n<meta property=\"og:description\" content=\"Eine intensive gef\u00fchrte Atemmeditation zur L\u00f6sung von Blockaden, Negativit\u00e4t und Schmerzen. Dies f\u00fchrt dazu, dass Licht in den ganzen K\u00f6rper fliessen kann.\" \/>\n<meta property=\"og:url\" content=\"https:\/\/www.energy-healing-ghata.com\/de\/produkt\/chakra-klaerungsmeditation-cd\/\" \/>\n<meta property=\"og:site_name\" content=\"Energy Healing with Ghata\" \/>\n<meta property=\"article:modified_time\" content=\"2025-06-02T18:50:30+00:00\" \/>\n<meta property=\"og:image\" content=\"https:\/\/www.energy-healing-ghata.com\/wp-content\/uploads\/2014\/04\/chakra-klaerungs-medi-thumb-Small.jpg\" \/>\n\t<meta property=\"og:image:width\" content=\"527\" \/>\n\t<meta property=\"og:image:height\" content=\"480\" \/>\n\t<meta property=\"og:image:type\" content=\"image\/jpeg\" \/>\n<meta name=\"twitter:label1\" content=\"Gesch\u00e4tzte Lesezeit\" \/>\n\t<meta name=\"twitter:data1\" content=\"1\u00a0Minute\" \/>\n<script type=\"application\/ld+json\" class=\"yoast-schema-graph\">{\"@context\":\"https:\\\/\\\/schema.org\",\"@graph\":[{\"@type\":\"WebPage\",\"@id\":\"https:\\\/\\\/www.energy-healing-ghata.com\\\/de\\\/produkt\\\/chakra-klaerungsmeditation-cd\\\/\",\"url\":\"https:\\\/\\\/www.energy-healing-ghata.com\\\/de\\\/produkt\\\/chakra-klaerungsmeditation-cd\\\/\",\"name\":\"Chakra Kl\u00e4rungsmeditation CD - Energy Healing with Ghata\",\"isPartOf\":{\"@id\":\"https:\\\/\\\/www.energy-healing-ghata.com\\\/#website\"},\"primaryImageOfPage\":{\"@id\":\"https:\\\/\\\/www.energy-healing-ghata.com\\\/de\\\/produkt\\\/chakra-klaerungsmeditation-cd\\\/#primaryimage\"},\"image\":{\"@id\":\"https:\\\/\\\/www.energy-healing-ghata.com\\\/de\\\/produkt\\\/chakra-klaerungsmeditation-cd\\\/#primaryimage\"},\"thumbnailUrl\":\"https:\\\/\\\/www.energy-healing-ghata.com\\\/wp-content\\\/uploads\\\/2014\\\/04\\\/chakra-klaerungs-medi-thumb-Small.jpg\",\"datePublished\":\"2019-12-18T02:23:23+00:00\",\"dateModified\":\"2025-06-02T18:50:30+00:00\",\"description\":\"Eine intensive gef\u00fchrte Atemmeditation zur L\u00f6sung von Blockaden, Negativit\u00e4t und Schmerzen. Dies f\u00fchrt dazu, dass Licht in den ganzen K\u00f6rper fliessen kann.\",\"breadcrumb\":{\"@id\":\"https:\\\/\\\/www.energy-healing-ghata.com\\\/de\\\/produkt\\\/chakra-klaerungsmeditation-cd\\\/#breadcrumb\"},\"inLanguage\":\"de\",\"potentialAction\":[{\"@type\":\"ReadAction\",\"target\":[\"https:\\\/\\\/www.energy-healing-ghata.com\\\/de\\\/produkt\\\/chakra-klaerungsmeditation-cd\\\/\"]}]},{\"@type\":\"ImageObject\",\"inLanguage\":\"de\",\"@id\":\"https:\\\/\\\/www.energy-healing-ghata.com\\\/de\\\/produkt\\\/chakra-klaerungsmeditation-cd\\\/#primaryimage\",\"url\":\"https:\\\/\\\/www.energy-healing-ghata.com\\\/wp-content\\\/uploads\\\/2014\\\/04\\\/chakra-klaerungs-medi-thumb-Small.jpg\",\"contentUrl\":\"https:\\\/\\\/www.energy-healing-ghata.com\\\/wp-content\\\/uploads\\\/2014\\\/04\\\/chakra-klaerungs-medi-thumb-Small.jpg\",\"width\":527,\"height\":480,\"caption\":\"chakra kl\u00e4rungsmeditation cd\"},{\"@type\":\"BreadcrumbList\",\"@id\":\"https:\\\/\\\/www.energy-healing-ghata.com\\\/de\\\/produkt\\\/chakra-klaerungsmeditation-cd\\\/#breadcrumb\",\"itemListElement\":[{\"@type\":\"ListItem\",\"position\":1,\"name\":\"Home\",\"item\":\"https:\\\/\\\/www.energy-healing-ghata.com\\\/de\\\/\"},{\"@type\":\"ListItem\",\"position\":2,\"name\":\"Shop\",\"item\":\"https:\\\/\\\/www.energy-healing-ghata.com\\\/de\\\/shop\\\/\"},{\"@type\":\"ListItem\",\"position\":3,\"name\":\"Chakra Kl\u00e4rungsmeditation CD\"}]},{\"@type\":\"WebSite\",\"@id\":\"https:\\\/\\\/www.energy-healing-ghata.com\\\/#website\",\"url\":\"https:\\\/\\\/www.energy-healing-ghata.com\\\/\",\"name\":\"Energy Healing with Ghata\",\"description\":\"Spirit of Light\",\"potentialAction\":[{\"@type\":\"SearchAction\",\"target\":{\"@type\":\"EntryPoint\",\"urlTemplate\":\"https:\\\/\\\/www.energy-healing-ghata.com\\\/?s={search_term_string}\"},\"query-input\":{\"@type\":\"PropertyValueSpecification\",\"valueRequired\":true,\"valueName\":\"search_term_string\"}}],\"inLanguage\":\"de\"}]}<\/script>\n<!-- \/ Yoast SEO plugin. -->","yoast_head_json":{"title":"Chakra Kl\u00e4rungsmeditation CD - Energy Healing with Ghata","description":"Eine intensive gef\u00fchrte Atemmeditation zur L\u00f6sung von Blockaden, Negativit\u00e4t und Schmerzen. Dies f\u00fchrt dazu, dass Licht in den ganzen K\u00f6rper fliessen kann.","robots":{"index":"index","follow":"follow","max-snippet":"max-snippet:-1","max-image-preview":"max-image-preview:large","max-video-preview":"max-video-preview:-1"},"canonical":"https:\/\/www.energy-healing-ghata.com\/de\/produkt\/chakra-klaerungsmeditation-cd\/","og_locale":"de_DE","og_type":"article","og_title":"Chakra Kl\u00e4rungsmeditation CD - Energy Healing with Ghata","og_description":"Eine intensive gef\u00fchrte Atemmeditation zur L\u00f6sung von Blockaden, Negativit\u00e4t und Schmerzen. Dies f\u00fchrt dazu, dass Licht in den ganzen K\u00f6rper fliessen kann.","og_url":"https:\/\/www.energy-healing-ghata.com\/de\/produkt\/chakra-klaerungsmeditation-cd\/","og_site_name":"Energy Healing with Ghata","article_modified_time":"2025-06-02T18:50:30+00:00","og_image":[{"width":527,"height":480,"url":"https:\/\/www.energy-healing-ghata.com\/wp-content\/uploads\/2014\/04\/chakra-klaerungs-medi-thumb-Small.jpg","type":"image\/jpeg"}],"twitter_misc":{"Gesch\u00e4tzte Lesezeit":"1\u00a0Minute"},"schema":{"@context":"https:\/\/schema.org","@graph":[{"@type":"WebPage","@id":"https:\/\/www.energy-healing-ghata.com\/de\/produkt\/chakra-klaerungsmeditation-cd\/","url":"https:\/\/www.energy-healing-ghata.com\/de\/produkt\/chakra-klaerungsmeditation-cd\/","name":"Chakra Kl\u00e4rungsmeditation CD - Energy Healing with Ghata","isPartOf":{"@id":"https:\/\/www.energy-healing-ghata.com\/#website"},"primaryImageOfPage":{"@id":"https:\/\/www.energy-healing-ghata.com\/de\/produkt\/chakra-klaerungsmeditation-cd\/#primaryimage"},"image":{"@id":"https:\/\/www.energy-healing-ghata.com\/de\/produkt\/chakra-klaerungsmeditation-cd\/#primaryimage"},"thumbnailUrl":"https:\/\/www.energy-healing-ghata.com\/wp-content\/uploads\/2014\/04\/chakra-klaerungs-medi-thumb-Small.jpg","datePublished":"2019-12-18T02:23:23+00:00","dateModified":"2025-06-02T18:50:30+00:00","description":"Eine intensive gef\u00fchrte Atemmeditation zur L\u00f6sung von Blockaden, Negativit\u00e4t und Schmerzen. Dies f\u00fchrt dazu, dass Licht in den ganzen K\u00f6rper fliessen kann.","breadcrumb":{"@id":"https:\/\/www.energy-healing-ghata.com\/de\/produkt\/chakra-klaerungsmeditation-cd\/#breadcrumb"},"inLanguage":"de","potentialAction":[{"@type":"ReadAction","target":["https:\/\/www.energy-healing-ghata.com\/de\/produkt\/chakra-klaerungsmeditation-cd\/"]}]},{"@type":"ImageObject","inLanguage":"de","@id":"https:\/\/www.energy-healing-ghata.com\/de\/produkt\/chakra-klaerungsmeditation-cd\/#primaryimage","url":"https:\/\/www.energy-healing-ghata.com\/wp-content\/uploads\/2014\/04\/chakra-klaerungs-medi-thumb-Small.jpg","contentUrl":"https:\/\/www.energy-healing-ghata.com\/wp-content\/uploads\/2014\/04\/chakra-klaerungs-medi-thumb-Small.jpg","width":527,"height":480,"caption":"chakra kl\u00e4rungsmeditation cd"},{"@type":"BreadcrumbList","@id":"https:\/\/www.energy-healing-ghata.com\/de\/produkt\/chakra-klaerungsmeditation-cd\/#breadcrumb","itemListElement":[{"@type":"ListItem","position":1,"name":"Home","item":"https:\/\/www.energy-healing-ghata.com\/de\/"},{"@type":"ListItem","position":2,"name":"Shop","item":"https:\/\/www.energy-healing-ghata.com\/de\/shop\/"},{"@type":"ListItem","position":3,"name":"Chakra Kl\u00e4rungsmeditation CD"}]},{"@type":"WebSite","@id":"https:\/\/www.energy-healing-ghata.com\/#website","url":"https:\/\/www.energy-healing-ghata.com\/","name":"Energy Healing with Ghata","description":"Spirit of Light","potentialAction":[{"@type":"SearchAction","target":{"@type":"EntryPoint","urlTemplate":"https:\/\/www.energy-healing-ghata.com\/?s={search_term_string}"},"query-input":{"@type":"PropertyValueSpecification","valueRequired":true,"valueName":"search_term_string"}}],"inLanguage":"de"}]}},"jetpack_sharing_enabled":true,"_links":{"self":[{"href":"https:\/\/www.energy-healing-ghata.com\/de\/wp-json\/wp\/v2\/product\/8548","targetHints":{"allow":["GET"]}}],"collection":[{"href":"https:\/\/www.energy-healing-ghata.com\/de\/wp-json\/wp\/v2\/product"}],"about":[{"href":"https:\/\/www.energy-healing-ghata.com\/de\/wp-json\/wp\/v2\/types\/product"}],"replies":[{"embeddable":true,"href":"https:\/\/www.energy-healing-ghata.com\/de\/wp-json\/wp\/v2\/comments?post=8548"}],"wp:featuredmedia":[{"embeddable":true,"href":"https:\/\/www.energy-healing-ghata.com\/de\/wp-json\/wp\/v2\/media\/2854"}],"wp:attachment":[{"href":"https:\/\/www.energy-healing-ghata.com\/de\/wp-json\/wp\/v2\/media?parent=8548"}],"wp:term":[{"taxonomy":"product_brand","embeddable":true,"href":"https:\/\/www.energy-healing-ghata.com\/de\/wp-json\/wp\/v2\/product_brand?post=8548"},{"taxonomy":"product_cat","embeddable":true,"href":"https:\/\/www.energy-healing-ghata.com\/de\/wp-json\/wp\/v2\/product_cat?post=8548"},{"taxonomy":"product_tag","embeddable":true,"href":"https:\/\/www.energy-healing-ghata.com\/de\/wp-json\/wp\/v2\/product_tag?post=8548"}],"curies":[{"name":"wp","href":"https:\/\/api.w.org\/{rel}","templated":true}]}}