{"id":8549,"date":"2019-12-18T03:18:09","date_gmt":"2019-12-18T03:18:09","guid":{"rendered":"https:\/\/www.energy-healing-ghata.com\/?post_type=product&#038;p=8549"},"modified":"2019-12-22T02:20:40","modified_gmt":"2019-12-22T02:20:40","slug":"meditationen-mit-goldenem-licht-cd","status":"publish","type":"product","link":"https:\/\/www.energy-healing-ghata.com\/de\/produkt\/meditationen-mit-goldenem-licht-cd\/","title":{"rendered":"Meditationen mit Goldenem Licht CD"},"content":{"rendered":"<p><strong>Die CD Meditationen mit Goldenem Licht enth\u00e4lt 4 verschiedene Mediationen<\/strong><\/p>\n<p>Sie sind alle nicht zu lang, so da\u00df man sie\u00a0ganz einfach zwischendurch machen kann, ohne gleich eine ganze Stunde Zeit veranschlagen zu m\u00fcssen.<\/p>\n<p>&nbsp;<\/p>\n<p>Die Goldene Lichtmeditaion ist eine wundersch\u00f6ne <strong>Enspannungsmeditation<\/strong> f\u00fcr alle m\u00f6glichen Gelegenheiten.<\/p>\n<p>Die <strong>Meditation f\u00fcr einen gesch\u00fctzten und kraftvollen Tag<\/strong> ist eine Meditation zum t\u00e4glichen Gebrauch, die man entweder gleich beim Aufwachen oder w\u00e4hrend des Tages machen kann, um den Tag positiv und gesch\u00fctzt zu beginnen.<\/p>\n<p>Die <strong>Meditation zur Vergebung<\/strong> hilft alte Wunden zu heilen und die Vergangenheit loszulassen. Vergebung bringt Heilung und Frieden.<\/p>\n<p>Die <strong>Meditation f\u00fcr einen erholsamen Schlaf<\/strong> hilft ruhig und entspannt einzuschlafen und eine gute und erholsame Nacht zu haben.<\/p>\n<!--[if lt IE 9]><script>document.createElement('audio');<\/script><![endif]-->\n<audio class=\"wp-audio-shortcode\" id=\"audio-8549-1\" preload=\"none\" style=\"width: 100%;\" controls=\"controls\"><source type=\"audio\/mpeg\" src=\"http:\/\/www.energy-healing-ghata.com\/wp-content\/uploads\/2014\/04\/Meditationen-mit-Goldenem-Licht_sample-streaming.mp3?_=1\" \/><a href=\"http:\/\/www.energy-healing-ghata.com\/wp-content\/uploads\/2014\/04\/Meditationen-mit-Goldenem-Licht_sample-streaming.mp3\">http:\/\/www.energy-healing-ghata.com\/wp-content\/uploads\/2014\/04\/Meditationen-mit-Goldenem-Licht_sample-streaming.mp3<\/a><\/audio>\n","protected":false},"excerpt":{"rendered":"<p>Die CD Meditationen mit Goldenem Licht enth\u00e4lt 4 verschiedene Mediationen Sie sind alle nicht zu lang, so da\u00df man sie\u00a0ganz einfach zwischendurch machen kann, ohne gleich eine ganze Stunde Zeit veranschlagen zu m\u00fcssen. &nbsp; Die Goldene Lichtmeditaion ist eine wundersch\u00f6ne Enspannungsmeditation f\u00fcr alle m\u00f6glichen Gelegenheiten. Die Meditation f\u00fcr einen gesch\u00fctzten und kraftvollen Tag ist eine [&hellip;]<\/p>\n","protected":false},"featured_media":2670,"comment_status":"closed","ping_status":"closed","template":"","meta":{"_et_pb_use_builder":"","_et_pb_old_content":"","_et_gb_content_width":""},"product_brand":[],"product_cat":[63],"product_tag":[],"class_list":{"0":"post-8549","1":"product","2":"type-product","3":"status-publish","4":"has-post-thumbnail","6":"product_cat-uncategorized-de","8":"first","9":"instock","10":"shipping-taxable","11":"purchasable","12":"product-type-simple"},"yoast_head":"<!-- This site is optimized with the Yoast SEO plugin v27.3 - https:\/\/yoast.com\/product\/yoast-seo-wordpress\/ -->\n<title>Meditationen mit Goldenem Licht CD - Energy Healing with Ghata<\/title>\n<meta name=\"description\" content=\"4 sanfte Meditationen mit goldenem Licht: f\u00fcr Entspannung, einen gesch\u00fctzten und kraftvollen Tag, zur Vergebung und f\u00fcr einen erholsamen Schlaf.\" \/>\n<meta name=\"robots\" content=\"index, follow, max-snippet:-1, max-image-preview:large, max-video-preview:-1\" \/>\n<link rel=\"canonical\" href=\"https:\/\/www.energy-healing-ghata.com\/de\/produkt\/meditationen-mit-goldenem-licht-cd\/\" \/>\n<meta property=\"og:locale\" content=\"de_DE\" \/>\n<meta property=\"og:type\" content=\"article\" \/>\n<meta property=\"og:title\" content=\"Meditationen mit Goldenem Licht CD - Energy Healing with Ghata\" \/>\n<meta property=\"og:description\" content=\"4 sanfte Meditationen mit goldenem Licht: f\u00fcr Entspannung, einen gesch\u00fctzten und kraftvollen Tag, zur Vergebung und f\u00fcr einen erholsamen Schlaf.\" \/>\n<meta property=\"og:url\" content=\"https:\/\/www.energy-healing-ghata.com\/de\/produkt\/meditationen-mit-goldenem-licht-cd\/\" \/>\n<meta property=\"og:site_name\" content=\"Energy Healing with Ghata\" \/>\n<meta property=\"article:modified_time\" content=\"2019-12-22T02:20:40+00:00\" \/>\n<meta property=\"og:image\" content=\"https:\/\/www.energy-healing-ghata.com\/wp-content\/uploads\/2014\/04\/Medi-golden-light-thumb.jpg\" \/>\n\t<meta property=\"og:image:width\" content=\"655\" \/>\n\t<meta property=\"og:image:height\" content=\"653\" \/>\n\t<meta property=\"og:image:type\" content=\"image\/jpeg\" \/>\n<meta name=\"twitter:label1\" content=\"Gesch\u00e4tzte Lesezeit\" \/>\n\t<meta name=\"twitter:data1\" content=\"1\u00a0Minute\" \/>\n<script type=\"application\/ld+json\" class=\"yoast-schema-graph\">{\"@context\":\"https:\\\/\\\/schema.org\",\"@graph\":[{\"@type\":\"WebPage\",\"@id\":\"https:\\\/\\\/www.energy-healing-ghata.com\\\/de\\\/produkt\\\/meditationen-mit-goldenem-licht-cd\\\/\",\"url\":\"https:\\\/\\\/www.energy-healing-ghata.com\\\/de\\\/produkt\\\/meditationen-mit-goldenem-licht-cd\\\/\",\"name\":\"Meditationen mit Goldenem Licht CD - Energy Healing with Ghata\",\"isPartOf\":{\"@id\":\"https:\\\/\\\/www.energy-healing-ghata.com\\\/#website\"},\"primaryImageOfPage\":{\"@id\":\"https:\\\/\\\/www.energy-healing-ghata.com\\\/de\\\/produkt\\\/meditationen-mit-goldenem-licht-cd\\\/#primaryimage\"},\"image\":{\"@id\":\"https:\\\/\\\/www.energy-healing-ghata.com\\\/de\\\/produkt\\\/meditationen-mit-goldenem-licht-cd\\\/#primaryimage\"},\"thumbnailUrl\":\"https:\\\/\\\/www.energy-healing-ghata.com\\\/wp-content\\\/uploads\\\/2014\\\/04\\\/Medi-golden-light-thumb.jpg\",\"datePublished\":\"2019-12-18T03:18:09+00:00\",\"dateModified\":\"2019-12-22T02:20:40+00:00\",\"description\":\"4 sanfte Meditationen mit goldenem Licht: f\u00fcr Entspannung, einen gesch\u00fctzten und kraftvollen Tag, zur Vergebung und f\u00fcr einen erholsamen Schlaf.\",\"breadcrumb\":{\"@id\":\"https:\\\/\\\/www.energy-healing-ghata.com\\\/de\\\/produkt\\\/meditationen-mit-goldenem-licht-cd\\\/#breadcrumb\"},\"inLanguage\":\"de\",\"potentialAction\":[{\"@type\":\"ReadAction\",\"target\":[\"https:\\\/\\\/www.energy-healing-ghata.com\\\/de\\\/produkt\\\/meditationen-mit-goldenem-licht-cd\\\/\"]}]},{\"@type\":\"ImageObject\",\"inLanguage\":\"de\",\"@id\":\"https:\\\/\\\/www.energy-healing-ghata.com\\\/de\\\/produkt\\\/meditationen-mit-goldenem-licht-cd\\\/#primaryimage\",\"url\":\"https:\\\/\\\/www.energy-healing-ghata.com\\\/wp-content\\\/uploads\\\/2014\\\/04\\\/Medi-golden-light-thumb.jpg\",\"contentUrl\":\"https:\\\/\\\/www.energy-healing-ghata.com\\\/wp-content\\\/uploads\\\/2014\\\/04\\\/Medi-golden-light-thumb.jpg\",\"width\":655,\"height\":653},{\"@type\":\"BreadcrumbList\",\"@id\":\"https:\\\/\\\/www.energy-healing-ghata.com\\\/de\\\/produkt\\\/meditationen-mit-goldenem-licht-cd\\\/#breadcrumb\",\"itemListElement\":[{\"@type\":\"ListItem\",\"position\":1,\"name\":\"Home\",\"item\":\"https:\\\/\\\/www.energy-healing-ghata.com\\\/de\\\/\"},{\"@type\":\"ListItem\",\"position\":2,\"name\":\"Shop\",\"item\":\"https:\\\/\\\/www.energy-healing-ghata.com\\\/de\\\/shop\\\/\"},{\"@type\":\"ListItem\",\"position\":3,\"name\":\"Meditationen mit Goldenem Licht CD\"}]},{\"@type\":\"WebSite\",\"@id\":\"https:\\\/\\\/www.energy-healing-ghata.com\\\/#website\",\"url\":\"https:\\\/\\\/www.energy-healing-ghata.com\\\/\",\"name\":\"Energy Healing with Ghata\",\"description\":\"Spirit of Light\",\"potentialAction\":[{\"@type\":\"SearchAction\",\"target\":{\"@type\":\"EntryPoint\",\"urlTemplate\":\"https:\\\/\\\/www.energy-healing-ghata.com\\\/?s={search_term_string}\"},\"query-input\":{\"@type\":\"PropertyValueSpecification\",\"valueRequired\":true,\"valueName\":\"search_term_string\"}}],\"inLanguage\":\"de\"}]}<\/script>\n<!-- \/ Yoast SEO plugin. -->","yoast_head_json":{"title":"Meditationen mit Goldenem Licht CD - Energy Healing with Ghata","description":"4 sanfte Meditationen mit goldenem Licht: f\u00fcr Entspannung, einen gesch\u00fctzten und kraftvollen Tag, zur Vergebung und f\u00fcr einen erholsamen Schlaf.","robots":{"index":"index","follow":"follow","max-snippet":"max-snippet:-1","max-image-preview":"max-image-preview:large","max-video-preview":"max-video-preview:-1"},"canonical":"https:\/\/www.energy-healing-ghata.com\/de\/produkt\/meditationen-mit-goldenem-licht-cd\/","og_locale":"de_DE","og_type":"article","og_title":"Meditationen mit Goldenem Licht CD - Energy Healing with Ghata","og_description":"4 sanfte Meditationen mit goldenem Licht: f\u00fcr Entspannung, einen gesch\u00fctzten und kraftvollen Tag, zur Vergebung und f\u00fcr einen erholsamen Schlaf.","og_url":"https:\/\/www.energy-healing-ghata.com\/de\/produkt\/meditationen-mit-goldenem-licht-cd\/","og_site_name":"Energy Healing with Ghata","article_modified_time":"2019-12-22T02:20:40+00:00","og_image":[{"width":655,"height":653,"url":"https:\/\/www.energy-healing-ghata.com\/wp-content\/uploads\/2014\/04\/Medi-golden-light-thumb.jpg","type":"image\/jpeg"}],"twitter_misc":{"Gesch\u00e4tzte Lesezeit":"1\u00a0Minute"},"schema":{"@context":"https:\/\/schema.org","@graph":[{"@type":"WebPage","@id":"https:\/\/www.energy-healing-ghata.com\/de\/produkt\/meditationen-mit-goldenem-licht-cd\/","url":"https:\/\/www.energy-healing-ghata.com\/de\/produkt\/meditationen-mit-goldenem-licht-cd\/","name":"Meditationen mit Goldenem Licht CD - Energy Healing with Ghata","isPartOf":{"@id":"https:\/\/www.energy-healing-ghata.com\/#website"},"primaryImageOfPage":{"@id":"https:\/\/www.energy-healing-ghata.com\/de\/produkt\/meditationen-mit-goldenem-licht-cd\/#primaryimage"},"image":{"@id":"https:\/\/www.energy-healing-ghata.com\/de\/produkt\/meditationen-mit-goldenem-licht-cd\/#primaryimage"},"thumbnailUrl":"https:\/\/www.energy-healing-ghata.com\/wp-content\/uploads\/2014\/04\/Medi-golden-light-thumb.jpg","datePublished":"2019-12-18T03:18:09+00:00","dateModified":"2019-12-22T02:20:40+00:00","description":"4 sanfte Meditationen mit goldenem Licht: f\u00fcr Entspannung, einen gesch\u00fctzten und kraftvollen Tag, zur Vergebung und f\u00fcr einen erholsamen Schlaf.","breadcrumb":{"@id":"https:\/\/www.energy-healing-ghata.com\/de\/produkt\/meditationen-mit-goldenem-licht-cd\/#breadcrumb"},"inLanguage":"de","potentialAction":[{"@type":"ReadAction","target":["https:\/\/www.energy-healing-ghata.com\/de\/produkt\/meditationen-mit-goldenem-licht-cd\/"]}]},{"@type":"ImageObject","inLanguage":"de","@id":"https:\/\/www.energy-healing-ghata.com\/de\/produkt\/meditationen-mit-goldenem-licht-cd\/#primaryimage","url":"https:\/\/www.energy-healing-ghata.com\/wp-content\/uploads\/2014\/04\/Medi-golden-light-thumb.jpg","contentUrl":"https:\/\/www.energy-healing-ghata.com\/wp-content\/uploads\/2014\/04\/Medi-golden-light-thumb.jpg","width":655,"height":653},{"@type":"BreadcrumbList","@id":"https:\/\/www.energy-healing-ghata.com\/de\/produkt\/meditationen-mit-goldenem-licht-cd\/#breadcrumb","itemListElement":[{"@type":"ListItem","position":1,"name":"Home","item":"https:\/\/www.energy-healing-ghata.com\/de\/"},{"@type":"ListItem","position":2,"name":"Shop","item":"https:\/\/www.energy-healing-ghata.com\/de\/shop\/"},{"@type":"ListItem","position":3,"name":"Meditationen mit Goldenem Licht CD"}]},{"@type":"WebSite","@id":"https:\/\/www.energy-healing-ghata.com\/#website","url":"https:\/\/www.energy-healing-ghata.com\/","name":"Energy Healing with Ghata","description":"Spirit of Light","potentialAction":[{"@type":"SearchAction","target":{"@type":"EntryPoint","urlTemplate":"https:\/\/www.energy-healing-ghata.com\/?s={search_term_string}"},"query-input":{"@type":"PropertyValueSpecification","valueRequired":true,"valueName":"search_term_string"}}],"inLanguage":"de"}]}},"jetpack_sharing_enabled":true,"_links":{"self":[{"href":"https:\/\/www.energy-healing-ghata.com\/de\/wp-json\/wp\/v2\/product\/8549","targetHints":{"allow":["GET"]}}],"collection":[{"href":"https:\/\/www.energy-healing-ghata.com\/de\/wp-json\/wp\/v2\/product"}],"about":[{"href":"https:\/\/www.energy-healing-ghata.com\/de\/wp-json\/wp\/v2\/types\/product"}],"replies":[{"embeddable":true,"href":"https:\/\/www.energy-healing-ghata.com\/de\/wp-json\/wp\/v2\/comments?post=8549"}],"wp:featuredmedia":[{"embeddable":true,"href":"https:\/\/www.energy-healing-ghata.com\/de\/wp-json\/wp\/v2\/media\/2670"}],"wp:attachment":[{"href":"https:\/\/www.energy-healing-ghata.com\/de\/wp-json\/wp\/v2\/media?parent=8549"}],"wp:term":[{"taxonomy":"product_brand","embeddable":true,"href":"https:\/\/www.energy-healing-ghata.com\/de\/wp-json\/wp\/v2\/product_brand?post=8549"},{"taxonomy":"product_cat","embeddable":true,"href":"https:\/\/www.energy-healing-ghata.com\/de\/wp-json\/wp\/v2\/product_cat?post=8549"},{"taxonomy":"product_tag","embeddable":true,"href":"https:\/\/www.energy-healing-ghata.com\/de\/wp-json\/wp\/v2\/product_tag?post=8549"}],"curies":[{"name":"wp","href":"https:\/\/api.w.org\/{rel}","templated":true}]}}