{"id":8553,"date":"2019-12-18T03:57:20","date_gmt":"2019-12-18T03:57:20","guid":{"rendered":"https:\/\/www.energy-healing-ghata.com\/?post_type=product&#038;p=8553"},"modified":"2019-12-22T02:16:55","modified_gmt":"2019-12-22T02:16:55","slug":"3-heilungsmeditationen-mp3-herunterladen","status":"publish","type":"product","link":"https:\/\/www.energy-healing-ghata.com\/de\/produkt\/3-heilungsmeditationen-mp3-herunterladen\/","title":{"rendered":"3 Heilungsmeditationen mp3 Herunterladen"},"content":{"rendered":"<!--[if lt IE 9]><script>document.createElement('audio');<\/script><![endif]-->\n<audio class=\"wp-audio-shortcode\" id=\"audio-8553-1\" preload=\"none\" style=\"width: 100%;\" controls=\"controls\"><source type=\"audio\/mpeg\" src=\"http:\/\/www.energy-healing-ghata.com\/wp-content\/uploads\/2014\/04\/3-Heilungs-Meditationen_sample-streaming1.mp3?_=1\" \/><a href=\"http:\/\/www.energy-healing-ghata.com\/wp-content\/uploads\/2014\/04\/3-Heilungs-Meditationen_sample-streaming1.mp3\">http:\/\/www.energy-healing-ghata.com\/wp-content\/uploads\/2014\/04\/3-Heilungs-Meditationen_sample-streaming1.mp3<\/a><\/audio>\n<h2>3 Heilungsmeditationen<\/h2>\n<p>Diese CD beinhaltet 3 verschiedene Meditationen. Die Erdungsmeditation hilft uns ganz hier zu sein und uns zu verwurzeln. Wenn wir ganz geerdet sind k\u00f6nnen wir sowohl die energie und Kraft der Erde nutzen, als auch kosminsche Energien durch uns flie\u00dfen lassen und unsere sch\u00f6pfereichen M\u00f6glichkeiten entfalten. Die Selbstheilungsmeditation ist eine kurze Meditation zum t\u00e4glichen Gebrauch bei k\u00f6rperlichen Problemen. Die Weltheilungsmeditation ist eine Meditation zur Unters\u00fctzung und Heilung der Erde.<\/p>\n<p><strong>L\u00e4nge der CD ist 70.07 Minuten<\/strong><\/p>\n<ol>\n<li>Einf\u00fchrung 2.05<\/li>\n<li>Erkl\u00e4rung zur Wahrnehmung 2.12<\/li>\n<li>Atmen und F\u00fchlen 1.00<\/li>\n<li>Erdheilungsmeditation 27.40<\/li>\n<li>Selbstheilungsmeditation 16.40<\/li>\n<li>Weltheilungsmeditation 21.10<\/li>\n<\/ol>\n","protected":false},"excerpt":{"rendered":"<p>Diese mp3 enth\u00e4lt 3 verschiedene Heilungsmeditationen: Erdungsmeditation, Selbstheilungsmeditation und Weltheilungsmeditation.<\/p>\n","protected":false},"featured_media":3041,"comment_status":"open","ping_status":"closed","template":"","meta":{"_et_pb_use_builder":"","_et_pb_old_content":"","_et_gb_content_width":""},"product_brand":[],"product_cat":[41],"product_tag":[],"class_list":{"0":"post-8553","1":"product","2":"type-product","3":"status-publish","4":"has-post-thumbnail","6":"product_cat-unkategorisiert","8":"first","9":"instock","10":"downloadable","11":"virtual","12":"taxable","13":"purchasable","14":"product-type-simple"},"yoast_head":"<!-- This site is optimized with the Yoast SEO plugin v27.3 - https:\/\/yoast.com\/product\/yoast-seo-wordpress\/ -->\n<title>3 Heilungsmeditationen mp3 Herunterladen - Energy Healing with Ghata<\/title>\n<meta name=\"description\" content=\"3 wunderbare Heilungsmeditationen: Meditation zur Unterst\u00fctzung von Erdung, Meditation f\u00fcr Selbstheilung und Meditation f\u00fcr die Heilung der Welt.\" \/>\n<meta name=\"robots\" content=\"index, follow, max-snippet:-1, max-image-preview:large, max-video-preview:-1\" \/>\n<link rel=\"canonical\" href=\"https:\/\/www.energy-healing-ghata.com\/de\/produkt\/3-heilungsmeditationen-mp3-herunterladen\/\" \/>\n<meta property=\"og:locale\" content=\"de_DE\" \/>\n<meta property=\"og:type\" content=\"article\" \/>\n<meta property=\"og:title\" content=\"3 Heilungsmeditationen mp3 Herunterladen - Energy Healing with Ghata\" \/>\n<meta property=\"og:description\" content=\"3 wunderbare Heilungsmeditationen: Meditation zur Unterst\u00fctzung von Erdung, Meditation f\u00fcr Selbstheilung und Meditation f\u00fcr die Heilung der Welt.\" \/>\n<meta property=\"og:url\" content=\"https:\/\/www.energy-healing-ghata.com\/de\/produkt\/3-heilungsmeditationen-mp3-herunterladen\/\" \/>\n<meta property=\"og:site_name\" content=\"Energy Healing with Ghata\" \/>\n<meta property=\"article:modified_time\" content=\"2019-12-22T02:16:55+00:00\" \/>\n<meta property=\"og:image\" content=\"https:\/\/www.energy-healing-ghata.com\/wp-content\/uploads\/2014\/04\/Wurzel-Meditation-v2_dwnlmp3.jpg\" \/>\n\t<meta property=\"og:image:width\" content=\"1536\" \/>\n\t<meta property=\"og:image:height\" content=\"1332\" \/>\n\t<meta property=\"og:image:type\" content=\"image\/jpeg\" \/>\n<meta name=\"twitter:label1\" content=\"Gesch\u00e4tzte Lesezeit\" \/>\n\t<meta name=\"twitter:data1\" content=\"1\u00a0Minute\" \/>\n<script type=\"application\/ld+json\" class=\"yoast-schema-graph\">{\"@context\":\"https:\\\/\\\/schema.org\",\"@graph\":[{\"@type\":\"WebPage\",\"@id\":\"https:\\\/\\\/www.energy-healing-ghata.com\\\/de\\\/produkt\\\/3-heilungsmeditationen-mp3-herunterladen\\\/\",\"url\":\"https:\\\/\\\/www.energy-healing-ghata.com\\\/de\\\/produkt\\\/3-heilungsmeditationen-mp3-herunterladen\\\/\",\"name\":\"3 Heilungsmeditationen mp3 Herunterladen - Energy Healing with Ghata\",\"isPartOf\":{\"@id\":\"https:\\\/\\\/www.energy-healing-ghata.com\\\/#website\"},\"primaryImageOfPage\":{\"@id\":\"https:\\\/\\\/www.energy-healing-ghata.com\\\/de\\\/produkt\\\/3-heilungsmeditationen-mp3-herunterladen\\\/#primaryimage\"},\"image\":{\"@id\":\"https:\\\/\\\/www.energy-healing-ghata.com\\\/de\\\/produkt\\\/3-heilungsmeditationen-mp3-herunterladen\\\/#primaryimage\"},\"thumbnailUrl\":\"https:\\\/\\\/www.energy-healing-ghata.com\\\/wp-content\\\/uploads\\\/2014\\\/04\\\/Wurzel-Meditation-v2_dwnlmp3.jpg\",\"datePublished\":\"2019-12-18T03:57:20+00:00\",\"dateModified\":\"2019-12-22T02:16:55+00:00\",\"description\":\"3 wunderbare Heilungsmeditationen: Meditation zur Unterst\u00fctzung von Erdung, Meditation f\u00fcr Selbstheilung und Meditation f\u00fcr die Heilung der Welt.\",\"breadcrumb\":{\"@id\":\"https:\\\/\\\/www.energy-healing-ghata.com\\\/de\\\/produkt\\\/3-heilungsmeditationen-mp3-herunterladen\\\/#breadcrumb\"},\"inLanguage\":\"de\",\"potentialAction\":[{\"@type\":\"ReadAction\",\"target\":[\"https:\\\/\\\/www.energy-healing-ghata.com\\\/de\\\/produkt\\\/3-heilungsmeditationen-mp3-herunterladen\\\/\"]}]},{\"@type\":\"ImageObject\",\"inLanguage\":\"de\",\"@id\":\"https:\\\/\\\/www.energy-healing-ghata.com\\\/de\\\/produkt\\\/3-heilungsmeditationen-mp3-herunterladen\\\/#primaryimage\",\"url\":\"https:\\\/\\\/www.energy-healing-ghata.com\\\/wp-content\\\/uploads\\\/2014\\\/04\\\/Wurzel-Meditation-v2_dwnlmp3.jpg\",\"contentUrl\":\"https:\\\/\\\/www.energy-healing-ghata.com\\\/wp-content\\\/uploads\\\/2014\\\/04\\\/Wurzel-Meditation-v2_dwnlmp3.jpg\",\"width\":1536,\"height\":1332,\"caption\":\"3 Heilungsmeditationen mp3 herunterladen\"},{\"@type\":\"BreadcrumbList\",\"@id\":\"https:\\\/\\\/www.energy-healing-ghata.com\\\/de\\\/produkt\\\/3-heilungsmeditationen-mp3-herunterladen\\\/#breadcrumb\",\"itemListElement\":[{\"@type\":\"ListItem\",\"position\":1,\"name\":\"Home\",\"item\":\"https:\\\/\\\/www.energy-healing-ghata.com\\\/de\\\/\"},{\"@type\":\"ListItem\",\"position\":2,\"name\":\"Shop\",\"item\":\"https:\\\/\\\/www.energy-healing-ghata.com\\\/de\\\/shop\\\/\"},{\"@type\":\"ListItem\",\"position\":3,\"name\":\"3 Heilungsmeditationen mp3 Herunterladen\"}]},{\"@type\":\"WebSite\",\"@id\":\"https:\\\/\\\/www.energy-healing-ghata.com\\\/#website\",\"url\":\"https:\\\/\\\/www.energy-healing-ghata.com\\\/\",\"name\":\"Energy Healing with Ghata\",\"description\":\"Spirit of Light\",\"potentialAction\":[{\"@type\":\"SearchAction\",\"target\":{\"@type\":\"EntryPoint\",\"urlTemplate\":\"https:\\\/\\\/www.energy-healing-ghata.com\\\/?s={search_term_string}\"},\"query-input\":{\"@type\":\"PropertyValueSpecification\",\"valueRequired\":true,\"valueName\":\"search_term_string\"}}],\"inLanguage\":\"de\"}]}<\/script>\n<!-- \/ Yoast SEO plugin. -->","yoast_head_json":{"title":"3 Heilungsmeditationen mp3 Herunterladen - Energy Healing with Ghata","description":"3 wunderbare Heilungsmeditationen: Meditation zur Unterst\u00fctzung von Erdung, Meditation f\u00fcr Selbstheilung und Meditation f\u00fcr die Heilung der Welt.","robots":{"index":"index","follow":"follow","max-snippet":"max-snippet:-1","max-image-preview":"max-image-preview:large","max-video-preview":"max-video-preview:-1"},"canonical":"https:\/\/www.energy-healing-ghata.com\/de\/produkt\/3-heilungsmeditationen-mp3-herunterladen\/","og_locale":"de_DE","og_type":"article","og_title":"3 Heilungsmeditationen mp3 Herunterladen - Energy Healing with Ghata","og_description":"3 wunderbare Heilungsmeditationen: Meditation zur Unterst\u00fctzung von Erdung, Meditation f\u00fcr Selbstheilung und Meditation f\u00fcr die Heilung der Welt.","og_url":"https:\/\/www.energy-healing-ghata.com\/de\/produkt\/3-heilungsmeditationen-mp3-herunterladen\/","og_site_name":"Energy Healing with Ghata","article_modified_time":"2019-12-22T02:16:55+00:00","og_image":[{"width":1536,"height":1332,"url":"https:\/\/www.energy-healing-ghata.com\/wp-content\/uploads\/2014\/04\/Wurzel-Meditation-v2_dwnlmp3.jpg","type":"image\/jpeg"}],"twitter_misc":{"Gesch\u00e4tzte Lesezeit":"1\u00a0Minute"},"schema":{"@context":"https:\/\/schema.org","@graph":[{"@type":"WebPage","@id":"https:\/\/www.energy-healing-ghata.com\/de\/produkt\/3-heilungsmeditationen-mp3-herunterladen\/","url":"https:\/\/www.energy-healing-ghata.com\/de\/produkt\/3-heilungsmeditationen-mp3-herunterladen\/","name":"3 Heilungsmeditationen mp3 Herunterladen - Energy Healing with Ghata","isPartOf":{"@id":"https:\/\/www.energy-healing-ghata.com\/#website"},"primaryImageOfPage":{"@id":"https:\/\/www.energy-healing-ghata.com\/de\/produkt\/3-heilungsmeditationen-mp3-herunterladen\/#primaryimage"},"image":{"@id":"https:\/\/www.energy-healing-ghata.com\/de\/produkt\/3-heilungsmeditationen-mp3-herunterladen\/#primaryimage"},"thumbnailUrl":"https:\/\/www.energy-healing-ghata.com\/wp-content\/uploads\/2014\/04\/Wurzel-Meditation-v2_dwnlmp3.jpg","datePublished":"2019-12-18T03:57:20+00:00","dateModified":"2019-12-22T02:16:55+00:00","description":"3 wunderbare Heilungsmeditationen: Meditation zur Unterst\u00fctzung von Erdung, Meditation f\u00fcr Selbstheilung und Meditation f\u00fcr die Heilung der Welt.","breadcrumb":{"@id":"https:\/\/www.energy-healing-ghata.com\/de\/produkt\/3-heilungsmeditationen-mp3-herunterladen\/#breadcrumb"},"inLanguage":"de","potentialAction":[{"@type":"ReadAction","target":["https:\/\/www.energy-healing-ghata.com\/de\/produkt\/3-heilungsmeditationen-mp3-herunterladen\/"]}]},{"@type":"ImageObject","inLanguage":"de","@id":"https:\/\/www.energy-healing-ghata.com\/de\/produkt\/3-heilungsmeditationen-mp3-herunterladen\/#primaryimage","url":"https:\/\/www.energy-healing-ghata.com\/wp-content\/uploads\/2014\/04\/Wurzel-Meditation-v2_dwnlmp3.jpg","contentUrl":"https:\/\/www.energy-healing-ghata.com\/wp-content\/uploads\/2014\/04\/Wurzel-Meditation-v2_dwnlmp3.jpg","width":1536,"height":1332,"caption":"3 Heilungsmeditationen mp3 herunterladen"},{"@type":"BreadcrumbList","@id":"https:\/\/www.energy-healing-ghata.com\/de\/produkt\/3-heilungsmeditationen-mp3-herunterladen\/#breadcrumb","itemListElement":[{"@type":"ListItem","position":1,"name":"Home","item":"https:\/\/www.energy-healing-ghata.com\/de\/"},{"@type":"ListItem","position":2,"name":"Shop","item":"https:\/\/www.energy-healing-ghata.com\/de\/shop\/"},{"@type":"ListItem","position":3,"name":"3 Heilungsmeditationen mp3 Herunterladen"}]},{"@type":"WebSite","@id":"https:\/\/www.energy-healing-ghata.com\/#website","url":"https:\/\/www.energy-healing-ghata.com\/","name":"Energy Healing with Ghata","description":"Spirit of Light","potentialAction":[{"@type":"SearchAction","target":{"@type":"EntryPoint","urlTemplate":"https:\/\/www.energy-healing-ghata.com\/?s={search_term_string}"},"query-input":{"@type":"PropertyValueSpecification","valueRequired":true,"valueName":"search_term_string"}}],"inLanguage":"de"}]}},"jetpack_sharing_enabled":true,"_links":{"self":[{"href":"https:\/\/www.energy-healing-ghata.com\/de\/wp-json\/wp\/v2\/product\/8553","targetHints":{"allow":["GET"]}}],"collection":[{"href":"https:\/\/www.energy-healing-ghata.com\/de\/wp-json\/wp\/v2\/product"}],"about":[{"href":"https:\/\/www.energy-healing-ghata.com\/de\/wp-json\/wp\/v2\/types\/product"}],"replies":[{"embeddable":true,"href":"https:\/\/www.energy-healing-ghata.com\/de\/wp-json\/wp\/v2\/comments?post=8553"}],"wp:featuredmedia":[{"embeddable":true,"href":"https:\/\/www.energy-healing-ghata.com\/de\/wp-json\/wp\/v2\/media\/3041"}],"wp:attachment":[{"href":"https:\/\/www.energy-healing-ghata.com\/de\/wp-json\/wp\/v2\/media?parent=8553"}],"wp:term":[{"taxonomy":"product_brand","embeddable":true,"href":"https:\/\/www.energy-healing-ghata.com\/de\/wp-json\/wp\/v2\/product_brand?post=8553"},{"taxonomy":"product_cat","embeddable":true,"href":"https:\/\/www.energy-healing-ghata.com\/de\/wp-json\/wp\/v2\/product_cat?post=8553"},{"taxonomy":"product_tag","embeddable":true,"href":"https:\/\/www.energy-healing-ghata.com\/de\/wp-json\/wp\/v2\/product_tag?post=8553"}],"curies":[{"name":"wp","href":"https:\/\/api.w.org\/{rel}","templated":true}]}}